{"id":27,"date":"2020-02-16T16:32:07","date_gmt":"2020-02-16T16:32:07","guid":{"rendered":"http:\/\/leidhecker-heim-spiel.de\/?page_id=27"},"modified":"2020-02-16T16:32:07","modified_gmt":"2020-02-16T16:32:07","slug":"datenschutzerklaerung","status":"publish","type":"page","link":"http:\/\/leidhecker-heim-spiel.de\/?page_id=27","title":{"rendered":"Datenschutzerkl\u00e4rung"},"content":{"rendered":"\n<p><strong>Anbieter und\nverantwortliche Stelle im Sinne des Datenschutzgesetzes<\/strong><\/p>\n\n\n\n<p>Leidhecker-heim-spiel<\/p>\n\n\n\n<p>Marcus Denig<\/p>\n\n\n\n<p>Birkenstrasse 4<\/p>\n\n\n\n<p>61197 Florstadt<\/p>\n\n\n\n<p><strong>Geltungsbereich<\/strong><\/p>\n\n\n\n<p>Nutzer erhalten mit dieser Datenschutzerkl\u00e4rung\nInformation \u00fcber die Art, den Umfang und Zweck der Erhebung und Verwendung\nihrer Daten durch den verantwortlichen Anbieter erhoben und verwendet werden.<\/p>\n\n\n\n<p>Den rechtlichen Rahmen f\u00fcr den Datenschutz bilden das\nBundesdatenschutzgesetz (BDSG) und das Telemediengesetz (TMG).<\/p>\n\n\n\n<p><strong>Erfassung allgemeiner\nInformationen<\/strong><\/p>\n\n\n\n<p>Mit jedem Zugriff auf dieses Angebot werden durch uns\nbzw. den Webspace-Provider automatisch Informationen erfasst. Diese\nInformationen, auch als Server-Logfiles bezeichnet, sind allgemeiner Natur und\nerlauben keine R\u00fcckschl\u00fcsse auf Ihre Person.<\/p>\n\n\n\n<p>Erfasst werden unter anderem: Name der Webseite, Datei,\nDatum, Datenmenge, Webbrowser und Webbrowser-Version, Betriebssystem, der\nDomainname Ihres Internet-Providers, die sogenannte Referrer-URL (jene Seite,\nvon der aus Sie auf unser Angebot zugegriffen haben) und die IP-Adresse.<\/p>\n\n\n\n<p>Ohne diese Daten w\u00e4re es technisch teils nicht m\u00f6glich,\ndie Inhalte der Webseite auszuliefern und darzustellen. Insofern ist die\nErfassung der Daten zwingend notwendig. Dar\u00fcber hinaus verwenden wir die\nanonymen Informationen f\u00fcr statistische Zwecke. Sie helfen uns bei der\nOptimierung des Angebots und der Technik. Wir behalten uns zudem das Recht vor,\ndie Log-Files bei Verdacht auf eine rechtswidrige Nutzung unseres Angebotes\nnachtr\u00e4glich zu kontrollieren.<\/p>\n\n\n\n<p><strong>Kommentarfunktion<\/strong><\/p>\n\n\n\n<p>Werden Kommentare oder sonstige Beitr\u00e4ge auf unserem\nAngebot verfasst und ver\u00f6ffentlicht, speichern wir die IP-Adresse, den\nNutzernamen und den Zeitpunkt der Erstellung. Diese Daten werden aus\nSicherheitsgr\u00fcnden erhoben, da der Anbieter f\u00fcr rechtswidrige Inhalte\n(verbotene Propaganda, Beleidigungen u.a.) belangt werden kann, auch wenn sie\nvon dritter Seite erstellt wurden. In einem solchen Fall dienen die\nInformationen dazu, die Identit\u00e4t des Verfassers zu ermitteln.<\/p>\n\n\n\n<p><strong>Kommentarabonnement<\/strong><\/p>\n\n\n\n<p>Wenn Nutzer dieses Angebots Nachfolgekommentare\nabonnieren, erhalten sie eine Best\u00e4tigungsmail. Mit dieser E-Mail stellen wir\nsicher, dass der Nutzer auch tats\u00e4chlich Inhaber der genannten E-Mail-Adresse\nist. Sie haben jederzeit die M\u00f6glichkeit, das Kommentarabonnement zu beenden.\nHinweise dazu erhalten Sie zusammen mit der Best\u00e4tigungsmail.<\/p>\n\n\n\n<p><strong>Newsletter<\/strong><\/p>\n\n\n\n<p>Melden Sie sich f\u00fcr unseren Newsletter an, verwenden wir\ndie von Ihnen eingegebenen Daten ausschlie\u00dflich f\u00fcr diesen Zweck oder um sie\n\u00fcber die f\u00fcr diesen Dienst oder die Registrierung relevanten Umst\u00e4nde zu\ninformieren. Diese Daten geben wir nicht an Dritte weiter.<\/p>\n\n\n\n<p>F\u00fcr den Empfang des Newsletters bedarf es einer\nvaliden (g\u00fcltigen) E-Mail-Adresse. Gespeichert werden zudem die IP-Adresse,\n\u00fcber die Sie sich f\u00fcr den Newsletter anmelden und das Datum, an dem Sie den\nNewsletter bestellen. Diese Daten dienen uns als Nachweis bei Missbrauch, falls\neine fremde E-Mail-Adresse f\u00fcr den Newsletter angemeldet wird. Um dar\u00fcber\nhinaus sicherzustellen, dass eine E-Mail-Adresse nicht missbr\u00e4uchlich durch\nDritte in unseren Verteiler eingetragen wird, arbeiten wir gesetzeskonform mit\ndem sogenannten \u201eDouble-Opt-In\u201c-Verfahren. Im Rahmen dieses\nVerfahren werden die Bestellung des Newsletters, der Versand der\nBest\u00e4tigungsmail und der Erhalt der Anmeldebest\u00e4tigung protokolliert.<\/p>\n\n\n\n<p>Sie haben jederzeit die M\u00f6glichkeit, Ihre Einwilligung\nzur Speicherung der Daten, Ihrer E-Mail-Adresse und deren Nutzung f\u00fcr den\nNewsletter-Versand zu widerrufen. F\u00fcr den Widerruf stellen wir Ihnen in jedem\nNewsletter und auf der Webseite einen Link zur Verf\u00fcgung. Sie haben au\u00dferdem\ndie M\u00f6glichkeit, uns Ihren Widerrufswunsch \u00fcber die in diesem Dokument\ngenannten Kontaktm\u00f6glichkeiten mitzuteilen.<\/p>\n\n\n\n<p><strong>Kontaktformular<\/strong><\/p>\n\n\n\n<p>Wenn Sie uns \u00fcber das Onlineformular oder per E-Mail\nkontaktieren, speichern wir die von Ihnen gemachten Angaben, um Ihre Anfrage\nbeantworten und m\u00f6gliche Anschlussfragen stellen zu k\u00f6nnen.<\/p>\n\n\n\n<p><strong>Einbindung von Diensten\nund Inhalten Dritter<\/strong><\/p>\n\n\n\n<p>Unser Angebot umfasst mitunter Inhalte, Dienste\nund Leistungen anderer Anbieter. Das sind zum Beispiel Karten, die von\nGoogle-Maps zur Verf\u00fcgung gestellt werden, Videos von YouTube sowie Grafiken\nund Bilder anderer Webseiten. Damit diese Daten im Browser des Nutzers\naufgerufen und dargestellt werden k\u00f6nnen, ist die \u00dcbermittlung der IP-Adresse\nzwingend notwendig. Die Anbieter (im Folgenden als \u201eDritt-Anbieter\u201c\nbezeichnet) nehmen also die IP-Adresse des jeweiligen Nutzers wahr.<\/p>\n\n\n\n<p>Auch wenn wir bem\u00fcht sind, ausschlie\u00dflich Dritt-Anbieter\nzu nutzen, welche die IP-Adresse nur ben\u00f6tigen, um Inhalte ausliefern zu\nk\u00f6nnen, haben wir keinen Einfluss darauf, ob die IP-Adresse m\u00f6glicherweise\ngespeichert wird. Dieser Vorgang dient in dem Fall unter anderem statistischen\nZwecken. Sofern wir Kenntnis davon haben, dass die IP-Adresse gespeichert wird,\nweisen wir unsere Nutzer darauf hin.<\/p>\n\n\n\n<p><strong>Cookies<\/strong><\/p>\n\n\n\n<p>Diese Webseite verwendet sogenannte Cookies. Das sind\nTextdateien, die vom Server aus auf Ihrem Rechner gespeichert werden. Sie\nenthalten Informationen zum Browser, zur IP-Adresse, dem Betriebssystem und zur\nInternetverbindung. Diese Daten werden von uns nicht an Dritte weitergegeben\noder ohne ihre Zustimmung mit personenbezogenen Daten verkn\u00fcpft.<\/p>\n\n\n\n<p>Cookies erf\u00fcllen vor allem zwei Aufgaben. Sie helfen\nuns, Ihnen die Navigation durch unser Angebot zu erleichtern, und erm\u00f6glichen\ndie korrekte Darstellung der Webseite. Sie werden nicht dazu genutzt, Viren\neinzuschleusen oder Programme zu starten.<\/p>\n\n\n\n<p>Nutzer haben die M\u00f6glichkeit, unser\nAngebot auch ohne Cookies aufzurufen. Dazu m\u00fcssen im Browser die entsprechenden\nEinstellungen ge\u00e4ndert werden. Informieren Sie sich bitte \u00fcber die\nHilfsfunktion Ihres Browsers, wie Cookies deaktiviert werden. Wir weisen\nallerdings darauf hin, dass dadurch einige Funktionen dieser Webseite\nm\u00f6glicherweise beeintr\u00e4chtigt werden und der Nutzungskomfort eingeschr\u00e4nkt\nwird. Die Seiten <a href=\"http:\/\/www.aboutads.info\/choices\/\">http:\/\/www.aboutads.info\/choices\/<\/a> (USA) und <a href=\"http:\/\/www.youronlinechoices.com\/uk\/your-ad-choices\/\">http:\/\/www.youronlinechoices.com\/uk\/your-ad-choices\/<\/a> (Europa) erlauben es Ihnen, Online-Anzeigen-Cookies zu\nverwalten.<\/p>\n\n\n\n<p><strong>Verwendung von Google\nAnalytics<\/strong><\/p>\n\n\n\n<p>Diese Webseite benutzt Google Analytics, einen\nWebanalysedienst der Google Inc. (\u201cGoogle\u201d). Google Analytics verwendet sog.\n\u201cCookies\u201d, Textdateien, die auf Ihrem Computer gespeichert werden und die eine\nAnalyse der Benutzung der Webseite durch Sie erm\u00f6glichen. Die durch den Cookie\nerzeugten Informationen \u00fcber Ihre Benutzung dieser Webseite werden in der Regel\nan einen Server von Google in den USA \u00fcbertragen und dort gespeichert. Aufgrund\nder Aktivierung der IP-Anonymisierung auf diesen Webseiten, wird Ihre\nIP-Adresse von Google jedoch innerhalb von Mitgliedstaaten der Europ\u00e4ischen\nUnion oder in anderen Vertragsstaaten des Abkommens \u00fcber den Europ\u00e4ischen\nWirtschaftsraum zuvor gek\u00fcrzt. Nur in Ausnahmef\u00e4llen wird die volle IP-Adresse\nan einen Server von Google in den USA \u00fcbertragen und dort gek\u00fcrzt.<\/p>\n\n\n\n<p>Im Auftrag des Betreibers dieser Webseite wird Google\ndiese Informationen benutzen, um Ihre Nutzung der Webseite auszuwerten, um\nReports \u00fcber die Webseitenaktivit\u00e4ten zusammenzustellen und um weitere mit der\nWebseitennutzung und der Internetnutzung verbundene Dienstleistungen gegen\u00fcber\ndem Webseitenbetreiber zu erbringen. Die im Rahmen von Google Analytics von\nIhrem Browser \u00fcbermittelte IP-Adresse wird nicht mit anderen Daten von Google\nzusammengef\u00fchrt. Sie k\u00f6nnen die Speicherung der Cookies durch eine entsprechende\nEinstellung Ihrer Browser-Software verhindern. Wir weisen Sie jedoch darauf\nhin, dass Sie in diesem Fall gegebenenfalls nicht s\u00e4mtliche Funktionen dieser\nWebseite vollumf\u00e4nglich werden nutzen k\u00f6nnen.<\/p>\n\n\n\n<p>Sie k\u00f6nnen dar\u00fcber hinaus die Erfassung\nder durch das Cookie erzeugten und auf Ihre Nutzung der Webseite bezogenen\nDaten (inkl. Ihrer IP-Adresse) an Google sowie die Verarbeitung dieser Daten\ndurch Google verhindern, indem sie das unter dem folgenden Link verf\u00fcgbare\nBrowser-Plugin herunterladen und installieren: <a href=\"http:\/\/tools.google.com\/dlpage\/gaoptout?hl=de\">Browser Add On zur\nDeaktivierung von Google Analytics<\/a>.<\/p>\n\n\n\n<p>N\u00e4here Informationen zu\nNutzungsbedingungen und Datenschutz finden Sie unter <a href=\"http:\/\/www.google.com\/analytics\/terms\/de.html\">http:\/\/www.google.com\/analytics\/terms\/de.html<\/a> bzw. unter <a href=\"https:\/\/www.google.de\/intl\/de\/policies\/\">https:\/\/www.google.de\/intl\/de\/policies\/<\/a>.<\/p>\n\n\n\n<p><strong>Datensparsamkeit<\/strong><\/p>\n\n\n\n<p>Personenbezogene Daten speichern wir gem\u00e4\u00df den\nGrunds\u00e4tzen der Datenvermeidung und Datensparsamkeit nur so lange, wie es\nerforderlich ist oder vom Gesetzgeber her vorgeschrieben wird (gesetzliche\nSpeicherfrist). Entf\u00e4llt der Zweck der erhobenen Informationen oder endet die\nSpeicherfrist, sperren oder l\u00f6schen wir die Daten.<\/p>\n\n\n\n<p><strong>Ihre Rechte auf Auskunft,\nBerichtigung, Sperre, L\u00f6schung und Widerspruch<\/strong><\/p>\n\n\n\n<p>Sie haben das Recht, auf Antrag unentgeltlich eine\nAuskunft, \u00fcber die bei uns gespeicherten personenbezogenen Daten, anzufordern\nund\/oder eine Berichtigung, Sperrung oder L\u00f6schung zu verlangen. Ausnahmen: Es\nhandelt sich um die vorgeschriebene Datenspeicherung zur Gesch\u00e4ftsabwicklung\noder die Daten unterliegen der gesetzlichen Aufbewahrungspflicht.<\/p>\n\n\n\n<p>F\u00fcr diese Zwecke kontaktieren Sie bitte unseren\nDatenschutzbeauftragen (Kontaktdaten: am Ende der Datenschutzerkl\u00e4rung).<\/p>\n\n\n\n<p>Um eine Datensperre jederzeit ber\u00fccksichtigen zu k\u00f6nnen,\nist es erforderlich, die Daten f\u00fcr Kontrollzwecke in einer Sperrdatei\nvorzuhalten. Besteht keine gesetzliche Archivierungspflicht, k\u00f6nnen Sie auch\ndie L\u00f6schung der Daten verlangen. Anderenfalls sperren wir die Daten, sofern\nSie dies w\u00fcnschen.<\/p>\n\n\n\n<p><strong>\u00c4nderung unserer\nDatenschutzerkl\u00e4rung<\/strong><\/p>\n\n\n\n<p>Um zu gew\u00e4hrleisten, dass unsere Datenschutzerkl\u00e4rung\nstets den aktuellen gesetzlichen Vorgaben entspricht, behalten wir uns\njederzeit \u00c4nderungen vor. Das gilt auch f\u00fcr den Fall, dass die\nDatenschutzerkl\u00e4rung aufgrund neuer oder \u00fcberarbeiteter Leistungen, zum\nBeispiel neuer Serviceleistungen, angepasst werden muss. Die neue\nDatenschutzerkl\u00e4rung greift dann bei Ihrem n\u00e4chsten Besuch auf unserem Angebot.<\/p>\n\n\n\n<p>Quelle: Datenschutz-Konfigurator von <a href=\"http:\/\/www.mein-datenschutzbeauftragter.de\/\">mein-datenschutzbeauftragter.de<\/a><\/p>\n","protected":false},"excerpt":{"rendered":"<p>Anbieter und verantwortliche Stelle im Sinne des Datenschutzgesetzes Leidhecker-heim-spiel Marcus Denig Birkenstrasse 4 61197 Florstadt Geltungsbereich Nutzer erhalten mit dieser Datenschutzerkl\u00e4rung Information \u00fcber die Art, den Umfang und Zweck der Erhebung und Verwendung ihrer Daten durch den verantwortlichen Anbieter erhoben und verwendet werden. Den rechtlichen Rahmen f\u00fcr den Datenschutz bilden das Bundesdatenschutzgesetz (BDSG) und das &hellip; <\/p>\n<p class=\"link-more\"><a href=\"http:\/\/leidhecker-heim-spiel.de\/?page_id=27\" class=\"more-link\"><span class=\"screen-reader-text\">\u201eDatenschutzerkl\u00e4rung\u201c<\/span> weiterlesen<\/a><\/p>\n","protected":false},"author":1,"featured_media":0,"parent":0,"menu_order":0,"comment_status":"closed","ping_status":"closed","template":"","meta":{"footnotes":""},"class_list":["post-27","page","type-page","status-publish","hentry"],"_links":{"self":[{"href":"http:\/\/leidhecker-heim-spiel.de\/index.php?rest_route=\/wp\/v2\/pages\/27","targetHints":{"allow":["GET"]}}],"collection":[{"href":"http:\/\/leidhecker-heim-spiel.de\/index.php?rest_route=\/wp\/v2\/pages"}],"about":[{"href":"http:\/\/leidhecker-heim-spiel.de\/index.php?rest_route=\/wp\/v2\/types\/page"}],"author":[{"embeddable":true,"href":"http:\/\/leidhecker-heim-spiel.de\/index.php?rest_route=\/wp\/v2\/users\/1"}],"replies":[{"embeddable":true,"href":"http:\/\/leidhecker-heim-spiel.de\/index.php?rest_route=%2Fwp%2Fv2%2Fcomments&post=27"}],"version-history":[{"count":1,"href":"http:\/\/leidhecker-heim-spiel.de\/index.php?rest_route=\/wp\/v2\/pages\/27\/revisions"}],"predecessor-version":[{"id":28,"href":"http:\/\/leidhecker-heim-spiel.de\/index.php?rest_route=\/wp\/v2\/pages\/27\/revisions\/28"}],"wp:attachment":[{"href":"http:\/\/leidhecker-heim-spiel.de\/index.php?rest_route=%2Fwp%2Fv2%2Fmedia&parent=27"}],"curies":[{"name":"wp","href":"https:\/\/api.w.org\/{rel}","templated":true}]}}