{"id":482,"date":"2020-10-17T04:16:40","date_gmt":"2020-10-17T04:16:40","guid":{"rendered":"http:\/\/leidhecker-heim-spiel.de\/?page_id=482"},"modified":"2020-10-20T05:45:40","modified_gmt":"2020-10-20T05:45:40","slug":"spiel-lokal-22-25-10-20-abacusspiele","status":"publish","type":"page","link":"http:\/\/leidhecker-heim-spiel.de\/?page_id=482","title":{"rendered":"ABACUSSPIELE"},"content":{"rendered":"\n<div class=\"wp-block-media-text alignwide is-stacked-on-mobile\" style=\"grid-template-columns:37% auto\"><figure class=\"wp-block-media-text__media\"><img loading=\"lazy\" decoding=\"async\" width=\"1024\" height=\"591\" src=\"http:\/\/leidhecker-heim-spiel.de\/wp-content\/uploads\/2020\/10\/AbacusLogo_CMYK-1024x591.jpg\" alt=\"\" class=\"wp-image-463\" srcset=\"http:\/\/leidhecker-heim-spiel.de\/wp-content\/uploads\/2020\/10\/AbacusLogo_CMYK-1024x591.jpg 1024w, http:\/\/leidhecker-heim-spiel.de\/wp-content\/uploads\/2020\/10\/AbacusLogo_CMYK-300x173.jpg 300w, http:\/\/leidhecker-heim-spiel.de\/wp-content\/uploads\/2020\/10\/AbacusLogo_CMYK-768x443.jpg 768w, http:\/\/leidhecker-heim-spiel.de\/wp-content\/uploads\/2020\/10\/AbacusLogo_CMYK.jpg 1040w\" sizes=\"auto, (max-width: 767px) 89vw, (max-width: 1000px) 54vw, (max-width: 1071px) 543px, 580px\" \/><\/figure><div class=\"wp-block-media-text__content\">\n<p>ABACUSSPIELE hat uns ein gro\u00dfes Paket mit Neuheiten und Toptiteln aus dem letzten Jahr zur Verf\u00fcgung gestellt.<\/p>\n<\/div><\/div>\n\n\n\n<p><strong>Team3 gr\u00fcn und pink<\/strong><\/p>\n\n\n\n<div class=\"wp-block-media-text alignwide is-stacked-on-mobile is-vertically-aligned-top\" style=\"grid-template-columns:22% auto\"><figure class=\"wp-block-media-text__media\"><img loading=\"lazy\" decoding=\"async\" width=\"600\" height=\"600\" src=\"http:\/\/leidhecker-heim-spiel.de\/wp-content\/uploads\/2020\/10\/Team3pink_Bild01_Box3D_sRGB-600x600-1.png\" alt=\"\" class=\"wp-image-498\" srcset=\"http:\/\/leidhecker-heim-spiel.de\/wp-content\/uploads\/2020\/10\/Team3pink_Bild01_Box3D_sRGB-600x600-1.png 600w, http:\/\/leidhecker-heim-spiel.de\/wp-content\/uploads\/2020\/10\/Team3pink_Bild01_Box3D_sRGB-600x600-1-300x300.png 300w, http:\/\/leidhecker-heim-spiel.de\/wp-content\/uploads\/2020\/10\/Team3pink_Bild01_Box3D_sRGB-600x600-1-150x150.png 150w, http:\/\/leidhecker-heim-spiel.de\/wp-content\/uploads\/2020\/10\/Team3pink_Bild01_Box3D_sRGB-600x600-1-100x100.png 100w\" sizes=\"auto, (max-width: 600px) 100vw, 600px\" \/><\/figure><div class=\"wp-block-media-text__content\">\n<div class=\"wp-block-image\"><figure class=\"alignright size-large is-resized\"><img loading=\"lazy\" decoding=\"async\" src=\"http:\/\/leidhecker-heim-spiel.de\/wp-content\/uploads\/2020\/10\/Team3gruen_Bild01_Box3D_sRGB-1024x1024.png\" alt=\"\" class=\"wp-image-464\" width=\"165\" height=\"165\" srcset=\"http:\/\/leidhecker-heim-spiel.de\/wp-content\/uploads\/2020\/10\/Team3gruen_Bild01_Box3D_sRGB-1024x1024.png 1024w, http:\/\/leidhecker-heim-spiel.de\/wp-content\/uploads\/2020\/10\/Team3gruen_Bild01_Box3D_sRGB-300x300.png 300w, http:\/\/leidhecker-heim-spiel.de\/wp-content\/uploads\/2020\/10\/Team3gruen_Bild01_Box3D_sRGB-150x150.png 150w, http:\/\/leidhecker-heim-spiel.de\/wp-content\/uploads\/2020\/10\/Team3gruen_Bild01_Box3D_sRGB-768x768.png 768w, http:\/\/leidhecker-heim-spiel.de\/wp-content\/uploads\/2020\/10\/Team3gruen_Bild01_Box3D_sRGB-100x100.png 100w, http:\/\/leidhecker-heim-spiel.de\/wp-content\/uploads\/2020\/10\/Team3gruen_Bild01_Box3D_sRGB.png 1500w\" sizes=\"auto, (max-width: 165px) 100vw, 165px\" \/><\/figure><\/div>\n\n\n\n<p>\u201eNichts sagen, nichts h\u00f6ren, nichts sehen.\u201c<br>(frei nach einem japanischen Sprichwort)<\/p>\n\n\n\n<p class=\"has-text-align-left\">In TEAM3 muss jeweils ein Team aus 3 Spielern zusammen ein Geb\u00e4ude bauen. Doch wie soll das funktionieren, wenn: der Architekt, der den Bauplan kennt, nichts sagen darf; der Bauleiter, der beschreiben soll, was gemacht werden muss, nur einen wird gestikulierenden Architekten sieht und der Bauarbeiter, der das Geb\u00e4ude schlie\u00dflich bauen soll, gar nichts sehen kann? Die Antwort: Mit Teamwork, Chaos und jede Menge Spa\u00df!<\/p>\n\n\n\n<p class=\"has-small-font-size\"><strong>Spieleranzahl: <\/strong>3-6 <strong>Spieldauer:<\/strong>&nbsp; 30 Min <strong>Alter:<\/strong> 8+<\/p>\n<\/div><\/div>\n\n\n\n<p><strong>Fringers<\/strong><\/p>\n\n\n\n<div class=\"wp-block-media-text alignwide has-media-on-the-right is-stacked-on-mobile is-vertically-aligned-top\" style=\"grid-template-columns:auto 28%\"><figure class=\"wp-block-media-text__media\"><img loading=\"lazy\" decoding=\"async\" width=\"431\" height=\"600\" src=\"http:\/\/leidhecker-heim-spiel.de\/wp-content\/uploads\/2020\/10\/fringers3d.jpg\" alt=\"\" class=\"wp-image-591\" srcset=\"http:\/\/leidhecker-heim-spiel.de\/wp-content\/uploads\/2020\/10\/fringers3d.jpg 431w, http:\/\/leidhecker-heim-spiel.de\/wp-content\/uploads\/2020\/10\/fringers3d-216x300.jpg 216w\" sizes=\"auto, (max-width: 431px) 100vw, 431px\" \/><\/figure><div class=\"wp-block-media-text__content\">\n<p>Fringers ist ein actiongeladenes kooperatives Erlebnis. Ihr spielt alle zusammen als Team und m\u00fcsst die Ringe auf euren Fingern richtig anordnen, bevor die Zeit abl\u00e4uft. Doch ihr d\u00fcrft nur Ringe an euren linken Nachbarn weitergeben, w\u00e4hrend ihr gleichzeitig von eurem rechten Nachbarn \u2013 die hoffentlich richtigen \u2013 Ringe erhaltet.<br>Ein chaotischer Spa\u00df f\u00fcr kleine und gro\u00dfe Gruppen!<\/p>\n\n\n\n<p class=\"has-small-font-size\"><strong>Spieleranzahl: <\/strong>3-10 <strong>Spieldauer:<\/strong>&nbsp; 15 Min <strong>Alter:<\/strong> 8+<\/p>\n<\/div><\/div>\n\n\n\n<p><strong>Sherlock Far West<\/strong><\/p>\n\n\n\n<figure class=\"wp-block-gallery columns-3 is-cropped wp-block-gallery-1 is-layout-flex wp-block-gallery-is-layout-flex\"><ul class=\"blocks-gallery-grid\"><li class=\"blocks-gallery-item\"><figure><img loading=\"lazy\" decoding=\"async\" width=\"800\" height=\"800\" src=\"http:\/\/leidhecker-heim-spiel.de\/wp-content\/uploads\/2020\/10\/Sherlock-Far-West-\u2013-Der-Pakt-mit-dem-Teufel-1.jpg\" alt=\"\" data-id=\"440\" data-full-url=\"http:\/\/leidhecker-heim-spiel.de\/wp-content\/uploads\/2020\/10\/Sherlock-Far-West-\u2013-Der-Pakt-mit-dem-Teufel-1.jpg\" data-link=\"http:\/\/leidhecker-heim-spiel.de\/?attachment_id=440\" class=\"wp-image-440\" srcset=\"http:\/\/leidhecker-heim-spiel.de\/wp-content\/uploads\/2020\/10\/Sherlock-Far-West-\u2013-Der-Pakt-mit-dem-Teufel-1.jpg 800w, http:\/\/leidhecker-heim-spiel.de\/wp-content\/uploads\/2020\/10\/Sherlock-Far-West-\u2013-Der-Pakt-mit-dem-Teufel-1-300x300.jpg 300w, http:\/\/leidhecker-heim-spiel.de\/wp-content\/uploads\/2020\/10\/Sherlock-Far-West-\u2013-Der-Pakt-mit-dem-Teufel-1-150x150.jpg 150w, http:\/\/leidhecker-heim-spiel.de\/wp-content\/uploads\/2020\/10\/Sherlock-Far-West-\u2013-Der-Pakt-mit-dem-Teufel-1-768x768.jpg 768w, http:\/\/leidhecker-heim-spiel.de\/wp-content\/uploads\/2020\/10\/Sherlock-Far-West-\u2013-Der-Pakt-mit-dem-Teufel-1-100x100.jpg 100w\" sizes=\"auto, (max-width: 767px) 89vw, (max-width: 1000px) 54vw, (max-width: 1071px) 543px, 580px\" \/><figcaption class=\"blocks-gallery-item__caption\"> Der Pakt mir dem Teufel<\/figcaption><\/figure><\/li><li class=\"blocks-gallery-item\"><figure><img loading=\"lazy\" decoding=\"async\" width=\"800\" height=\"800\" src=\"http:\/\/leidhecker-heim-spiel.de\/wp-content\/uploads\/2020\/10\/Sherlock-Far-West-\u2013-Die-verfluchte-Mine-1.jpg\" alt=\"\" data-id=\"441\" data-full-url=\"http:\/\/leidhecker-heim-spiel.de\/wp-content\/uploads\/2020\/10\/Sherlock-Far-West-\u2013-Die-verfluchte-Mine-1.jpg\" data-link=\"http:\/\/leidhecker-heim-spiel.de\/?attachment_id=441\" class=\"wp-image-441\" srcset=\"http:\/\/leidhecker-heim-spiel.de\/wp-content\/uploads\/2020\/10\/Sherlock-Far-West-\u2013-Die-verfluchte-Mine-1.jpg 800w, http:\/\/leidhecker-heim-spiel.de\/wp-content\/uploads\/2020\/10\/Sherlock-Far-West-\u2013-Die-verfluchte-Mine-1-300x300.jpg 300w, http:\/\/leidhecker-heim-spiel.de\/wp-content\/uploads\/2020\/10\/Sherlock-Far-West-\u2013-Die-verfluchte-Mine-1-150x150.jpg 150w, http:\/\/leidhecker-heim-spiel.de\/wp-content\/uploads\/2020\/10\/Sherlock-Far-West-\u2013-Die-verfluchte-Mine-1-768x768.jpg 768w, http:\/\/leidhecker-heim-spiel.de\/wp-content\/uploads\/2020\/10\/Sherlock-Far-West-\u2013-Die-verfluchte-Mine-1-100x100.jpg 100w\" sizes=\"auto, (max-width: 767px) 89vw, (max-width: 1000px) 54vw, (max-width: 1071px) 543px, 580px\" \/><figcaption class=\"blocks-gallery-item__caption\">Die verfluchte Mine<\/figcaption><\/figure><\/li><li class=\"blocks-gallery-item\"><figure><img loading=\"lazy\" decoding=\"async\" width=\"800\" height=\"800\" src=\"http:\/\/leidhecker-heim-spiel.de\/wp-content\/uploads\/2020\/10\/Sherlock-Far-West-\u2013-Schuesse-im-Morgengrauen-1.jpg\" alt=\"\" data-id=\"435\" data-full-url=\"http:\/\/leidhecker-heim-spiel.de\/wp-content\/uploads\/2020\/10\/Sherlock-Far-West-\u2013-Schuesse-im-Morgengrauen-1.jpg\" data-link=\"http:\/\/leidhecker-heim-spiel.de\/?attachment_id=435\" class=\"wp-image-435\" srcset=\"http:\/\/leidhecker-heim-spiel.de\/wp-content\/uploads\/2020\/10\/Sherlock-Far-West-\u2013-Schuesse-im-Morgengrauen-1.jpg 800w, http:\/\/leidhecker-heim-spiel.de\/wp-content\/uploads\/2020\/10\/Sherlock-Far-West-\u2013-Schuesse-im-Morgengrauen-1-300x300.jpg 300w, http:\/\/leidhecker-heim-spiel.de\/wp-content\/uploads\/2020\/10\/Sherlock-Far-West-\u2013-Schuesse-im-Morgengrauen-1-150x150.jpg 150w, http:\/\/leidhecker-heim-spiel.de\/wp-content\/uploads\/2020\/10\/Sherlock-Far-West-\u2013-Schuesse-im-Morgengrauen-1-768x768.jpg 768w, http:\/\/leidhecker-heim-spiel.de\/wp-content\/uploads\/2020\/10\/Sherlock-Far-West-\u2013-Schuesse-im-Morgengrauen-1-100x100.jpg 100w\" sizes=\"auto, (max-width: 767px) 89vw, (max-width: 1000px) 54vw, (max-width: 1071px) 543px, 580px\" \/><figcaption class=\"blocks-gallery-item__caption\">Sch\u00fcsse im Morgengrauen<\/figcaption><\/figure><\/li><\/ul><figcaption class=\"blocks-gallery-caption\"><strong>Sherlock Far West<\/strong><\/figcaption><\/figure>\n\n\n\n<p><strong>Sherlock Far West \u2013 Der Pakt<\/strong><br>Nach der Sch\u00e4ndung einiger Gr\u00e4ber bittet euch der Sheriff von Tornado Town um Hilfe, um herauszufinden, was passiert ist. Wer sch\u00e4ndete die Gr\u00e4ber und warum wurden sie ge\u00f6ffnet? Folgt mit eurem Ermittlungsteam den Hinweisen und versucht diese und viele andere Fragen zu beantworten. Werdet ihr das R\u00e4tsel um die gesch\u00e4ndeten Gr\u00e4ber l\u00f6sen?<\/p>\n\n\n\n<p><strong>Sherlock Far West \u2013 Die verfluchte Mine<\/strong><\/p>\n\n\n\n<p>Nach einer Explosion in einer Kohlemine bittet euch der Sheriff von Tornado Town um Hilfe, um herauszufinden, was passiert ist. War die Mine wirklich verflucht oder warum musste Arthur Longlegs sein Leben lassen? Folgt mit eurem Ermittlungsteam den Hinweisen und versucht diese und viele andere Fragen zu beantworten. Werdet ihr das R\u00e4tsel um die verfluchte Mine l\u00f6sen?<\/p>\n\n\n\n<p><strong> Sherlock Far West \u2013 Sch\u00fcsse im Morgengrauen<\/strong><\/p>\n\n\n\n<p>Nach dem Fund zweier Leichen bittet euch der Sheriff von Tornado Town um Hilfe, um herauszufinden, was passiert ist. Handelte es sich hierbei wirklich um einen fairen Kampf bei dem sich die beiden Duellanten gegenseitig get\u00f6tet haben? Folgt mit eurem Ermittlungsteam den Hinweisen und versucht diese und viele andere Fragen zu beantworten. Werdet ihr das R\u00e4tsel um das Duell im Morgengrauen l\u00f6sen?<\/p>\n\n\n\n<p class=\"has-small-font-size\"><strong>Spieleranzahl: <\/strong>1-8 <strong>Spieldauer:<\/strong>&nbsp; 60 Min <strong>Alter:<\/strong> 12+<br><br><\/p>\n\n\n\n<p><strong>Kai Piranja<\/strong><\/p>\n\n\n\n<div class=\"wp-block-media-text alignwide is-stacked-on-mobile\" style=\"grid-template-columns:30% auto\"><figure class=\"wp-block-media-text__media\"><img loading=\"lazy\" decoding=\"async\" width=\"600\" height=\"600\" src=\"http:\/\/leidhecker-heim-spiel.de\/wp-content\/uploads\/2020\/10\/KaiPiranja_Bild02_Cover2D_sRGB-600x600-2.png\" alt=\"\" class=\"wp-image-439\" srcset=\"http:\/\/leidhecker-heim-spiel.de\/wp-content\/uploads\/2020\/10\/KaiPiranja_Bild02_Cover2D_sRGB-600x600-2.png 600w, http:\/\/leidhecker-heim-spiel.de\/wp-content\/uploads\/2020\/10\/KaiPiranja_Bild02_Cover2D_sRGB-600x600-2-300x300.png 300w, http:\/\/leidhecker-heim-spiel.de\/wp-content\/uploads\/2020\/10\/KaiPiranja_Bild02_Cover2D_sRGB-600x600-2-150x150.png 150w, http:\/\/leidhecker-heim-spiel.de\/wp-content\/uploads\/2020\/10\/KaiPiranja_Bild02_Cover2D_sRGB-600x600-2-100x100.png 100w\" sizes=\"auto, (max-width: 600px) 100vw, 600px\" \/><\/figure><div class=\"wp-block-media-text__content\">\n<p>Fr\u00f6hlich schwimmen Kai Piranja und seine Freunde ihre Runden. Rasch entsteht ein bunter Schwarm aus vielen verschiedenen, gro\u00dfen und kleinen Fischen. Ihr m\u00fcsst versuchen, so viele Fische wie m\u00f6glich zu fangen. Doch Vorsicht: Bringt euren Fang rechtzeitig in Sicherheit, bevor ein gefr\u00e4\u00dfiger Fisch vorbeischwimmt!<\/p>\n\n\n\n<p class=\"has-small-font-size\"><strong>Spieleranzahl: <\/strong>3-6 <strong>Spieldauer:<\/strong>&nbsp; 15 Min <strong>Alter:<\/strong> 6+<\/p>\n<\/div><\/div>\n\n\n\n<p><strong>Anno Domini &#8211; Maschinen<\/strong><\/p>\n\n\n\n<div class=\"wp-block-media-text alignwide is-stacked-on-mobile is-vertically-aligned-top\" style=\"grid-template-columns:30% auto\"><figure class=\"wp-block-media-text__media\"><img loading=\"lazy\" decoding=\"async\" width=\"800\" height=\"800\" src=\"http:\/\/leidhecker-heim-spiel.de\/wp-content\/uploads\/2020\/10\/AD_Maschine_Bild01_Box3D_sRGB.jpg\" alt=\"\" class=\"wp-image-639\" srcset=\"http:\/\/leidhecker-heim-spiel.de\/wp-content\/uploads\/2020\/10\/AD_Maschine_Bild01_Box3D_sRGB.jpg 800w, http:\/\/leidhecker-heim-spiel.de\/wp-content\/uploads\/2020\/10\/AD_Maschine_Bild01_Box3D_sRGB-300x300.jpg 300w, http:\/\/leidhecker-heim-spiel.de\/wp-content\/uploads\/2020\/10\/AD_Maschine_Bild01_Box3D_sRGB-150x150.jpg 150w, http:\/\/leidhecker-heim-spiel.de\/wp-content\/uploads\/2020\/10\/AD_Maschine_Bild01_Box3D_sRGB-768x768.jpg 768w, http:\/\/leidhecker-heim-spiel.de\/wp-content\/uploads\/2020\/10\/AD_Maschine_Bild01_Box3D_sRGB-100x100.jpg 100w\" sizes=\"auto, (max-width: 767px) 89vw, (max-width: 1000px) 54vw, (max-width: 1071px) 543px, 580px\" \/><\/figure><div class=\"wp-block-media-text__content\">\n<p>Bei <strong>Anno Domini<\/strong> m\u00fcssen Ereignisse in die richtige zeitliche Abfolge gebracht werden. Es kommt dabei jedoch nicht auf exaktes Wissen an. Denn wer wei\u00df schon, ob \u201eder Geigerz\u00e4hler\u201c bevor oder nachdem \u201eeine Maschine, die Papiert\u00fcten mit flachem Boden produziert\u201c entwickelt wurde. Wer gut bluffen kann hat beste Chancen seine Karten  <\/p>\n<\/div><\/div>\n\n\n\n<p>als Erster loszuwerden und damit zu gewinnen. Die richtige Mischung aus bekannten und kuriosen Ereignissen garantiert jede Menge Spa\u00df f\u00fcr die ganze Familie.<br>Die <strong>ANNO DOMINI<\/strong> Serie besteht inzwischen aus \u00fcber 30 verschiedenen Themensets. Da ist f\u00fcr jeden Geschmack etwas dabei, und f\u00fcr noch mehr Abwechslung k\u00f6nnen alle Sets untereinander kombiniert werden. Einfache Regeln und jede Menge Spielspa\u00df machen ANNO DOMINI zum Kultspiel, das auf keiner Party fehlen sollte. Bereits \u00fcber 822.000 verkaufte ANNO DOMINIs im deutschsprachigen Raum sprechen f\u00fcr sich.<\/p>\n\n\n\n<p class=\"has-small-font-size\"><strong>Spieleranzahl: <\/strong>2-8 <strong>Spieldauer:<\/strong>&nbsp; 30 Min <strong>Alter:<\/strong> 10+<\/p>\n\n\n\n<p>Quelle: <a href=\"https:\/\/abacusspiele.de\">ABACUSSPPIELE<\/a><\/p>\n\n\n\n<p><\/p>\n","protected":false},"excerpt":{"rendered":"<p>ABACUSSPIELE hat uns ein gro\u00dfes Paket mit Neuheiten und Toptiteln aus dem letzten Jahr zur Verf\u00fcgung gestellt. Team3 gr\u00fcn und pink Fringers Fringers ist ein actiongeladenes kooperatives Erlebnis. Ihr spielt alle zusammen als Team und m\u00fcsst die Ringe auf euren Fingern richtig anordnen, bevor die Zeit abl\u00e4uft. Doch ihr d\u00fcrft nur Ringe an euren linken &hellip; <\/p>\n<p class=\"link-more\"><a href=\"http:\/\/leidhecker-heim-spiel.de\/?page_id=482\" class=\"more-link\"><span class=\"screen-reader-text\">\u201eABACUSSPIELE\u201c<\/span> weiterlesen<\/a><\/p>\n","protected":false},"author":1,"featured_media":0,"parent":0,"menu_order":0,"comment_status":"closed","ping_status":"closed","template":"","meta":{"footnotes":""},"class_list":["post-482","page","type-page","status-publish","hentry"],"_links":{"self":[{"href":"http:\/\/leidhecker-heim-spiel.de\/index.php?rest_route=\/wp\/v2\/pages\/482","targetHints":{"allow":["GET"]}}],"collection":[{"href":"http:\/\/leidhecker-heim-spiel.de\/index.php?rest_route=\/wp\/v2\/pages"}],"about":[{"href":"http:\/\/leidhecker-heim-spiel.de\/index.php?rest_route=\/wp\/v2\/types\/page"}],"author":[{"embeddable":true,"href":"http:\/\/leidhecker-heim-spiel.de\/index.php?rest_route=\/wp\/v2\/users\/1"}],"replies":[{"embeddable":true,"href":"http:\/\/leidhecker-heim-spiel.de\/index.php?rest_route=%2Fwp%2Fv2%2Fcomments&post=482"}],"version-history":[{"count":23,"href":"http:\/\/leidhecker-heim-spiel.de\/index.php?rest_route=\/wp\/v2\/pages\/482\/revisions"}],"predecessor-version":[{"id":689,"href":"http:\/\/leidhecker-heim-spiel.de\/index.php?rest_route=\/wp\/v2\/pages\/482\/revisions\/689"}],"wp:attachment":[{"href":"http:\/\/leidhecker-heim-spiel.de\/index.php?rest_route=%2Fwp%2Fv2%2Fmedia&parent=482"}],"curies":[{"name":"wp","href":"https:\/\/api.w.org\/{rel}","templated":true}]}}