{"id":489,"date":"2020-10-17T18:47:35","date_gmt":"2020-10-17T18:47:35","guid":{"rendered":"http:\/\/leidhecker-heim-spiel.de\/?page_id=489"},"modified":"2020-10-17T18:47:35","modified_gmt":"2020-10-17T18:47:35","slug":"ravensburger-2","status":"publish","type":"page","link":"http:\/\/leidhecker-heim-spiel.de\/?page_id=489","title":{"rendered":"Ravensburger"},"content":{"rendered":"\n<div class=\"wp-block-media-text alignwide is-stacked-on-mobile\" style=\"grid-template-columns:26% auto\"><figure class=\"wp-block-media-text__media\"><img loading=\"lazy\" decoding=\"async\" width=\"151\" height=\"151\" src=\"http:\/\/leidhecker-heim-spiel.de\/wp-content\/uploads\/2020\/10\/ravensburger.png\" alt=\"\" class=\"wp-image-447\" srcset=\"http:\/\/leidhecker-heim-spiel.de\/wp-content\/uploads\/2020\/10\/ravensburger.png 151w, http:\/\/leidhecker-heim-spiel.de\/wp-content\/uploads\/2020\/10\/ravensburger-100x100.png 100w\" sizes=\"auto, (max-width: 151px) 100vw, 151px\" \/><\/figure><div class=\"wp-block-media-text__content\">\n<p>Freut Euch auf folgende Neuheiten von Ravensburger bei der SPIEL lokal in Leidhecken<br><strong>The Castles of Tuscany<\/strong>, <br><strong><strong>Minecraft Builders &amp; Biomes Erweiterung Farmers Market<\/strong><\/strong>, <strong><strong>Disney Villainous &#8211; Das B\u00f6se schl\u00e4ft nie!<\/strong><\/strong>, <strong>Rubiks Cage<\/strong><\/p>\n<\/div><\/div>\n\n\n\n<p><strong>The Castles of Tuscanycany<\/strong><\/p>\n\n\n\n<div class=\"wp-block-media-text alignwide is-stacked-on-mobile\" style=\"grid-template-columns:31% auto\"><figure class=\"wp-block-media-text__media\"><img loading=\"lazy\" decoding=\"async\" width=\"500\" height=\"750\" src=\"http:\/\/leidhecker-heim-spiel.de\/wp-content\/uploads\/2020\/10\/Castles-of-Tuscany_Produktbild_links.jpg\" alt=\"\" class=\"wp-image-444\" srcset=\"http:\/\/leidhecker-heim-spiel.de\/wp-content\/uploads\/2020\/10\/Castles-of-Tuscany_Produktbild_links.jpg 500w, http:\/\/leidhecker-heim-spiel.de\/wp-content\/uploads\/2020\/10\/Castles-of-Tuscany_Produktbild_links-200x300.jpg 200w\" sizes=\"auto, (max-width: 500px) 100vw, 500px\" \/><\/figure><div class=\"wp-block-media-text__content\">\n<p>F\u00fcr ihren jeweiligen Machtbereich errichten die Spieler Castelli, legen Felder an und bauen ihre St\u00e4dte aus. Wer dabei in drei Wertungen die meisten Punkte erreicht, gewinnt die kurzweilige Herausforderung<\/p>\n\n\n\n<p class=\"has-small-font-size\"><strong>Spieleranzahl: <\/strong>2-4 <strong>Spieldauer:<\/strong>&nbsp; 45-60 Min <strong>Alter:<\/strong> 10+<\/p>\n<\/div><\/div>\n\n\n\n<p><strong>Minecraft Builders &amp; Biomes Erweiterung Farmers Market (inkl.<strong>Minecraft<\/strong> )<\/strong><\/p>\n\n\n\n<div class=\"wp-block-media-text alignwide has-media-on-the-right is-stacked-on-mobile is-vertically-aligned-center\" style=\"grid-template-columns:auto 27%\"><figure class=\"wp-block-media-text__media\"><img loading=\"lazy\" decoding=\"async\" width=\"514\" height=\"750\" src=\"http:\/\/leidhecker-heim-spiel.de\/wp-content\/uploads\/2020\/10\/Minecraft-Builders-Biomes-Farmers-Market-Expansion_Produktbild.jpg\" alt=\"\" class=\"wp-image-445\" srcset=\"http:\/\/leidhecker-heim-spiel.de\/wp-content\/uploads\/2020\/10\/Minecraft-Builders-Biomes-Farmers-Market-Expansion_Produktbild.jpg 514w, http:\/\/leidhecker-heim-spiel.de\/wp-content\/uploads\/2020\/10\/Minecraft-Builders-Biomes-Farmers-Market-Expansion_Produktbild-206x300.jpg 206w\" sizes=\"auto, (max-width: 514px) 100vw, 514px\" \/><\/figure><div class=\"wp-block-media-text__content\">\n<p>Die Farmers Market Erweiterung zu Minecraft Builders &amp; Biomes bringt Gem\u00fcse ins Spiel! Dieses tauschen die Spieler am Markt gegen Gegenst\u00e4nde mit besonderen F\u00e4higkeiten, die neue Wege zum Sieg erm\u00f6glichen.<\/p>\n\n\n\n<p class=\"has-small-font-size\"><strong>Spieleranzahl: <\/strong>2-4 <strong>Spieldauer:<\/strong>&nbsp; 30-60 Min <strong>Alter:<\/strong> 10+<\/p>\n<\/div><\/div>\n\n\n\n<p><strong>Disney Villainous &#8211; Das B\u00f6se schl\u00e4ft nie!<\/strong><\/p>\n\n\n\n<div class=\"wp-block-media-text alignwide is-stacked-on-mobile is-vertically-aligned-top\" style=\"grid-template-columns:28% auto\"><figure class=\"wp-block-media-text__media\"><img loading=\"lazy\" decoding=\"async\" width=\"208\" height=\"349\" src=\"http:\/\/leidhecker-heim-spiel.de\/wp-content\/uploads\/2020\/10\/Villainous_Das-Boese-schlaeft-nie_Produktbild.jpg\" alt=\"\" class=\"wp-image-443\" srcset=\"http:\/\/leidhecker-heim-spiel.de\/wp-content\/uploads\/2020\/10\/Villainous_Das-Boese-schlaeft-nie_Produktbild.jpg 208w, http:\/\/leidhecker-heim-spiel.de\/wp-content\/uploads\/2020\/10\/Villainous_Das-Boese-schlaeft-nie_Produktbild-179x300.jpg 179w\" sizes=\"auto, (max-width: 208px) 100vw, 208px\" \/><\/figure><div class=\"wp-block-media-text__content\">\n<p>Wer kennt sie nicht, die B\u00f6sewichte aus K\u00f6nig der L\u00f6wen, Basil, der gro\u00dfe M\u00e4usedetektiv oder Ein K\u00f6nigreich f\u00fcr ein Lama. Mit der 2. Erweiterung &#8222;Das B\u00f6se schl\u00e4ft nie&#8220;der Erfolgsreihe Disney Villainous haben die Spieler die einzigartige M\u00f6glichkeit in die Rollen von Scar, Rattenzahn und Isma zu schl\u00fcpfen. Ein Strategiespiel mit verdrehter Spielmoral erwartet die Spieler. Denn jeder B\u00f6sewicht, verfolgt sein eigenes, d\u00fcsteres Ziel und k\u00e4mpft um den Titel: gr\u00f6\u00dfter Disney Schurke aller Zeiten. Doch aufgepasst! Behaltet eure Mitstreiter im Blick! Ihr wollt mit mehr Spielern spielen? Dann kombiniert einfach die B\u00f6sewichte in diesem Spiel mit anderen Disney Villainous Spielen. Neue B\u00f6sewichte &#8211; Neue Strategien &#8211; Neue Abenteuer!<\/p>\n\n\n\n<p class=\"has-small-font-size\"><strong>Spieleranzahl: <\/strong>2-4 <strong>Spieldauer:<\/strong>&nbsp; 30-60 Min <strong>Alter:<\/strong> 10+<\/p>\n<\/div><\/div>\n\n\n\n<p><strong>Rubiks Cage<\/strong><\/p>\n\n\n\n<div class=\"wp-block-media-text alignwide is-stacked-on-mobile is-vertically-aligned-top\" style=\"grid-template-columns:31% auto\"><figure class=\"wp-block-media-text__media\"><img loading=\"lazy\" decoding=\"async\" width=\"735\" height=\"606\" src=\"http:\/\/leidhecker-heim-spiel.de\/wp-content\/uploads\/2020\/10\/Rubiks-Cage_Produktbild.jpg\" alt=\"\" class=\"wp-image-448\" srcset=\"http:\/\/leidhecker-heim-spiel.de\/wp-content\/uploads\/2020\/10\/Rubiks-Cage_Produktbild.jpg 735w, http:\/\/leidhecker-heim-spiel.de\/wp-content\/uploads\/2020\/10\/Rubiks-Cage_Produktbild-300x247.jpg 300w\" sizes=\"auto, (max-width: 735px) 100vw, 735px\" \/><\/figure><div class=\"wp-block-media-text__content\">\n<p>Vom Erfinder des original Rubik&#8217;s Cubes kommt dieses kurzweilige, unterhaltsame und strategische TicTacToe Famillienspiel im dreidimensionalen Raum f\u00fcr bis zu 4 Spieler ab 8 Jahren.<br>Die drei unterschiedlichen Ebenen (\u00e4hnlich dem original Rubik&#8217;s Cube 3&#215;3) d\u00fcrfen jeweils um 90 Grad verdreht werden, oder noch schlimmer, der ganze K\u00e4fig darf um 180 Grad auf den Kopf gestellt werden. Pl\u00f6tzlich sieht die Welt ganz anders aus.<\/p>\n\n\n\n<p class=\"has-small-font-size\"><strong>Spieleranzahl: <\/strong>2-4 <strong>Spieldauer:<\/strong>&nbsp; beliebig Min <strong>Alter:<\/strong> 8+<br><\/p>\n<\/div><\/div>\n\n\n\n<p>Quelle: <a href=\"https:\/\/www.ravensburger.de\">Ravensburger<\/a><\/p>\n","protected":false},"excerpt":{"rendered":"<p>Freut Euch auf folgende Neuheiten von Ravensburger bei der SPIEL lokal in LeidheckenThe Castles of Tuscany, Minecraft Builders &amp; Biomes Erweiterung Farmers Market, Disney Villainous &#8211; Das B\u00f6se schl\u00e4ft nie!, Rubiks Cage The Castles of Tuscanycany F\u00fcr ihren jeweiligen Machtbereich errichten die Spieler Castelli, legen Felder an und bauen ihre St\u00e4dte aus. Wer dabei in &hellip; <\/p>\n<p class=\"link-more\"><a href=\"http:\/\/leidhecker-heim-spiel.de\/?page_id=489\" class=\"more-link\"><span class=\"screen-reader-text\">\u201eRavensburger\u201c<\/span> weiterlesen<\/a><\/p>\n","protected":false},"author":1,"featured_media":0,"parent":0,"menu_order":0,"comment_status":"closed","ping_status":"closed","template":"","meta":{"footnotes":""},"class_list":["post-489","page","type-page","status-publish","hentry"],"_links":{"self":[{"href":"http:\/\/leidhecker-heim-spiel.de\/index.php?rest_route=\/wp\/v2\/pages\/489","targetHints":{"allow":["GET"]}}],"collection":[{"href":"http:\/\/leidhecker-heim-spiel.de\/index.php?rest_route=\/wp\/v2\/pages"}],"about":[{"href":"http:\/\/leidhecker-heim-spiel.de\/index.php?rest_route=\/wp\/v2\/types\/page"}],"author":[{"embeddable":true,"href":"http:\/\/leidhecker-heim-spiel.de\/index.php?rest_route=\/wp\/v2\/users\/1"}],"replies":[{"embeddable":true,"href":"http:\/\/leidhecker-heim-spiel.de\/index.php?rest_route=%2Fwp%2Fv2%2Fcomments&post=489"}],"version-history":[{"count":8,"href":"http:\/\/leidhecker-heim-spiel.de\/index.php?rest_route=\/wp\/v2\/pages\/489\/revisions"}],"predecessor-version":[{"id":638,"href":"http:\/\/leidhecker-heim-spiel.de\/index.php?rest_route=\/wp\/v2\/pages\/489\/revisions\/638"}],"wp:attachment":[{"href":"http:\/\/leidhecker-heim-spiel.de\/index.php?rest_route=%2Fwp%2Fv2%2Fmedia&parent=489"}],"curies":[{"name":"wp","href":"https:\/\/api.w.org\/{rel}","templated":true}]}}