{"id":512,"date":"2020-10-17T17:19:53","date_gmt":"2020-10-17T17:19:53","guid":{"rendered":"http:\/\/leidhecker-heim-spiel.de\/?page_id=512"},"modified":"2020-10-17T18:06:24","modified_gmt":"2020-10-17T18:06:24","slug":"strohmann-games","status":"publish","type":"page","link":"http:\/\/leidhecker-heim-spiel.de\/?page_id=512","title":{"rendered":"Strohmann Games"},"content":{"rendered":"\n<p><strong>SPIEL lokal 22.-25.10.20 -Strohmann Games<\/strong><\/p>\n\n\n\n<div class=\"wp-block-media-text alignwide is-stacked-on-mobile\" style=\"grid-template-columns:21% auto\"><figure class=\"wp-block-media-text__media\"><img loading=\"lazy\" decoding=\"async\" width=\"724\" height=\"1024\" src=\"http:\/\/leidhecker-heim-spiel.de\/wp-content\/uploads\/2020\/10\/Logo-Stromann-Games-DIN-A4-fuer-web-1-724x1024.jpg\" alt=\"\" class=\"wp-image-351\" srcset=\"http:\/\/leidhecker-heim-spiel.de\/wp-content\/uploads\/2020\/10\/Logo-Stromann-Games-DIN-A4-fuer-web-1-724x1024.jpg 724w, http:\/\/leidhecker-heim-spiel.de\/wp-content\/uploads\/2020\/10\/Logo-Stromann-Games-DIN-A4-fuer-web-1-212x300.jpg 212w, http:\/\/leidhecker-heim-spiel.de\/wp-content\/uploads\/2020\/10\/Logo-Stromann-Games-DIN-A4-fuer-web-1-768x1086.jpg 768w, http:\/\/leidhecker-heim-spiel.de\/wp-content\/uploads\/2020\/10\/Logo-Stromann-Games-DIN-A4-fuer-web-1-1086x1536.jpg 1086w, http:\/\/leidhecker-heim-spiel.de\/wp-content\/uploads\/2020\/10\/Logo-Stromann-Games-DIN-A4-fuer-web-1-1448x2048.jpg 1448w, http:\/\/leidhecker-heim-spiel.de\/wp-content\/uploads\/2020\/10\/Logo-Stromann-Games-DIN-A4-fuer-web-1-scaled.jpg 1810w\" sizes=\"auto, (max-width: 724px) 100vw, 724px\" \/><\/figure><div class=\"wp-block-media-text__content\">\n<p>Von Strohmann Games kam heute <strong>Fantastische Reiche<\/strong>  mit der Post. Leider werden die anderen Neuheiten bis zur SPIEL.digital nicht fertig. Umso mehr freuen wir uns \u00fcber das P\u00e4ckchen.<\/p>\n<\/div><\/div>\n\n\n\n<p><strong>Fantastische Reiche<\/strong><\/p>\n\n\n\n<div class=\"wp-block-media-text alignwide is-stacked-on-mobile is-vertically-aligned-top\" style=\"grid-template-columns:44% auto\"><figure class=\"wp-block-media-text__media\"><img loading=\"lazy\" decoding=\"async\" width=\"611\" height=\"800\" src=\"http:\/\/leidhecker-heim-spiel.de\/wp-content\/uploads\/2020\/10\/fantastische-reiche.png\" alt=\"\" class=\"wp-image-540\" srcset=\"http:\/\/leidhecker-heim-spiel.de\/wp-content\/uploads\/2020\/10\/fantastische-reiche.png 611w, http:\/\/leidhecker-heim-spiel.de\/wp-content\/uploads\/2020\/10\/fantastische-reiche-229x300.png 229w\" sizes=\"auto, (max-width: 611px) 100vw, 611px\" \/><\/figure><div class=\"wp-block-media-text__content\">\n<p>Als Herrscher eines weit entfernten Landes, ist es dein Ziel, das m\u00e4chtigste Reich der Welt zu errichten. Vielleicht baust Du eine gewaltige Armee auf, um alles zu vernichten, aber das ist nicht der einzige Weg zum Sieg. M\u00f6glicherweise wird Dein K\u00f6nigreich die Form eines ausbrechenden Vulkans annehmen oder eines schrecklichen Hurrikans, der alles auf seinem Weg hinwegfegt. Vielleicht wirst Du einen gro\u00dfen Zauberer in seiner Festung kontrollieren, die sich abgelegen auf einer unzug\u00e4nglichen Insel befindet und von undurchdringlichen Flammen umgeben ist. Du hast die Wahl, denn kein Reich gleicht dem anderen.<\/p>\n<\/div><\/div>\n\n\n\n<p class=\"has-small-font-size\"><strong>Spieler:<\/strong> 2-6 <strong>Alter<\/strong>: Ab 10 <strong>Dauer:<\/strong> 20 Min.<\/p>\n\n\n\n<p>Quelle: <a href=\"https:\/\/www.milan-spiele.de\/fantastische-reiche-p-27966.html\">Milan-Spiele.de<\/a><\/p>\n\n\n\n<p><br><br><\/p>\n","protected":false},"excerpt":{"rendered":"<p>SPIEL lokal 22.-25.10.20 -Strohmann Games Von Strohmann Games kam heute Fantastische Reiche mit der Post. Leider werden die anderen Neuheiten bis zur SPIEL.digital nicht fertig. Umso mehr freuen wir uns \u00fcber das P\u00e4ckchen. Fantastische Reiche Als Herrscher eines weit entfernten Landes, ist es dein Ziel, das m\u00e4chtigste Reich der Welt zu errichten. Vielleicht baust Du &hellip; <\/p>\n<p class=\"link-more\"><a href=\"http:\/\/leidhecker-heim-spiel.de\/?page_id=512\" class=\"more-link\"><span class=\"screen-reader-text\">\u201eStrohmann Games\u201c<\/span> weiterlesen<\/a><\/p>\n","protected":false},"author":1,"featured_media":0,"parent":0,"menu_order":0,"comment_status":"closed","ping_status":"closed","template":"","meta":{"footnotes":""},"class_list":["post-512","page","type-page","status-publish","hentry"],"_links":{"self":[{"href":"http:\/\/leidhecker-heim-spiel.de\/index.php?rest_route=\/wp\/v2\/pages\/512","targetHints":{"allow":["GET"]}}],"collection":[{"href":"http:\/\/leidhecker-heim-spiel.de\/index.php?rest_route=\/wp\/v2\/pages"}],"about":[{"href":"http:\/\/leidhecker-heim-spiel.de\/index.php?rest_route=\/wp\/v2\/types\/page"}],"author":[{"embeddable":true,"href":"http:\/\/leidhecker-heim-spiel.de\/index.php?rest_route=\/wp\/v2\/users\/1"}],"replies":[{"embeddable":true,"href":"http:\/\/leidhecker-heim-spiel.de\/index.php?rest_route=%2Fwp%2Fv2%2Fcomments&post=512"}],"version-history":[{"count":9,"href":"http:\/\/leidhecker-heim-spiel.de\/index.php?rest_route=\/wp\/v2\/pages\/512\/revisions"}],"predecessor-version":[{"id":626,"href":"http:\/\/leidhecker-heim-spiel.de\/index.php?rest_route=\/wp\/v2\/pages\/512\/revisions\/626"}],"wp:attachment":[{"href":"http:\/\/leidhecker-heim-spiel.de\/index.php?rest_route=%2Fwp%2Fv2%2Fmedia&parent=512"}],"curies":[{"name":"wp","href":"https:\/\/api.w.org\/{rel}","templated":true}]}}