{"id":514,"date":"2020-10-17T18:13:27","date_gmt":"2020-10-17T18:13:27","guid":{"rendered":"http:\/\/leidhecker-heim-spiel.de\/?page_id=514"},"modified":"2020-10-17T18:13:27","modified_gmt":"2020-10-17T18:13:27","slug":"amigo","status":"publish","type":"page","link":"http:\/\/leidhecker-heim-spiel.de\/?page_id=514","title":{"rendered":"Amigo"},"content":{"rendered":"\n<p><strong>SPIEL lokal 22.-25.10.20 &#8211; Amigo<\/strong><\/p>\n\n\n\n<div class=\"wp-block-media-text alignwide is-stacked-on-mobile\" style=\"grid-template-columns:33% auto\"><figure class=\"wp-block-media-text__media\"><a href=\"https:\/\/www.amigo-spiele.de\"><img loading=\"lazy\" decoding=\"async\" width=\"1024\" height=\"485\" src=\"http:\/\/leidhecker-heim-spiel.de\/wp-content\/uploads\/2020\/10\/AMIGO_logo_neu_gross_transparent-1-1024x485.png\" alt=\"\" class=\"wp-image-458\" srcset=\"http:\/\/leidhecker-heim-spiel.de\/wp-content\/uploads\/2020\/10\/AMIGO_logo_neu_gross_transparent-1-1024x485.png 1024w, http:\/\/leidhecker-heim-spiel.de\/wp-content\/uploads\/2020\/10\/AMIGO_logo_neu_gross_transparent-1-300x142.png 300w, http:\/\/leidhecker-heim-spiel.de\/wp-content\/uploads\/2020\/10\/AMIGO_logo_neu_gross_transparent-1-768x364.png 768w, http:\/\/leidhecker-heim-spiel.de\/wp-content\/uploads\/2020\/10\/AMIGO_logo_neu_gross_transparent-1-1536x727.png 1536w, http:\/\/leidhecker-heim-spiel.de\/wp-content\/uploads\/2020\/10\/AMIGO_logo_neu_gross_transparent-1.png 1772w\" sizes=\"auto, (max-width: 767px) 89vw, (max-width: 1000px) 54vw, (max-width: 1071px) 543px, 580px\" \/><\/a><\/figure><div class=\"wp-block-media-text__content\">\n<p>Gleich sieben Spiele umfasste das Neuheitenpaket von Amigo f\u00fcr Spieler ab 5 Jahren. <strong>Magnefix, Chili Dice, Monster Expedition, Biber Gang, Honig T\u00f6pfchen, LAMA Party, Polar Panic<\/strong>.  <\/p>\n<\/div><\/div>\n\n\n\n<p><\/p>\n\n\n\n<div class=\"wp-block-media-text alignwide is-stacked-on-mobile\" style=\"grid-template-columns:32% auto\"><figure class=\"wp-block-media-text__media\"><img loading=\"lazy\" decoding=\"async\" width=\"554\" height=\"800\" src=\"http:\/\/leidhecker-heim-spiel.de\/wp-content\/uploads\/2020\/10\/Magnefix.jpg\" alt=\"\" class=\"wp-image-455\" srcset=\"http:\/\/leidhecker-heim-spiel.de\/wp-content\/uploads\/2020\/10\/Magnefix.jpg 554w, http:\/\/leidhecker-heim-spiel.de\/wp-content\/uploads\/2020\/10\/Magnefix-208x300.jpg 208w\" sizes=\"auto, (max-width: 554px) 100vw, 554px\" \/><\/figure><div class=\"wp-block-media-text__content\">\n<p><strong>Magnefix<\/strong><br>Das turbulente Reaktionsspiel mit den originalen MAGFORMERS\u00ae-Bauteilen fordert euch heraus!<br>Wer baut am schnellsten das bunte Konstrukt der Aufgabenkarte korrekt nach? Neben einem guten Auge und einer schnellen Reaktion ist zudem noch die Beherrschung des magnetischen Widerstandes gefragt! Stellt euch der magnetischen Herausforderung und gewinnt die meisten Aufgabenkarten!<br>Magnefix ist das Familienspiel mit den beliebten magnetischen Bauteilen.<\/p>\n\n\n\n<p class=\"has-small-font-size\"><strong>60+ Minuten,  2-5 Spieler,  Alter 12+<\/strong><\/p>\n<\/div><\/div>\n\n\n\n<p><strong>Chili Dice<\/strong> &#8211; <strong>Das versch\u00e4rfte W\u00fcrfelspiel!<\/strong><\/p>\n\n\n\n<div class=\"wp-block-media-text alignwide is-stacked-on-mobile is-vertically-aligned-top\" style=\"grid-template-columns:32% auto\"><figure class=\"wp-block-media-text__media\"><img loading=\"lazy\" decoding=\"async\" width=\"598\" height=\"800\" src=\"http:\/\/leidhecker-heim-spiel.de\/wp-content\/uploads\/2020\/10\/Chili.dice_.jpg\" alt=\"\" class=\"wp-image-452\" srcset=\"http:\/\/leidhecker-heim-spiel.de\/wp-content\/uploads\/2020\/10\/Chili.dice_.jpg 598w, http:\/\/leidhecker-heim-spiel.de\/wp-content\/uploads\/2020\/10\/Chili.dice_-224x300.jpg 224w\" sizes=\"auto, (max-width: 598px) 100vw, 598px\" \/><\/figure><div class=\"wp-block-media-text__content\">\n<p>Du hast 6 W\u00fcrfel f\u00fcr 30 W\u00fcrfe, um damit 10 Felder zu f\u00fcllen. Rote Seiten drehst du oder nutzt sie f\u00fcr einen Bonus.<br>Setze dir dein eigenes Limit, wie viele W\u00fcrfe du machst. Risiko oder nicht? Du hast die Wahl:<br>Sammle gem\u00e4chlich deine Punkte oder w\u00e4hle die Chili-Sch\u00e4rfe und setze alles auf ein Ergebnis!<\/p>\n\n\n\n<p class=\"has-small-font-size\"><strong>30+ Minuten, 1-4 Spieler, Alter 8+<\/strong><\/p>\n<\/div><\/div>\n\n\n\n<p><strong>Monster Expedition<\/strong><\/p>\n\n\n\n<div class=\"wp-block-media-text alignwide is-stacked-on-mobile is-vertically-aligned-top\" style=\"grid-template-columns:32% auto\"><figure class=\"wp-block-media-text__media\"><img loading=\"lazy\" decoding=\"async\" width=\"600\" height=\"600\" src=\"http:\/\/leidhecker-heim-spiel.de\/wp-content\/uploads\/2020\/10\/monsterexp.jpg\" alt=\"\" class=\"wp-image-617\" srcset=\"http:\/\/leidhecker-heim-spiel.de\/wp-content\/uploads\/2020\/10\/monsterexp.jpg 600w, http:\/\/leidhecker-heim-spiel.de\/wp-content\/uploads\/2020\/10\/monsterexp-300x300.jpg 300w, http:\/\/leidhecker-heim-spiel.de\/wp-content\/uploads\/2020\/10\/monsterexp-150x150.jpg 150w, http:\/\/leidhecker-heim-spiel.de\/wp-content\/uploads\/2020\/10\/monsterexp-100x100.jpg 100w\" sizes=\"auto, (max-width: 600px) 100vw, 600px\" \/><\/figure><div class=\"wp-block-media-text__content\">\n<p>In der Welt von &#8218;Carnival of Monsters&#8216; erscheint nun das W\u00fcrfelspiel &#8218;Monster Expedition&#8216;.<br>Als neueste Mitglieder der K\u00f6niglich Monstrologischen Gesellschaft begebt ihr euch im Rahmen einer Expedition auf die Jagd nach legend\u00e4ren Monstern. Diesmal wurden sie in den Wolkenlanden, in der Tiefsee und im Verwunschenen Wald gesichtet. Schlagt eure Camps in diesen Regionen auf und begebt euch auf die Jagd. Mit guten W\u00fcrfelkombinationen verbessert ihr eure Camps, fangt neue Monster und nutzt die F\u00e4higkeiten eurer bereits gefangenen Monster. Am Ende gewinnt, wer die Monster mit den meisten Siegpunkten gefangen hat.<\/p>\n\n\n\n<p class=\"has-small-font-size\"><strong>30+ Minuten, 1-4 Spieler, Alter 12+<\/strong><\/p>\n<\/div><\/div>\n\n\n\n<p><strong>Biber Gang<\/strong><\/p>\n\n\n\n<div class=\"wp-block-media-text alignwide is-stacked-on-mobile is-vertically-aligned-top\" style=\"grid-template-columns:32% auto\"><figure class=\"wp-block-media-text__media\"><img loading=\"lazy\" decoding=\"async\" width=\"600\" height=\"771\" src=\"http:\/\/leidhecker-heim-spiel.de\/wp-content\/uploads\/2020\/10\/Bibergang.jpg\" alt=\"\" class=\"wp-image-451\" srcset=\"http:\/\/leidhecker-heim-spiel.de\/wp-content\/uploads\/2020\/10\/Bibergang.jpg 600w, http:\/\/leidhecker-heim-spiel.de\/wp-content\/uploads\/2020\/10\/Bibergang-233x300.jpg 233w\" sizes=\"auto, (max-width: 600px) 100vw, 600px\" \/><\/figure><div class=\"wp-block-media-text__content\">\n<p>Biber-Gang vom Erfolgsautor Haim Shafir.<br>Tausche bei diesem Kartenspiel clever deine Karten, um am Ende der Runde m\u00f6glichst wenig Punkte zu haben.<br>Sammle niedrige Punkte, oder noch besser: die gleichen Werte in einer Spalte.<br>Riskierst du bei Biber-Gang den blinden Zahlentausch oder deckst du lieber erst deine Karten auf?<br>Mit etwas Gl\u00fcck kommt noch ein Biber angeschwommen, der deine Auslage optimiert, und du gewinnst.<\/p>\n\n\n\n<p class=\"has-small-font-size\"><strong>15+ Minuten, 1-4 Spieler, Alter 5+<\/strong><\/p>\n<\/div><\/div>\n\n\n\n<p><strong>Honig T\u00f6pfchen<\/strong><\/p>\n\n\n\n<div class=\"wp-block-media-text alignwide is-stacked-on-mobile is-vertically-aligned-top\" style=\"grid-template-columns:33% auto\"><figure class=\"wp-block-media-text__media\"><img loading=\"lazy\" decoding=\"async\" width=\"600\" height=\"799\" src=\"http:\/\/leidhecker-heim-spiel.de\/wp-content\/uploads\/2020\/10\/HonigTopf.jpg\" alt=\"\" class=\"wp-image-453\" srcset=\"http:\/\/leidhecker-heim-spiel.de\/wp-content\/uploads\/2020\/10\/HonigTopf.jpg 600w, http:\/\/leidhecker-heim-spiel.de\/wp-content\/uploads\/2020\/10\/HonigTopf-225x300.jpg 225w\" sizes=\"auto, (max-width: 600px) 100vw, 600px\" \/><\/figure><div class=\"wp-block-media-text__content\">\n<p>Gemeinsam gegen die Zeit! Der Herbst k\u00fcndigt sich an und noch immer sind die kleinen Bienen auf der Wiese unterwegs. Nur gemeinsam k\u00f6nnt ihr ihnen helfen, den letzten Nektar einzusammeln und die Honigt\u00f6pfe zu bef\u00fcllen. Schafft ihr das, bevor das Herbstblatt vom Baum auf den Boden f\u00e4llt, gewinnt ihr alle zusammen.<br>Ein kooperatives Kinderspiel f\u00fcr Bienenfreunde von Wolfgang Dirscherl.<\/p>\n\n\n\n<p class=\"has-small-font-size\"><strong>15+ Minuten, 1-4 Spieler, Alter 5+<\/strong><\/p>\n\n\n\n<p><\/p>\n<\/div><\/div>\n\n\n\n<p><strong>Lama PARTY<\/strong><\/p>\n\n\n\n<div class=\"wp-block-media-text alignwide is-stacked-on-mobile is-vertically-aligned-top\" style=\"grid-template-columns:33% auto\"><figure class=\"wp-block-media-text__media\"><img loading=\"lazy\" decoding=\"async\" width=\"600\" height=\"770\" src=\"http:\/\/leidhecker-heim-spiel.de\/wp-content\/uploads\/2020\/10\/Lama-Party.jpg\" alt=\"\" class=\"wp-image-454\" srcset=\"http:\/\/leidhecker-heim-spiel.de\/wp-content\/uploads\/2020\/10\/Lama-Party.jpg 600w, http:\/\/leidhecker-heim-spiel.de\/wp-content\/uploads\/2020\/10\/Lama-Party-234x300.jpg 234w\" sizes=\"auto, (max-width: 600px) 100vw, 600px\" \/><\/figure><div class=\"wp-block-media-text__content\">\n<p>Ein Schmankerl f\u00fcr alle LAMA-Fans!<br>Auch in der LAMA Party-Edition gilt die Regel: Lege Alle Minuspunkte Ab!<br>Deine Karten wirst du jetzt noch cleverer los: Mit den neuen Pluskarten bist du nochmal an der Reihe und ein pinkes Lama darfst du immer ablegen. Hast du trotzdem ordentlich Minuspunkte kassiert? Dann kannst du mit Gl\u00fcck sogar einen pinken 20er-Chip abgeben &#8211; und bist wieder voll im Rennen.<br>Lasst die Party beginnen!<\/p>\n\n\n\n<p class=\"has-small-font-size\"><strong>20+ Minuten, 2-6 Spieler, Alter 8+<\/strong><\/p>\n<\/div><\/div>\n\n\n\n<p><strong>Polar Panic<\/strong><\/p>\n\n\n\n<div class=\"wp-block-media-text alignwide is-stacked-on-mobile\" style=\"grid-template-columns:32% auto\"><figure class=\"wp-block-media-text__media\"><img loading=\"lazy\" decoding=\"async\" width=\"600\" height=\"600\" src=\"http:\/\/leidhecker-heim-spiel.de\/wp-content\/uploads\/2020\/10\/polarpanicjpg.jpg\" alt=\"\" class=\"wp-image-456\" srcset=\"http:\/\/leidhecker-heim-spiel.de\/wp-content\/uploads\/2020\/10\/polarpanicjpg.jpg 600w, http:\/\/leidhecker-heim-spiel.de\/wp-content\/uploads\/2020\/10\/polarpanicjpg-300x300.jpg 300w, http:\/\/leidhecker-heim-spiel.de\/wp-content\/uploads\/2020\/10\/polarpanicjpg-150x150.jpg 150w, http:\/\/leidhecker-heim-spiel.de\/wp-content\/uploads\/2020\/10\/polarpanicjpg-100x100.jpg 100w\" sizes=\"auto, (max-width: 600px) 100vw, 600px\" \/><\/figure><div class=\"wp-block-media-text__content\">\n<p>Aufgepasst am Eisloch! Wird ein Tier auf einer zweiten Karte aufgedeckt, schnappe es dir. Sei dabei schneller als deine Mitspieler, aber nimm dich vor dem Eisb\u00e4ren in Acht! Denn dieser schnappt dir deine Beute wieder weg.<br>Polar Panic ist ein kurzweiliges Kartenspiel, bei dem ein scharfes Auge und blitzschnelle Reaktionen gefragt sind.<\/p>\n\n\n\n<p class=\"has-small-font-size\"><strong>15+ Minuten, 2-4 Spieler, Alter 6+<\/strong><\/p>\n<\/div><\/div>\n\n\n\n<p>Quelle: <a href=\"https:\/\/www.amigo-spiele.de\">Amigo<\/a> <\/p>\n","protected":false},"excerpt":{"rendered":"<p>SPIEL lokal 22.-25.10.20 &#8211; Amigo Gleich sieben Spiele umfasste das Neuheitenpaket von Amigo f\u00fcr Spieler ab 5 Jahren. Magnefix, Chili Dice, Monster Expedition, Biber Gang, Honig T\u00f6pfchen, LAMA Party, Polar Panic. MagnefixDas turbulente Reaktionsspiel mit den originalen MAGFORMERS\u00ae-Bauteilen fordert euch heraus!Wer baut am schnellsten das bunte Konstrukt der Aufgabenkarte korrekt nach? Neben einem guten Auge &hellip; <\/p>\n<p class=\"link-more\"><a href=\"http:\/\/leidhecker-heim-spiel.de\/?page_id=514\" class=\"more-link\"><span class=\"screen-reader-text\">\u201eAmigo\u201c<\/span> weiterlesen<\/a><\/p>\n","protected":false},"author":1,"featured_media":0,"parent":0,"menu_order":0,"comment_status":"closed","ping_status":"closed","template":"","meta":{"footnotes":""},"class_list":["post-514","page","type-page","status-publish","hentry"],"_links":{"self":[{"href":"http:\/\/leidhecker-heim-spiel.de\/index.php?rest_route=\/wp\/v2\/pages\/514","targetHints":{"allow":["GET"]}}],"collection":[{"href":"http:\/\/leidhecker-heim-spiel.de\/index.php?rest_route=\/wp\/v2\/pages"}],"about":[{"href":"http:\/\/leidhecker-heim-spiel.de\/index.php?rest_route=\/wp\/v2\/types\/page"}],"author":[{"embeddable":true,"href":"http:\/\/leidhecker-heim-spiel.de\/index.php?rest_route=\/wp\/v2\/users\/1"}],"replies":[{"embeddable":true,"href":"http:\/\/leidhecker-heim-spiel.de\/index.php?rest_route=%2Fwp%2Fv2%2Fcomments&post=514"}],"version-history":[{"count":6,"href":"http:\/\/leidhecker-heim-spiel.de\/index.php?rest_route=\/wp\/v2\/pages\/514\/revisions"}],"predecessor-version":[{"id":629,"href":"http:\/\/leidhecker-heim-spiel.de\/index.php?rest_route=\/wp\/v2\/pages\/514\/revisions\/629"}],"wp:attachment":[{"href":"http:\/\/leidhecker-heim-spiel.de\/index.php?rest_route=%2Fwp%2Fv2%2Fmedia&parent=514"}],"curies":[{"name":"wp","href":"https:\/\/api.w.org\/{rel}","templated":true}]}}