{"id":519,"date":"2020-10-19T09:58:40","date_gmt":"2020-10-19T09:58:40","guid":{"rendered":"http:\/\/leidhecker-heim-spiel.de\/?page_id=519"},"modified":"2020-10-19T15:26:39","modified_gmt":"2020-10-19T15:26:39","slug":"kosmos","status":"publish","type":"page","link":"http:\/\/leidhecker-heim-spiel.de\/?page_id=519","title":{"rendered":"Kosmos"},"content":{"rendered":"\n<p><strong>SPIEL lokal 22.-25.10.20 &#8211; Kosmos<\/strong><\/p>\n\n\n\n<div class=\"wp-block-media-text alignwide is-stacked-on-mobile is-vertically-aligned-top\" style=\"grid-template-columns:15% auto\"><figure class=\"wp-block-media-text__media\"><img loading=\"lazy\" decoding=\"async\" width=\"278\" height=\"929\" src=\"http:\/\/leidhecker-heim-spiel.de\/wp-content\/uploads\/2020\/10\/KOSMOSBALKEN.jpg\" alt=\"\" class=\"wp-image-171\" srcset=\"http:\/\/leidhecker-heim-spiel.de\/wp-content\/uploads\/2020\/10\/KOSMOSBALKEN.jpg 278w, http:\/\/leidhecker-heim-spiel.de\/wp-content\/uploads\/2020\/10\/KOSMOSBALKEN-90x300.jpg 90w\" sizes=\"auto, (max-width: 278px) 100vw, 278px\" \/><\/figure><div class=\"wp-block-media-text__content\">\n<p>Weiter geht es mit Neuheiten zum ausprobieren. <strong>Anno 1800, Switch Signal, Paris Stadt der Lichter, Greenville 1989, My City, Andor &#8211; Verschollene Legenden: D\u00fcstere Zeiten, Aqualin, Escape Tales &#8211; Low Memory und Andor Junior<\/strong> sind aus dem Neuheitenprogramm von Kosmos, f\u00fcr die Spiel lokal in Leidhecken, angekommen.  <\/p>\n<\/div><\/div>\n\n\n\n<p class=\"has-small-font-size\"><\/p>\n\n\n\n<p class=\"has-medium-font-size\"><strong>Anno 1800<\/strong><\/p>\n\n\n\n<div class=\"wp-block-media-text alignwide is-stacked-on-mobile is-vertically-aligned-center\" style=\"grid-template-columns:36% auto\"><figure class=\"wp-block-media-text__media\"><img loading=\"lazy\" decoding=\"async\" width=\"600\" height=\"600\" src=\"http:\/\/leidhecker-heim-spiel.de\/wp-content\/uploads\/2020\/10\/Anno1800.jpg\" alt=\"\" class=\"wp-image-532\" srcset=\"http:\/\/leidhecker-heim-spiel.de\/wp-content\/uploads\/2020\/10\/Anno1800.jpg 600w, http:\/\/leidhecker-heim-spiel.de\/wp-content\/uploads\/2020\/10\/Anno1800-300x300.jpg 300w, http:\/\/leidhecker-heim-spiel.de\/wp-content\/uploads\/2020\/10\/Anno1800-150x150.jpg 150w, http:\/\/leidhecker-heim-spiel.de\/wp-content\/uploads\/2020\/10\/Anno1800-100x100.jpg 100w\" sizes=\"auto, (max-width: 600px) 100vw, 600px\" \/><\/figure><div class=\"wp-block-media-text__content\">\n<p>Die Industrialisierung hat begonnen! Im gro\u00dfen Aufbau-Strategie-Spiel baut jeder Spieler kontinuierlich die eigene Industrie auf, um seine Heimatinsel weiterzuentwickeln. Schiffsflotten erm\u00f6glichen einen regen Handel und die Erschlie\u00dfung neuer Inseln in der Alten und Neuen Welt. Es gilt in dieser analogen Umsetzung des PC-Spiels die W\u00fcnsche der eigenen Bev\u00f6lkerung zu erf\u00fcllen.<\/p>\n<\/div><\/div>\n\n\n\n<p>Sind die Einwohner anfangs noch mit Brot und Kleidung zufrieden, verlangen sie schon bald nach wertvollen Luxusg\u00fctern. Dabei m\u00fcssen die Spieler bei diesem Gesellschaftsspiel ihre Produktionsketten sinnvoll planen und die Spezialisierung ihrer Bev\u00f6lkerung im Auge behalten. Kommt es doch darauf an, eine kluge Verteilung von Bauern, Arbeitern, Handwerkern, Ingenieuren und Investoren zu erreichen. Aber Vorsicht: die Konkurrenz schl\u00e4ft nicht und k\u00f6nnte die neuen Errungenschaften jederzeit vor der Nase wegschnappen! Wer erschafft die florierendste Insel? <\/p>\n\n\n\n<p class=\"has-small-font-size\">Alter: ab 12 Jahren,  Spieldauer: 120 min,  Anzahl der Spieler: 2-4<\/p>\n\n\n\n<p class=\"has-medium-font-size\"><strong>Switch and Signal<\/strong><\/p>\n\n\n\n<div class=\"wp-block-media-text alignwide is-stacked-on-mobile\" style=\"grid-template-columns:33% auto\"><figure class=\"wp-block-media-text__media\"><img loading=\"lazy\" decoding=\"async\" width=\"600\" height=\"600\" src=\"http:\/\/leidhecker-heim-spiel.de\/wp-content\/uploads\/2020\/10\/Switch-und-Signal.jpg\" alt=\"\" class=\"wp-image-533\" srcset=\"http:\/\/leidhecker-heim-spiel.de\/wp-content\/uploads\/2020\/10\/Switch-und-Signal.jpg 600w, http:\/\/leidhecker-heim-spiel.de\/wp-content\/uploads\/2020\/10\/Switch-und-Signal-300x300.jpg 300w, http:\/\/leidhecker-heim-spiel.de\/wp-content\/uploads\/2020\/10\/Switch-und-Signal-150x150.jpg 150w, http:\/\/leidhecker-heim-spiel.de\/wp-content\/uploads\/2020\/10\/Switch-und-Signal-100x100.jpg 100w\" sizes=\"auto, (max-width: 600px) 100vw, 600px\" \/><\/figure><div class=\"wp-block-media-text__content\">\n<p>Wer beh\u00e4lt am besten den \u00dcberblick? Auf den Schienen ist unglaublich viel Verkehr! Anfangs geht es ziemlich entspannt zu, aber je mehr Eisenbahnen auf den Spielplan gesetzt werden, desto enger wird es. Sind die Weichen richtig gestellt? F\u00e4hrt der Zug wirklich auf der richtigen Strecke? Steht das Signal auf Gr\u00fcn? Jede Eisenbahn ist unterschiedlich schnell unterwegs. <\/p>\n<\/div><\/div>\n\n\n\n<p>Daher m\u00fcssen sich die Spieler in diesem kooperativen Strategiespiel gut absprechen und versuchen, ohne Zeitverlust die Waren zum Zielort zu transportieren. Quer durch Europa oder Nordamerika geht die Reise. Dank einfacher Regeln gleich loslegen. Die Zeit dr\u00e4ngt!<\/p>\n\n\n\n<p class=\"has-small-font-size\">Alter: ab 10 Jahren, Spieldauer: 45 Minuten,  Anzahl der Spieler: 2 &#8211; 4<\/p>\n\n\n\n<p class=\"has-medium-font-size\"><strong>Paris Stadt der Lichter<\/strong><\/p>\n\n\n\n<figure class=\"wp-block-gallery columns-3 is-cropped wp-block-gallery-1 is-layout-flex wp-block-gallery-is-layout-flex\"><ul class=\"blocks-gallery-grid\"><li class=\"blocks-gallery-item\"><figure><img loading=\"lazy\" decoding=\"async\" width=\"600\" height=\"591\" src=\"http:\/\/leidhecker-heim-spiel.de\/wp-content\/uploads\/2020\/10\/Paris-dieStadtderLichter.jpg\" alt=\"\" data-id=\"536\" data-full-url=\"http:\/\/leidhecker-heim-spiel.de\/wp-content\/uploads\/2020\/10\/Paris-dieStadtderLichter.jpg\" data-link=\"http:\/\/leidhecker-heim-spiel.de\/?attachment_id=536\" class=\"wp-image-536\" srcset=\"http:\/\/leidhecker-heim-spiel.de\/wp-content\/uploads\/2020\/10\/Paris-dieStadtderLichter.jpg 600w, http:\/\/leidhecker-heim-spiel.de\/wp-content\/uploads\/2020\/10\/Paris-dieStadtderLichter-300x296.jpg 300w, http:\/\/leidhecker-heim-spiel.de\/wp-content\/uploads\/2020\/10\/Paris-dieStadtderLichter-100x100.jpg 100w\" sizes=\"auto, (max-width: 600px) 100vw, 600px\" \/><\/figure><\/li><li class=\"blocks-gallery-item\"><figure><img loading=\"lazy\" decoding=\"async\" width=\"600\" height=\"526\" src=\"http:\/\/leidhecker-heim-spiel.de\/wp-content\/uploads\/2020\/10\/Paris.die-Stadrder-Lichter-2.jpg\" alt=\"\" data-id=\"608\" data-full-url=\"http:\/\/leidhecker-heim-spiel.de\/wp-content\/uploads\/2020\/10\/Paris.die-Stadrder-Lichter-2.jpg\" data-link=\"http:\/\/leidhecker-heim-spiel.de\/?attachment_id=608\" class=\"wp-image-608\" srcset=\"http:\/\/leidhecker-heim-spiel.de\/wp-content\/uploads\/2020\/10\/Paris.die-Stadrder-Lichter-2.jpg 600w, http:\/\/leidhecker-heim-spiel.de\/wp-content\/uploads\/2020\/10\/Paris.die-Stadrder-Lichter-2-300x263.jpg 300w\" sizes=\"auto, (max-width: 600px) 100vw, 600px\" \/><\/figure><\/li><li class=\"blocks-gallery-item\"><figure><img loading=\"lazy\" decoding=\"async\" width=\"600\" height=\"405\" src=\"http:\/\/leidhecker-heim-spiel.de\/wp-content\/uploads\/2020\/10\/Paris3.jpg\" alt=\"\" data-id=\"609\" data-full-url=\"http:\/\/leidhecker-heim-spiel.de\/wp-content\/uploads\/2020\/10\/Paris3.jpg\" data-link=\"http:\/\/leidhecker-heim-spiel.de\/?attachment_id=609\" class=\"wp-image-609\" srcset=\"http:\/\/leidhecker-heim-spiel.de\/wp-content\/uploads\/2020\/10\/Paris3.jpg 600w, http:\/\/leidhecker-heim-spiel.de\/wp-content\/uploads\/2020\/10\/Paris3-300x203.jpg 300w\" sizes=\"auto, (max-width: 600px) 100vw, 600px\" \/><\/figure><\/li><\/ul><\/figure>\n\n\n\n<p>Paris im Jahr 1889. P\u00fcnktlich zur Exposition Universelle zeigt die Stadt an der Seine der ganzen Welt ihre neueste Errungenschaft: die elektrische Stra\u00dfenbeleuchtung. Und zwei Spieler sind bei dem historischen Ereignis live dabei! Sie schl\u00fcpfen in diesem Strategiespiel in die Rollen zweier konkurrierender Baumeister. Um die meisten Punkte zu ergattern, m\u00fcssen die Bauwerke im Glanze der Lichter erstrahlen.<\/p>\n\n\n\n<p class=\"has-small-font-size\">Alter: ab 10 Jahren, Spieldauer: 30, Anzahl der Spieler: 2<\/p>\n\n\n\n<p class=\"has-medium-font-size\"><strong>Greenville 1989<\/strong><\/p>\n\n\n\n<div class=\"wp-block-media-text alignwide is-stacked-on-mobile\" style=\"grid-template-columns:34% auto\"><figure class=\"wp-block-media-text__media\"><img loading=\"lazy\" decoding=\"async\" width=\"600\" height=\"600\" src=\"http:\/\/leidhecker-heim-spiel.de\/wp-content\/uploads\/2020\/10\/Greenville1989.jpg\" alt=\"\" class=\"wp-image-535\" srcset=\"http:\/\/leidhecker-heim-spiel.de\/wp-content\/uploads\/2020\/10\/Greenville1989.jpg 600w, http:\/\/leidhecker-heim-spiel.de\/wp-content\/uploads\/2020\/10\/Greenville1989-300x300.jpg 300w, http:\/\/leidhecker-heim-spiel.de\/wp-content\/uploads\/2020\/10\/Greenville1989-150x150.jpg 150w, http:\/\/leidhecker-heim-spiel.de\/wp-content\/uploads\/2020\/10\/Greenville1989-100x100.jpg 100w\" sizes=\"auto, (max-width: 600px) 100vw, 600px\" \/><\/figure><div class=\"wp-block-media-text__content\">\n<p>Greenville im Jahre 1989: Was als Bowling-Ausflug mit Freunden begonnen hat, wird zu einem unheimlichen Abenteuer. Die drei bis sechs Spieler ab 16 Jahren schl\u00fcpfen in die Rollen von Jugendlichen in Greenville und erleben \u00dcbernat\u00fcrliches in einer d\u00fcsteren Parallelwelt. Mithilfe der atmosph\u00e4risch illustrierten Spielkarten schildern sie ihren Mitspielern, was um sie herum geschieht. <\/p>\n<\/div><\/div>\n\n\n\n<p>Die Karten werden in diesem Gesellschaftsspiel geheim zugeordnet und auf \u00dcbereinstimmungen gepr\u00fcft. Je besser sich die Spieler in ihre Mitspieler hineinversetzen k\u00f6nnen, desto eher k\u00f6nnen sie fliehen. Das Besondere an diesem Spiel: Von Runde zu Runde wechselt der Spielleiter.<\/p>\n\n\n\n<p class=\"has-small-font-size\">Alter: ab 16 Jahren, Spieldauer: 30-60 Minuten, Anzahl der Spieler: 3-6<\/p>\n\n\n\n<p class=\"has-medium-font-size\"><strong>My City (Legacy)<\/strong><\/p>\n\n\n\n<figure class=\"wp-block-gallery columns-3 is-cropped wp-block-gallery-2 is-layout-flex wp-block-gallery-is-layout-flex\"><ul class=\"blocks-gallery-grid\"><li class=\"blocks-gallery-item\"><figure><img loading=\"lazy\" decoding=\"async\" width=\"600\" height=\"600\" src=\"http:\/\/leidhecker-heim-spiel.de\/wp-content\/uploads\/2020\/10\/MyCity.jpg\" alt=\"\" data-id=\"538\" data-full-url=\"http:\/\/leidhecker-heim-spiel.de\/wp-content\/uploads\/2020\/10\/MyCity.jpg\" data-link=\"http:\/\/leidhecker-heim-spiel.de\/?attachment_id=538\" class=\"wp-image-538\" srcset=\"http:\/\/leidhecker-heim-spiel.de\/wp-content\/uploads\/2020\/10\/MyCity.jpg 600w, http:\/\/leidhecker-heim-spiel.de\/wp-content\/uploads\/2020\/10\/MyCity-300x300.jpg 300w, http:\/\/leidhecker-heim-spiel.de\/wp-content\/uploads\/2020\/10\/MyCity-150x150.jpg 150w, http:\/\/leidhecker-heim-spiel.de\/wp-content\/uploads\/2020\/10\/MyCity-100x100.jpg 100w\" sizes=\"auto, (max-width: 600px) 100vw, 600px\" \/><\/figure><\/li><li class=\"blocks-gallery-item\"><figure><img loading=\"lazy\" decoding=\"async\" width=\"600\" height=\"600\" src=\"http:\/\/leidhecker-heim-spiel.de\/wp-content\/uploads\/2020\/10\/MyCity2.jpg\" alt=\"\" data-id=\"606\" data-full-url=\"http:\/\/leidhecker-heim-spiel.de\/wp-content\/uploads\/2020\/10\/MyCity2.jpg\" data-link=\"http:\/\/leidhecker-heim-spiel.de\/?attachment_id=606\" class=\"wp-image-606\" srcset=\"http:\/\/leidhecker-heim-spiel.de\/wp-content\/uploads\/2020\/10\/MyCity2.jpg 600w, http:\/\/leidhecker-heim-spiel.de\/wp-content\/uploads\/2020\/10\/MyCity2-300x300.jpg 300w, http:\/\/leidhecker-heim-spiel.de\/wp-content\/uploads\/2020\/10\/MyCity2-150x150.jpg 150w, http:\/\/leidhecker-heim-spiel.de\/wp-content\/uploads\/2020\/10\/MyCity2-100x100.jpg 100w\" sizes=\"auto, (max-width: 600px) 100vw, 600px\" \/><\/figure><\/li><li class=\"blocks-gallery-item\"><figure><img loading=\"lazy\" decoding=\"async\" width=\"600\" height=\"600\" src=\"http:\/\/leidhecker-heim-spiel.de\/wp-content\/uploads\/2020\/10\/MyCity3-rotated-e1602954330638.jpg\" alt=\"\" data-id=\"607\" data-full-url=\"http:\/\/leidhecker-heim-spiel.de\/wp-content\/uploads\/2020\/10\/MyCity3-rotated-e1602954330638.jpg\" data-link=\"http:\/\/leidhecker-heim-spiel.de\/?attachment_id=607\" class=\"wp-image-607\" srcset=\"http:\/\/leidhecker-heim-spiel.de\/wp-content\/uploads\/2020\/10\/MyCity3-rotated-e1602954330638.jpg 600w, http:\/\/leidhecker-heim-spiel.de\/wp-content\/uploads\/2020\/10\/MyCity3-rotated-e1602954330638-300x300.jpg 300w, http:\/\/leidhecker-heim-spiel.de\/wp-content\/uploads\/2020\/10\/MyCity3-rotated-e1602954330638-150x150.jpg 150w, http:\/\/leidhecker-heim-spiel.de\/wp-content\/uploads\/2020\/10\/MyCity3-rotated-e1602954330638-100x100.jpg 100w\" sizes=\"auto, (max-width: 600px) 100vw, 600px\" \/><\/figure><\/li><\/ul><\/figure>\n\n\n\n<p>Eine Stadt bauen, weiterentwickeln und zugleich auf Zeitreise gehen: Das Legespiel \u201eMy City\u201c sorgt von Spiel zu Spiel f\u00fcr spannende Wendungen. W\u00e4hrend der einzelnen Partien kommen immer wieder neue Regeln und Spielmaterialien f\u00fcr die zwei bis vier Spieler hinzu, bis nach 24 Spielen die abwechslungsreiche Geschichte einer Stadt erz\u00e4hlt wurde.<\/p>\n\n\n\n<p class=\"has-small-font-size\">Alter: ab 10 Jahren, Spieldauer: 30 Minuten, Anzahl der Spieler: 2-4<\/p>\n\n\n\n<p class=\"has-medium-font-size\"><strong>Andor &#8211; Verschollene Legenden: D\u00fcstere Zeiten<\/strong> (Erweiterung)<\/p>\n\n\n\n<div class=\"wp-block-media-text alignwide is-stacked-on-mobile\" style=\"grid-template-columns:30% auto\"><figure class=\"wp-block-media-text__media\"><img loading=\"lazy\" decoding=\"async\" width=\"334\" height=\"600\" src=\"http:\/\/leidhecker-heim-spiel.de\/wp-content\/uploads\/2020\/10\/Andor-VerscholleneLegendenErw..jpg\" alt=\"\" class=\"wp-image-537\" srcset=\"http:\/\/leidhecker-heim-spiel.de\/wp-content\/uploads\/2020\/10\/Andor-VerscholleneLegendenErw..jpg 334w, http:\/\/leidhecker-heim-spiel.de\/wp-content\/uploads\/2020\/10\/Andor-VerscholleneLegendenErw.-167x300.jpg 167w\" sizes=\"auto, (max-width: 334px) 100vw, 334px\" \/><\/figure><div class=\"wp-block-media-text__content\">\n<p>Das h\u00e4tten die Helden von Andor nie im Leben f\u00fcr m\u00f6glich gehalten! Die drei neuen Legenden lassen sie zu einer Reise an einen unbekannten Ort aufbrechen. Die erste Legende beginnt in Cavern, auf dem Minen-Spielplan \u2013 und schon sind die Spieler Teil des Geschehens, der einen Wendepunkt in der Geschichte Andors bedeuten k\u00f6nnte. Mit den  drei neuen Legenden wird das Grundspiel \u201eDie Legenden von Andor\u201c um aufregende Abenteuer in der fantastischen Welt erg\u00e4nzt. Diese wurden von Michael Menzel im Stil der preisgekr\u00f6nten Andor-Spiele illustriert. Gemeinsam das Land gegen fremde M\u00e4chte verteidigen \u2013 im kooperativen Brettspiel warten viele spannende Herausforderungen.<\/p>\n<\/div><\/div>\n\n\n\n<p class=\"has-small-font-size\">Alter: ab 10 Jahren, Spieldauer: 60-90 Minuten, Anzahl der Spieler: 2 &#8211; 4<\/p>\n\n\n\n<p class=\"has-medium-font-size\"><strong>Aqualin<\/strong><\/p>\n\n\n\n<figure class=\"wp-block-gallery aligncenter columns-3 is-cropped wp-block-gallery-3 is-layout-flex wp-block-gallery-is-layout-flex\"><ul class=\"blocks-gallery-grid\"><li class=\"blocks-gallery-item\"><figure><img loading=\"lazy\" decoding=\"async\" width=\"600\" height=\"591\" src=\"http:\/\/leidhecker-heim-spiel.de\/wp-content\/uploads\/2020\/10\/Aqualin.jpg\" alt=\"\" data-id=\"530\" data-full-url=\"http:\/\/leidhecker-heim-spiel.de\/wp-content\/uploads\/2020\/10\/Aqualin.jpg\" data-link=\"http:\/\/leidhecker-heim-spiel.de\/?attachment_id=530\" class=\"wp-image-530\" srcset=\"http:\/\/leidhecker-heim-spiel.de\/wp-content\/uploads\/2020\/10\/Aqualin.jpg 600w, http:\/\/leidhecker-heim-spiel.de\/wp-content\/uploads\/2020\/10\/Aqualin-300x296.jpg 300w, http:\/\/leidhecker-heim-spiel.de\/wp-content\/uploads\/2020\/10\/Aqualin-100x100.jpg 100w\" sizes=\"auto, (max-width: 600px) 100vw, 600px\" \/><\/figure><\/li><li class=\"blocks-gallery-item\"><figure><img loading=\"lazy\" decoding=\"async\" width=\"600\" height=\"600\" src=\"http:\/\/leidhecker-heim-spiel.de\/wp-content\/uploads\/2020\/10\/Aqualin2.jpg\" alt=\"\" data-id=\"604\" data-full-url=\"http:\/\/leidhecker-heim-spiel.de\/wp-content\/uploads\/2020\/10\/Aqualin2.jpg\" data-link=\"http:\/\/leidhecker-heim-spiel.de\/?attachment_id=604\" class=\"wp-image-604\" srcset=\"http:\/\/leidhecker-heim-spiel.de\/wp-content\/uploads\/2020\/10\/Aqualin2.jpg 600w, http:\/\/leidhecker-heim-spiel.de\/wp-content\/uploads\/2020\/10\/Aqualin2-300x300.jpg 300w, http:\/\/leidhecker-heim-spiel.de\/wp-content\/uploads\/2020\/10\/Aqualin2-150x150.jpg 150w, http:\/\/leidhecker-heim-spiel.de\/wp-content\/uploads\/2020\/10\/Aqualin2-100x100.jpg 100w\" sizes=\"auto, (max-width: 600px) 100vw, 600px\" \/><\/figure><\/li><li class=\"blocks-gallery-item\"><figure><img loading=\"lazy\" decoding=\"async\" width=\"600\" height=\"600\" src=\"http:\/\/leidhecker-heim-spiel.de\/wp-content\/uploads\/2020\/10\/Aqualin3.jpg\" alt=\"\" data-id=\"605\" data-full-url=\"http:\/\/leidhecker-heim-spiel.de\/wp-content\/uploads\/2020\/10\/Aqualin3.jpg\" data-link=\"http:\/\/leidhecker-heim-spiel.de\/?attachment_id=605\" class=\"wp-image-605\" srcset=\"http:\/\/leidhecker-heim-spiel.de\/wp-content\/uploads\/2020\/10\/Aqualin3.jpg 600w, http:\/\/leidhecker-heim-spiel.de\/wp-content\/uploads\/2020\/10\/Aqualin3-300x300.jpg 300w, http:\/\/leidhecker-heim-spiel.de\/wp-content\/uploads\/2020\/10\/Aqualin3-150x150.jpg 150w, http:\/\/leidhecker-heim-spiel.de\/wp-content\/uploads\/2020\/10\/Aqualin3-100x100.jpg 100w\" sizes=\"auto, (max-width: 600px) 100vw, 600px\" \/><\/figure><\/li><\/ul><\/figure>\n\n\n\n<p>Schildkr\u00f6te, Seepferdchen, Seestern: Wer beh\u00e4lt in diesem Spiel f\u00fcr 2 Personen den \u00dcberblick? Das Get\u00fcmmel am Riff ist gro\u00df und die unterschiedlichen Meerestiere bilden immer wieder aufs Neue einen kunterbunten Schwarm. . Die Spieler ab 10 Jahren ordnen ihre Gruppen mit Meeresbewohnern entweder nach Farbe oder Tierart. Das Strategiespiel gewinnt, wem es in 36 Spielz\u00fcgen gelingt, die gr\u00f6\u00dften Schw\u00e4rme zu bilden.<\/p>\n\n\n\n<p class=\"has-small-font-size\">Alter: ab 10 Jahren, Spieldauer: 20 Minuten, Anzahl der Spieler: 2<\/p>\n\n\n\n<p class=\"has-medium-font-size\"><strong>Escape Tales &#8211; Low Memory<\/strong><\/p>\n\n\n\n<div class=\"wp-block-media-text alignwide is-stacked-on-mobile\" style=\"grid-template-columns:22% auto\"><figure class=\"wp-block-media-text__media\"><img loading=\"lazy\" decoding=\"async\" width=\"435\" height=\"600\" src=\"http:\/\/leidhecker-heim-spiel.de\/wp-content\/uploads\/2020\/10\/EscapeTales-LowMemory.jpg\" alt=\"\" class=\"wp-image-539\" srcset=\"http:\/\/leidhecker-heim-spiel.de\/wp-content\/uploads\/2020\/10\/EscapeTales-LowMemory.jpg 435w, http:\/\/leidhecker-heim-spiel.de\/wp-content\/uploads\/2020\/10\/EscapeTales-LowMemory-218x300.jpg 218w\" sizes=\"auto, (max-width: 435px) 100vw, 435px\" \/><\/figure><div class=\"wp-block-media-text__content\">\n<p>Im Team folgen die Spieler der Protagonistin Elizabeth ins Jahr 2060 und versuchen mit ihr herauszufinden, was in einer bestimmten Zeitspanne passiert ist. Sie hat die Erinnerung an einen ganzen Abend verloren! Die Spieler schl\u00fcpfen in unterschiedliche Rollen und kommen schrittweise dem d\u00fcsteren Geheimnis der Haupthandlung auf die Spur. Ein kooperatives Spielabenteuer mit vielen R\u00e4tseln, einer spannenden Geschichte und mehreren Aufl\u00f6sungsm\u00f6glichkeiten. <\/p>\n<\/div><\/div>\n\n\n\n<p class=\"has-small-font-size\">Alter: ab 18 Jahren,  Spieldauer: 3 x 150 Minuten, Anzahl der Spieler: 1-4<\/p>\n\n\n\n<p class=\"has-medium-font-size\"><strong>Andor Junior<\/strong><\/p>\n\n\n\n<figure class=\"wp-block-gallery columns-3 is-cropped wp-block-gallery-4 is-layout-flex wp-block-gallery-is-layout-flex\"><ul class=\"blocks-gallery-grid\"><li class=\"blocks-gallery-item\"><figure><img loading=\"lazy\" decoding=\"async\" width=\"600\" height=\"600\" src=\"http:\/\/leidhecker-heim-spiel.de\/wp-content\/uploads\/2020\/10\/AndorJunior.jpg\" alt=\"\" data-id=\"534\" data-full-url=\"http:\/\/leidhecker-heim-spiel.de\/wp-content\/uploads\/2020\/10\/AndorJunior.jpg\" data-link=\"http:\/\/leidhecker-heim-spiel.de\/?attachment_id=534\" class=\"wp-image-534\" srcset=\"http:\/\/leidhecker-heim-spiel.de\/wp-content\/uploads\/2020\/10\/AndorJunior.jpg 600w, http:\/\/leidhecker-heim-spiel.de\/wp-content\/uploads\/2020\/10\/AndorJunior-300x300.jpg 300w, http:\/\/leidhecker-heim-spiel.de\/wp-content\/uploads\/2020\/10\/AndorJunior-150x150.jpg 150w, http:\/\/leidhecker-heim-spiel.de\/wp-content\/uploads\/2020\/10\/AndorJunior-100x100.jpg 100w\" sizes=\"auto, (max-width: 600px) 100vw, 600px\" \/><\/figure><\/li><li class=\"blocks-gallery-item\"><figure><img loading=\"lazy\" decoding=\"async\" width=\"600\" height=\"400\" src=\"http:\/\/leidhecker-heim-spiel.de\/wp-content\/uploads\/2020\/10\/AndorJunior3.jpg\" alt=\"\" data-id=\"603\" data-full-url=\"http:\/\/leidhecker-heim-spiel.de\/wp-content\/uploads\/2020\/10\/AndorJunior3.jpg\" data-link=\"http:\/\/leidhecker-heim-spiel.de\/?attachment_id=603\" class=\"wp-image-603\" srcset=\"http:\/\/leidhecker-heim-spiel.de\/wp-content\/uploads\/2020\/10\/AndorJunior3.jpg 600w, http:\/\/leidhecker-heim-spiel.de\/wp-content\/uploads\/2020\/10\/AndorJunior3-300x200.jpg 300w\" sizes=\"auto, (max-width: 600px) 100vw, 600px\" \/><\/figure><\/li><li class=\"blocks-gallery-item\"><figure><img loading=\"lazy\" decoding=\"async\" width=\"600\" height=\"400\" src=\"http:\/\/leidhecker-heim-spiel.de\/wp-content\/uploads\/2020\/10\/AndorJunior2.jpg\" alt=\"\" data-id=\"602\" data-full-url=\"http:\/\/leidhecker-heim-spiel.de\/wp-content\/uploads\/2020\/10\/AndorJunior2.jpg\" data-link=\"http:\/\/leidhecker-heim-spiel.de\/?attachment_id=602\" class=\"wp-image-602\" srcset=\"http:\/\/leidhecker-heim-spiel.de\/wp-content\/uploads\/2020\/10\/AndorJunior2.jpg 600w, http:\/\/leidhecker-heim-spiel.de\/wp-content\/uploads\/2020\/10\/AndorJunior2-300x200.jpg 300w\" sizes=\"auto, (max-width: 600px) 100vw, 600px\" \/><\/figure><\/li><\/ul><\/figure>\n\n\n\n<p>Gro\u00dfer Schreck! Die Wolfsjungen haben sich in der Zwergenmine verirrt und brauchen dringend Hilfe. Keine Frage, dass die Helden von Andor zu ihrer Rettung eilen. Doch kaum haben sie die Rietburg verlassen, wittert der listige Drache seine Chance und macht sich zum Angriff bereit. Werden die Helden es schaffen, ihre Aufgaben zu erf\u00fcllen, bevor der Drache die ungesch\u00fctzte Burg erreicht? Ein spannendes Abenteuer in der Welt von \u201eDie Legenden von Andor\u201c beginnt! <\/p>\n\n\n\n<p>Im kooperativen Brettspiel \u201eAndor Junior\u201c schl\u00fcpfen 2-4 Spieler ab 7 Jahren in die Rollen von Magier, Bogensch\u00fctzin , Krieger und Zwerg und stellen sich gemeinsam einer Reihe von Herausforderungen. Wird es den Helden gelingen, das Land Andor in diesem Gesellschaftsspiel zu besch\u00fctzen? Fantasy und Abenteuer im kooperativen Brettspiel \u201eAndor Junior\u201c f\u00fcr die ganze Familie!<\/p>\n\n\n\n<p class=\"has-small-font-size\">Alter: ab 7 Jahren, Spieldauer: 30 &#8211; 45 Min., Anzahl der Spieler: 2 &#8211; 4<\/p>\n\n\n\n<p>Quelle: <a href=\"http:\/\/www.kosmos.de\" target=\"_blank\" rel=\"noreferrer noopener\">Kosmos<\/a><\/p>\n","protected":false},"excerpt":{"rendered":"<p>SPIEL lokal 22.-25.10.20 &#8211; Kosmos Weiter geht es mit Neuheiten zum ausprobieren. Anno 1800, Switch Signal, Paris Stadt der Lichter, Greenville 1989, My City, Andor &#8211; Verschollene Legenden: D\u00fcstere Zeiten, Aqualin, Escape Tales &#8211; Low Memory und Andor Junior sind aus dem Neuheitenprogramm von Kosmos, f\u00fcr die Spiel lokal in Leidhecken, angekommen. Anno 1800 Die &hellip; <\/p>\n<p class=\"link-more\"><a href=\"http:\/\/leidhecker-heim-spiel.de\/?page_id=519\" class=\"more-link\"><span class=\"screen-reader-text\">\u201eKosmos\u201c<\/span> weiterlesen<\/a><\/p>\n","protected":false},"author":1,"featured_media":0,"parent":0,"menu_order":0,"comment_status":"closed","ping_status":"closed","template":"","meta":{"footnotes":""},"class_list":["post-519","page","type-page","status-publish","hentry"],"_links":{"self":[{"href":"http:\/\/leidhecker-heim-spiel.de\/index.php?rest_route=\/wp\/v2\/pages\/519","targetHints":{"allow":["GET"]}}],"collection":[{"href":"http:\/\/leidhecker-heim-spiel.de\/index.php?rest_route=\/wp\/v2\/pages"}],"about":[{"href":"http:\/\/leidhecker-heim-spiel.de\/index.php?rest_route=\/wp\/v2\/types\/page"}],"author":[{"embeddable":true,"href":"http:\/\/leidhecker-heim-spiel.de\/index.php?rest_route=\/wp\/v2\/users\/1"}],"replies":[{"embeddable":true,"href":"http:\/\/leidhecker-heim-spiel.de\/index.php?rest_route=%2Fwp%2Fv2%2Fcomments&post=519"}],"version-history":[{"count":12,"href":"http:\/\/leidhecker-heim-spiel.de\/index.php?rest_route=\/wp\/v2\/pages\/519\/revisions"}],"predecessor-version":[{"id":688,"href":"http:\/\/leidhecker-heim-spiel.de\/index.php?rest_route=\/wp\/v2\/pages\/519\/revisions\/688"}],"wp:attachment":[{"href":"http:\/\/leidhecker-heim-spiel.de\/index.php?rest_route=%2Fwp%2Fv2%2Fmedia&parent=519"}],"curies":[{"name":"wp","href":"https:\/\/api.w.org\/{rel}","templated":true}]}}