{"id":522,"date":"2020-10-22T12:52:25","date_gmt":"2020-10-22T12:52:25","guid":{"rendered":"http:\/\/leidhecker-heim-spiel.de\/?page_id=522"},"modified":"2020-10-22T12:52:25","modified_gmt":"2020-10-22T12:52:25","slug":"dlp-games","status":"publish","type":"page","link":"http:\/\/leidhecker-heim-spiel.de\/?page_id=522","title":{"rendered":"DLP Games"},"content":{"rendered":"\n<p><strong>SPIEL lokal 22.-25.10.20 &#8211; DLP<\/strong><\/p>\n\n\n\n<div class=\"wp-block-media-text alignwide is-stacked-on-mobile\" style=\"grid-template-columns:30% auto\"><figure class=\"wp-block-media-text__media\"><img loading=\"lazy\" decoding=\"async\" width=\"652\" height=\"313\" src=\"http:\/\/leidhecker-heim-spiel.de\/wp-content\/uploads\/2020\/10\/LOGO-DLP-Transparent.png\" alt=\"\" class=\"wp-image-169\" srcset=\"http:\/\/leidhecker-heim-spiel.de\/wp-content\/uploads\/2020\/10\/LOGO-DLP-Transparent.png 652w, http:\/\/leidhecker-heim-spiel.de\/wp-content\/uploads\/2020\/10\/LOGO-DLP-Transparent-300x144.png 300w\" sizes=\"auto, (max-width: 652px) 100vw, 652px\" \/><\/figure><div class=\"wp-block-media-text__content\">\n<p>DLP wollte uns mit der Neuheit <strong>Monasterium<\/strong><br>unterst\u00fctzen, leider wird es erst kommende Woche zur Verf\u00fcgung stehen. Aber kein Problem, wir haben <a href=\"https:\/\/www.dlp-games.de\/spiele\/altiplano-der-reisende\" target=\"_blank\" rel=\"noreferrer noopener\">Altiplano<\/a>, <a href=\"https:\/\/www.dlp-games.de\/spiele\/valparaiso\" target=\"_blank\" rel=\"noreferrer noopener\">Valparaiso<\/a> und <a href=\"https:\/\/www.dlp-games.de\/spiele\/manitoba\" target=\"_blank\" rel=\"noreferrer noopener\">Manitoba<\/a> zum spielen da.<\/p>\n<\/div><\/div>\n\n\n\n<p class=\"has-medium-font-size\"><strong>Monasterium<\/strong><\/p>\n\n\n\n<div class=\"wp-block-media-text alignwide is-stacked-on-mobile is-vertically-aligned-top\" style=\"grid-template-columns:38% auto\"><figure class=\"wp-block-media-text__media\"><img loading=\"lazy\" decoding=\"async\" width=\"578\" height=\"800\" src=\"http:\/\/leidhecker-heim-spiel.de\/wp-content\/uploads\/2020\/10\/Monasterium.jpg\" alt=\"\" class=\"wp-image-548\" srcset=\"http:\/\/leidhecker-heim-spiel.de\/wp-content\/uploads\/2020\/10\/Monasterium.jpg 578w, http:\/\/leidhecker-heim-spiel.de\/wp-content\/uploads\/2020\/10\/Monasterium-217x300.jpg 217w\" sizes=\"auto, (max-width: 578px) 100vw, 578px\" \/><\/figure><div class=\"wp-block-media-text__content\">\n<p>Im fr\u00fchen Mittelalter, der Hochzeit kirchlicher Macht, entstanden in einem wundersch\u00f6nen Tal gleich 5 Kl\u00f6ster, die es sich zur Aufgabe gemacht hatten, das Wort Gottes zu verbreiten. Als Leiter einer Domschule versucht ihr, die euch anvertrau\u00adten Novizen in den Kl\u00f6stern unterzubringen, und euch so einen unverkennbaren Ruf aufzubauen. Entsprechend ihren Talenten schickt ihr Novizen in Klostergeb\u00e4ude, in die Kapelle oder auf den Kreuzgang. Dabei ist auch die F\u00fcrsprache ein\u00adflussreicher Pers\u00f6nlichkeiten oder anderer M\u00f6n\u00adche nicht zu untersch\u00e4tzen.<\/p>\n<\/div><\/div>\n\n\n\n<p>Dar\u00fcber hinaus k\u00f6nnt ihr die besonderen Auftr\u00e4ge der Kl\u00f6ster erf\u00fcllen und am Kirchenfenster eures Domes mitbauen, um ebenfalls den Ruhm eurer Schule zu mehren. Nach dem dreij\u00e4hrigen Noviziat wird sich zeigen, wer mit seinen Gehilfen am meisten Ruhm und Ehr&#8216; einheimsen konnte<\/p>\n\n\n\n<p>Monasterium (lat. Kloster) ist ein strategisches Spiel f\u00fcr 2 \u2013 4 Spieler mit einem innovativen W\u00fcrfelmechanismus, welcher die Spieler vor immer neue Herausforderungen stellt.<\/p>\n\n\n\n<p class=\"has-small-font-size\">Quelle: <a href=\"https:\/\/www.dlp-games.de\/monasterium_1047_1090\">https:\/\/www.dlp-games.de\/monasterium_1047_1090<\/a><\/p>\n","protected":false},"excerpt":{"rendered":"<p>SPIEL lokal 22.-25.10.20 &#8211; DLP DLP wollte uns mit der Neuheit Monasteriumunterst\u00fctzen, leider wird es erst kommende Woche zur Verf\u00fcgung stehen. Aber kein Problem, wir haben Altiplano, Valparaiso und Manitoba zum spielen da. Monasterium Im fr\u00fchen Mittelalter, der Hochzeit kirchlicher Macht, entstanden in einem wundersch\u00f6nen Tal gleich 5 Kl\u00f6ster, die es sich zur Aufgabe gemacht &hellip; <\/p>\n<p class=\"link-more\"><a href=\"http:\/\/leidhecker-heim-spiel.de\/?page_id=522\" class=\"more-link\"><span class=\"screen-reader-text\">\u201eDLP Games\u201c<\/span> weiterlesen<\/a><\/p>\n","protected":false},"author":1,"featured_media":0,"parent":0,"menu_order":0,"comment_status":"closed","ping_status":"closed","template":"","meta":{"footnotes":""},"class_list":["post-522","page","type-page","status-publish","hentry"],"_links":{"self":[{"href":"http:\/\/leidhecker-heim-spiel.de\/index.php?rest_route=\/wp\/v2\/pages\/522","targetHints":{"allow":["GET"]}}],"collection":[{"href":"http:\/\/leidhecker-heim-spiel.de\/index.php?rest_route=\/wp\/v2\/pages"}],"about":[{"href":"http:\/\/leidhecker-heim-spiel.de\/index.php?rest_route=\/wp\/v2\/types\/page"}],"author":[{"embeddable":true,"href":"http:\/\/leidhecker-heim-spiel.de\/index.php?rest_route=\/wp\/v2\/users\/1"}],"replies":[{"embeddable":true,"href":"http:\/\/leidhecker-heim-spiel.de\/index.php?rest_route=%2Fwp%2Fv2%2Fcomments&post=522"}],"version-history":[{"count":3,"href":"http:\/\/leidhecker-heim-spiel.de\/index.php?rest_route=\/wp\/v2\/pages\/522\/revisions"}],"predecessor-version":[{"id":716,"href":"http:\/\/leidhecker-heim-spiel.de\/index.php?rest_route=\/wp\/v2\/pages\/522\/revisions\/716"}],"wp:attachment":[{"href":"http:\/\/leidhecker-heim-spiel.de\/index.php?rest_route=%2Fwp%2Fv2%2Fmedia&parent=522"}],"curies":[{"name":"wp","href":"https:\/\/api.w.org\/{rel}","templated":true}]}}