{"id":527,"date":"2020-10-17T14:16:29","date_gmt":"2020-10-17T14:16:29","guid":{"rendered":"http:\/\/leidhecker-heim-spiel.de\/?page_id=527"},"modified":"2020-10-22T19:35:11","modified_gmt":"2020-10-22T19:35:11","slug":"nsv-nuernberger-spielekarten-verlag","status":"publish","type":"page","link":"http:\/\/leidhecker-heim-spiel.de\/?page_id=527","title":{"rendered":"NSV &#8211; N\u00fcrnberger Spielekarten Verlag"},"content":{"rendered":"\n<div class=\"wp-block-media-text alignwide is-stacked-on-mobile is-vertically-aligned-top\" style=\"grid-template-columns:25% auto\"><figure class=\"wp-block-media-text__media\"><img loading=\"lazy\" decoding=\"async\" width=\"457\" height=\"500\" src=\"http:\/\/leidhecker-heim-spiel.de\/wp-content\/uploads\/2020\/10\/NSV_Logo-1.jpg\" alt=\"\" class=\"wp-image-728\" srcset=\"http:\/\/leidhecker-heim-spiel.de\/wp-content\/uploads\/2020\/10\/NSV_Logo-1.jpg 457w, http:\/\/leidhecker-heim-spiel.de\/wp-content\/uploads\/2020\/10\/NSV_Logo-1-274x300.jpg 274w\" sizes=\"auto, (max-width: 457px) 100vw, 457px\" \/><\/figure><div class=\"wp-block-media-text__content\">\n<p>P\u00fcnktlich zum Start der Spiel lokal haben uns die Neuheiten vom NSV -N\u00fcrnberger Spielekarten Verlag- erreicht. Ein Karton mit <strong>Spukstaben<\/strong>, <strong>Contact<\/strong>, <strong>Wir sind die Roboter<\/strong>, <strong>Qwixx &#8211; Bonus<\/strong>, <strong>The Game &#8211; Quick and easy<\/strong>, sowie <strong>Minnys<\/strong>. <br><em><strong>Minny Hamstern, Minny Honeymoon, Minny Volle Weide, Minny Wolle.<\/strong><\/em><\/p>\n<\/div><\/div>\n\n\n\n<p><strong>Spukstaben<\/strong><\/p>\n\n\n\n<p>Es ist Mitternacht in der alten Druckerei und die kleinen Geister sind wieder da, um euch die Druckbuchstaben zu klauen \u2013 solche SPUKSTABEN! Nur gemeinsam k\u00f6nnt ihr sie aufhalten, indem ihr sie treffsicher mit W\u00f6rtern erschreckt. Aber Achtung, die Zeit ist knapp! Und jede Runde kommen neue SPUKSTABEN dazu &#8230; Kreative Wortsch\u00f6pfungen sind nicht der Schl\u00fcssel zum Erfolg. Es ist wichtiger, dass ihr als Team zusammenarbeitet. Jedes Wort z\u00e4hlt! Schafft ihr es gemeinsam die SPUKSTABEN bis zum Morgengrauen aufzuhalten?<\/p>\n\n\n\n<figure class=\"wp-block-image size-large\"><img loading=\"lazy\" decoding=\"async\" width=\"1024\" height=\"1024\" src=\"http:\/\/leidhecker-heim-spiel.de\/wp-content\/uploads\/2020\/10\/3500_Spukstaben_DE_offen_HIGH-1024x1024.jpg\" alt=\"\" class=\"wp-image-721\" srcset=\"http:\/\/leidhecker-heim-spiel.de\/wp-content\/uploads\/2020\/10\/3500_Spukstaben_DE_offen_HIGH-1024x1024.jpg 1024w, http:\/\/leidhecker-heim-spiel.de\/wp-content\/uploads\/2020\/10\/3500_Spukstaben_DE_offen_HIGH-300x300.jpg 300w, http:\/\/leidhecker-heim-spiel.de\/wp-content\/uploads\/2020\/10\/3500_Spukstaben_DE_offen_HIGH-150x150.jpg 150w, http:\/\/leidhecker-heim-spiel.de\/wp-content\/uploads\/2020\/10\/3500_Spukstaben_DE_offen_HIGH-768x768.jpg 768w, http:\/\/leidhecker-heim-spiel.de\/wp-content\/uploads\/2020\/10\/3500_Spukstaben_DE_offen_HIGH-100x100.jpg 100w, http:\/\/leidhecker-heim-spiel.de\/wp-content\/uploads\/2020\/10\/3500_Spukstaben_DE_offen_HIGH.jpg 1500w\" sizes=\"auto, (max-width: 767px) 89vw, (max-width: 1000px) 54vw, (max-width: 1071px) 543px, 580px\" \/><figcaption>Spukstaben<\/figcaption><\/figure>\n\n\n\n<p class=\"has-small-font-size\"><strong>Alter: ab 10 Jahren, Spieler: 1\u20134, Spieldauer: ca. 20 Minuten<\/strong><\/p>\n\n\n\n<p><strong>Contact<\/strong><\/p>\n\n\n\n<div class=\"wp-block-media-text alignwide is-stacked-on-mobile is-vertically-aligned-top\" style=\"grid-template-columns:43% auto\"><figure class=\"wp-block-media-text__media\"><img loading=\"lazy\" decoding=\"async\" width=\"1024\" height=\"847\" src=\"http:\/\/leidhecker-heim-spiel.de\/wp-content\/uploads\/2020\/10\/4100_Contact_DE_offen_links_Proof_HIGH-1024x847.jpg\" alt=\"\" class=\"wp-image-726\" srcset=\"http:\/\/leidhecker-heim-spiel.de\/wp-content\/uploads\/2020\/10\/4100_Contact_DE_offen_links_Proof_HIGH-1024x847.jpg 1024w, http:\/\/leidhecker-heim-spiel.de\/wp-content\/uploads\/2020\/10\/4100_Contact_DE_offen_links_Proof_HIGH-300x248.jpg 300w, http:\/\/leidhecker-heim-spiel.de\/wp-content\/uploads\/2020\/10\/4100_Contact_DE_offen_links_Proof_HIGH-768x636.jpg 768w, http:\/\/leidhecker-heim-spiel.de\/wp-content\/uploads\/2020\/10\/4100_Contact_DE_offen_links_Proof_HIGH.jpg 1450w\" sizes=\"auto, (max-width: 767px) 89vw, (max-width: 1000px) 54vw, (max-width: 1071px) 543px, 580px\" \/><\/figure><div class=\"wp-block-media-text__content\">\n<p>Im Spiel folgt ihr einem Signal, von dem ihr weder genau wisst, woher es kommt, noch wer es aussendet. Es will euch zu einem bestimmten Planeten f\u00fchren. Doch statt Raumkoordinaten erhaltet ihr nur eine seltsame Abfolge von Fluganweisungen f\u00fcr euer Raumschiff. K\u00f6nnt ihr daraus tats\u00e4chlich den richtigen Zielplaneten erkennen? Und was werdet ihr finden, wenn ihr dort ankommt? CONTACT CONTACT ist ein kooperatives Weltraumabenteuer, das mehr bietet als nur Science-Fiction.<\/p>\n<\/div><\/div>\n\n\n\n<p class=\"has-small-font-size\"><strong>Alter: ab 8 Jahren, Spieler:  2\u20135, Spieldauer: ca. 20 Minuten<\/strong><\/p>\n\n\n\n<p><strong>Wir sind die Roboter<\/strong><\/p>\n\n\n\n<div class=\"wp-block-media-text alignwide has-media-on-the-right is-stacked-on-mobile\" style=\"grid-template-columns:auto 51%\"><figure class=\"wp-block-media-text__media\"><img loading=\"lazy\" decoding=\"async\" width=\"1024\" height=\"780\" src=\"http:\/\/leidhecker-heim-spiel.de\/wp-content\/uploads\/2020\/10\/4506_Roboter_DE_offen_links_Proof_HIGH-1024x780.jpg\" alt=\"\" class=\"wp-image-717\" srcset=\"http:\/\/leidhecker-heim-spiel.de\/wp-content\/uploads\/2020\/10\/4506_Roboter_DE_offen_links_Proof_HIGH-1024x780.jpg 1024w, http:\/\/leidhecker-heim-spiel.de\/wp-content\/uploads\/2020\/10\/4506_Roboter_DE_offen_links_Proof_HIGH-300x228.jpg 300w, http:\/\/leidhecker-heim-spiel.de\/wp-content\/uploads\/2020\/10\/4506_Roboter_DE_offen_links_Proof_HIGH-768x585.jpg 768w, http:\/\/leidhecker-heim-spiel.de\/wp-content\/uploads\/2020\/10\/4506_Roboter_DE_offen_links_Proof_HIGH-1536x1170.jpg 1536w, http:\/\/leidhecker-heim-spiel.de\/wp-content\/uploads\/2020\/10\/4506_Roboter_DE_offen_links_Proof_HIGH.jpg 1970w\" sizes=\"auto, (max-width: 767px) 89vw, (max-width: 1000px) 54vw, (max-width: 1071px) 543px, 580px\" \/><\/figure><div class=\"wp-block-media-text__content\">\n<p>Wie weit rollt Robbi wohl in etwa 4 Sekunden? Tja, kommt drauf an, wie schnell er f\u00e4hrt! Als Team versucht ihr, gemein-sam ein Gef\u00fchl f\u00fcr Zeit und Geschwindigkeit zu entwickeln. Das klappt bald ziemlich gut und ihr wisst genau, wo Robbi stehenbleibt.<\/p>\n\n\n\n<p class=\"has-small-font-size\">Alter: ab 5 Jahren, <br>Spieler: 2\u20136, <br>Spieldauer: ca. 15 Minuten<\/p>\n<\/div><\/div>\n\n\n\n<p><strong>Qwixx &#8211; Bonus<\/strong><\/p>\n\n\n\n<div class=\"wp-block-media-text alignwide is-stacked-on-mobile is-vertically-aligned-top\" style=\"grid-template-columns:44% auto\"><figure class=\"wp-block-media-text__media\"><img loading=\"lazy\" decoding=\"async\" width=\"1024\" height=\"715\" src=\"http:\/\/leidhecker-heim-spiel.de\/wp-content\/uploads\/2020\/10\/4105_Qwixx-Bonus_INT_offen_3D_HIGH-1024x715.jpg\" alt=\"\" class=\"wp-image-723\" srcset=\"http:\/\/leidhecker-heim-spiel.de\/wp-content\/uploads\/2020\/10\/4105_Qwixx-Bonus_INT_offen_3D_HIGH-1024x715.jpg 1024w, http:\/\/leidhecker-heim-spiel.de\/wp-content\/uploads\/2020\/10\/4105_Qwixx-Bonus_INT_offen_3D_HIGH-300x209.jpg 300w, http:\/\/leidhecker-heim-spiel.de\/wp-content\/uploads\/2020\/10\/4105_Qwixx-Bonus_INT_offen_3D_HIGH-768x536.jpg 768w, http:\/\/leidhecker-heim-spiel.de\/wp-content\/uploads\/2020\/10\/4105_Qwixx-Bonus_INT_offen_3D_HIGH-1536x1072.jpg 1536w, http:\/\/leidhecker-heim-spiel.de\/wp-content\/uploads\/2020\/10\/4105_Qwixx-Bonus_INT_offen_3D_HIGH-2048x1430.jpg 2048w\" sizes=\"auto, (max-width: 767px) 89vw, (max-width: 1000px) 54vw, (max-width: 1071px) 543px, 580px\" \/><\/figure><div class=\"wp-block-media-text__content\">\n<p>Mehr M\u00f6glichkeiten, noch mehr Spa\u00df, jede Menge geniale Extraz\u00fcge \u2013 genau das ist QWIXX &#8211; BONUS! Die Spielregeln des Originals bleiben komplett erhalten, neu sind jedoch die Bonusfelder, die lukrative Sonderaktionen ausl\u00f6sen. Kreuzt man die entsprechenden Felder an, z\u00e4hlen zum Beispiel Fehlw\u00fcrfe pl\u00f6tzlich keine Minuspunkte mehr, die schw\u00e4chste Reihe wird doppelt gewertet oder man darf sofort zus\u00e4tzliche Felder ankreuzen. Es ist QWIXX. Es bleibt QWIXX. Und dennoch ist es aufregend anders. Mit etwas Gl\u00fcck wird es ganz sch\u00f6n taktisch!<\/p>\n\n\n\n<p class=\"has-small-font-size\"><br><strong>Alter: ab 8 Jahren,<br>Spieler: 2\u20135<br>Spieldauer: ca. 15 Minuten<\/strong><\/p>\n<\/div><\/div>\n\n\n\n<p><strong>The Game &#8211; Quick and easy<\/strong><\/p>\n\n\n\n<div class=\"wp-block-media-text alignwide has-media-on-the-right is-stacked-on-mobile is-vertically-aligned-top\"><figure class=\"wp-block-media-text__media\"><img loading=\"lazy\" decoding=\"async\" width=\"1024\" height=\"732\" src=\"http:\/\/leidhecker-heim-spiel.de\/wp-content\/uploads\/2020\/10\/4104_Game-QuickEasy_DE_offen_rechts_proof_HIGH-1024x732.jpg\" alt=\"\" class=\"wp-image-719\" srcset=\"http:\/\/leidhecker-heim-spiel.de\/wp-content\/uploads\/2020\/10\/4104_Game-QuickEasy_DE_offen_rechts_proof_HIGH-1024x732.jpg 1024w, http:\/\/leidhecker-heim-spiel.de\/wp-content\/uploads\/2020\/10\/4104_Game-QuickEasy_DE_offen_rechts_proof_HIGH-300x214.jpg 300w, http:\/\/leidhecker-heim-spiel.de\/wp-content\/uploads\/2020\/10\/4104_Game-QuickEasy_DE_offen_rechts_proof_HIGH-768x549.jpg 768w, http:\/\/leidhecker-heim-spiel.de\/wp-content\/uploads\/2020\/10\/4104_Game-QuickEasy_DE_offen_rechts_proof_HIGH-1536x1098.jpg 1536w, http:\/\/leidhecker-heim-spiel.de\/wp-content\/uploads\/2020\/10\/4104_Game-QuickEasy_DE_offen_rechts_proof_HIGH.jpg 1679w\" sizes=\"auto, (max-width: 767px) 89vw, (max-width: 1000px) 54vw, (max-width: 1071px) 543px, 580px\" \/><\/figure><div class=\"wp-block-media-text__content\">\n<p>Eine Karte legen, eine Karte ziehen, einfacher geht es wirklich nicht. Aber lasst euch nicht t\u00e4uschen, auch wenn es diesmal QUICK AND EASY hei\u00dft &#8211; leicht zu besiegen ist THE GAME trotzdem nicht. Nur als echtes Team k\u00f6nnt ihr es schaffen!<\/p>\n\n\n\n<p class=\"has-small-font-size\"><strong>Alter: ab 8 Jahren<br>Spieler: 2\u20135<br>Spieldauer: ca. 10 Minuten<\/strong><br><br><\/p>\n<\/div><\/div>\n\n\n\n<p><strong>Minnys<\/strong><\/p>\n\n\n\n<p>Pfiffige Spiele passend zu jeder Gelegenheit in platzsparender und umweltfreundlicher Verpackung!<br><br><\/p>\n\n\n\n<figure class=\"wp-block-image size-large\"><img loading=\"lazy\" decoding=\"async\" width=\"1024\" height=\"545\" src=\"http:\/\/leidhecker-heim-spiel.de\/wp-content\/uploads\/2020\/10\/NSV_4-Minnys_HIGH-1024x545.jpg\" alt=\"\" class=\"wp-image-725\" srcset=\"http:\/\/leidhecker-heim-spiel.de\/wp-content\/uploads\/2020\/10\/NSV_4-Minnys_HIGH-1024x545.jpg 1024w, http:\/\/leidhecker-heim-spiel.de\/wp-content\/uploads\/2020\/10\/NSV_4-Minnys_HIGH-300x160.jpg 300w, http:\/\/leidhecker-heim-spiel.de\/wp-content\/uploads\/2020\/10\/NSV_4-Minnys_HIGH-768x409.jpg 768w, http:\/\/leidhecker-heim-spiel.de\/wp-content\/uploads\/2020\/10\/NSV_4-Minnys_HIGH-1536x818.jpg 1536w, http:\/\/leidhecker-heim-spiel.de\/wp-content\/uploads\/2020\/10\/NSV_4-Minnys_HIGH-2048x1090.jpg 2048w\" sizes=\"auto, (max-width: 767px) 89vw, (max-width: 1000px) 54vw, (max-width: 1071px) 543px, 580px\" \/><\/figure>\n\n\n\n<p><em><strong>Hamstern<\/strong><\/em> \u2013 Nuss, Nuss &#8211; Hurra! F\u00fcllt so viele zusammenh\u00e4ngende Felder eurer H\u00f6hle wie der W\u00fcrfel zeigt. Ist die Zahl jedoch gr\u00f6\u00dfer als der verf\u00fcgbare Platz, m\u00fcsst ihr eine neue Kammer beginnen. Reicht die Zeit, um alle begonnenen Kammern auch komplett zu f\u00fcllen?<br><br><em><strong>Honeymoon<\/strong><\/em> \u2013 Pl\u00fcndern wir den Honigmond! Der W\u00fcrfel wird zum Bohrer. Je gr\u00f6\u00dfer die W\u00fcrfelzahl, desto tiefer geht es ins klebrige Gestein. Am Ende ist der Mond so l\u00f6chrig wie ein K\u00e4se und euer S\u00fc\u00dfigkeitenkonto hoffentlich prall gef\u00fcllt.<br><br><em><strong>Volle Weide<\/strong><\/em> \u2013 Schaf den Zaun heran! Der W\u00fcrfel gibt euch vor, welche Zaunelemente ihr verbauen d\u00fcrft. F\u00fcgt diese geschickt aneinander, um die meisten Schafe einzuz\u00e4unen.<br><br><em><strong>Wolle<\/strong><\/em> \u2013 W\u00fcrfeln, Malen, Faden fangenWer legt den Faden am geschicktesten aus und lockt die Katze zu ihrem Lieblingsspielzeug? Auf den richtigen Knick kommt es an: Ihr d\u00fcrft den Faden um so viele Felder verl\u00e4ngern, wie der W\u00fcrfel zeigt, doch dabei nur einmal abknicken.<\/p>\n\n\n\n<p><br><br>Quelle: <a rel=\"noreferrer noopener\" href=\"https:\/\/nsv.de\" target=\"_blank\">NSV<\/a><\/p>\n","protected":false},"excerpt":{"rendered":"<p>P\u00fcnktlich zum Start der Spiel lokal haben uns die Neuheiten vom NSV -N\u00fcrnberger Spielekarten Verlag- erreicht. Ein Karton mit Spukstaben, Contact, Wir sind die Roboter, Qwixx &#8211; Bonus, The Game &#8211; Quick and easy, sowie Minnys. Minny Hamstern, Minny Honeymoon, Minny Volle Weide, Minny Wolle. Spukstaben Es ist Mitternacht in der alten Druckerei und die &hellip; <\/p>\n<p class=\"link-more\"><a href=\"http:\/\/leidhecker-heim-spiel.de\/?page_id=527\" class=\"more-link\"><span class=\"screen-reader-text\">\u201eNSV &#8211; N\u00fcrnberger Spielekarten Verlag\u201c<\/span> weiterlesen<\/a><\/p>\n","protected":false},"author":1,"featured_media":0,"parent":0,"menu_order":0,"comment_status":"closed","ping_status":"closed","template":"","meta":{"footnotes":""},"class_list":["post-527","page","type-page","status-publish","hentry"],"_links":{"self":[{"href":"http:\/\/leidhecker-heim-spiel.de\/index.php?rest_route=\/wp\/v2\/pages\/527","targetHints":{"allow":["GET"]}}],"collection":[{"href":"http:\/\/leidhecker-heim-spiel.de\/index.php?rest_route=\/wp\/v2\/pages"}],"about":[{"href":"http:\/\/leidhecker-heim-spiel.de\/index.php?rest_route=\/wp\/v2\/types\/page"}],"author":[{"embeddable":true,"href":"http:\/\/leidhecker-heim-spiel.de\/index.php?rest_route=\/wp\/v2\/users\/1"}],"replies":[{"embeddable":true,"href":"http:\/\/leidhecker-heim-spiel.de\/index.php?rest_route=%2Fwp%2Fv2%2Fcomments&post=527"}],"version-history":[{"count":7,"href":"http:\/\/leidhecker-heim-spiel.de\/index.php?rest_route=\/wp\/v2\/pages\/527\/revisions"}],"predecessor-version":[{"id":738,"href":"http:\/\/leidhecker-heim-spiel.de\/index.php?rest_route=\/wp\/v2\/pages\/527\/revisions\/738"}],"wp:attachment":[{"href":"http:\/\/leidhecker-heim-spiel.de\/index.php?rest_route=%2Fwp%2Fv2%2Fmedia&parent=527"}],"curies":[{"name":"wp","href":"https:\/\/api.w.org\/{rel}","templated":true}]}}