{"id":550,"date":"2020-10-17T14:29:55","date_gmt":"2020-10-17T14:29:55","guid":{"rendered":"http:\/\/leidhecker-heim-spiel.de\/?page_id=550"},"modified":"2020-10-17T16:05:14","modified_gmt":"2020-10-17T16:05:14","slug":"spiel-lokal-22-25-10-20-ostia-spiele","status":"publish","type":"page","link":"http:\/\/leidhecker-heim-spiel.de\/?page_id=550","title":{"rendered":"OSTIA Spiele"},"content":{"rendered":"\n<div class=\"wp-block-media-text alignwide is-stacked-on-mobile\" style=\"grid-template-columns:18% auto\"><figure class=\"wp-block-media-text__media\"><img loading=\"lazy\" decoding=\"async\" width=\"895\" height=\"1024\" src=\"http:\/\/leidhecker-heim-spiel.de\/wp-content\/uploads\/2020\/10\/Ostia-Logo_trans-895x1024.png\" alt=\"\" class=\"wp-image-161\" srcset=\"http:\/\/leidhecker-heim-spiel.de\/wp-content\/uploads\/2020\/10\/Ostia-Logo_trans-895x1024.png 895w, http:\/\/leidhecker-heim-spiel.de\/wp-content\/uploads\/2020\/10\/Ostia-Logo_trans-262x300.png 262w, http:\/\/leidhecker-heim-spiel.de\/wp-content\/uploads\/2020\/10\/Ostia-Logo_trans-768x879.png 768w, http:\/\/leidhecker-heim-spiel.de\/wp-content\/uploads\/2020\/10\/Ostia-Logo_trans.png 1123w\" sizes=\"auto, (max-width: 767px) 89vw, (max-width: 1000px) 54vw, (max-width: 1071px) 543px, 580px\" \/><\/figure><div class=\"wp-block-media-text__content\">\n<p>Ostia-Spiele hat dieses Jahr eine Neuheit am Start die auch bei uns getestet werden kann. Desweiteren haben wir auch viele andere Titel aus dem Verlagsprogramm vor Ort.<\/p>\n<\/div><\/div>\n\n\n\n<p><br><strong>Novgorod<\/strong><\/p>\n\n\n\n<figure class=\"wp-block-image size-large\"><img loading=\"lazy\" decoding=\"async\" width=\"200\" height=\"293\" src=\"http:\/\/leidhecker-heim-spiel.de\/wp-content\/uploads\/2020\/10\/box-novgorod.jpg\" alt=\"\" class=\"wp-image-145\"\/><figcaption>2-4 Spieler ab 10 Jahren<br>Dauer: ca. 40-50 Minuten<\/figcaption><\/figure>\n\n\n\n<p><\/p>\n\n\n\n<p>Im Wettstreit um Ansehen m\u00fcssen 2-4 Kaufleute Kontore erwerben, um in den St\u00e4dten Handel treiben zu k\u00f6nnen und Einnahmen zu erzielen.<\/p>\n\n\n\n<p>Entscheidend ist aber nicht das Geld, sondern das Ansehen, das mit der Herstellung von Luxusg\u00fctern in Manufakturen erworben wird. Auftr\u00e4ge edler Herren und pers\u00f6nliche Ziele mehren ebenfalls das Ansehen und f\u00fcllen den Geldbeutel. Entscheidend ist die Balance zwischen hohen Investitionen in m\u00f6glichst viele Kontore und schnelle Schiffe und dem effektiven Nutzen der Manufakturen und Auftr\u00e4ge. Die Manufakturen werden in jeder Partie zuf\u00e4llig den St\u00e4dten zugeordnet, so dass kein Spiel wie das andere verl\u00e4uft.<\/p>\n\n\n\n<p>Die Finanzierungsphase bei der Spieleschmiede verlief sehr erfolgreich, es wurden die beiden wichtigsten Verbesserungsziele erreicht. Damit k\u00f6nnt ihr Novgorod in voller Pracht und mit allen Varianten genie\u00dfen!<\/p>\n\n\n\n<p>Quelle: <a href=\"http:\/\/www.ostia-spiele.de\/games_novgorod.htm\">Ostia Spiele<\/a><\/p>\n","protected":false},"excerpt":{"rendered":"<p>Ostia-Spiele hat dieses Jahr eine Neuheit am Start die auch bei uns getestet werden kann. Desweiteren haben wir auch viele andere Titel aus dem Verlagsprogramm vor Ort. Novgorod Im Wettstreit um Ansehen m\u00fcssen 2-4 Kaufleute Kontore erwerben, um in den St\u00e4dten Handel treiben zu k\u00f6nnen und Einnahmen zu erzielen. Entscheidend ist aber nicht das Geld, &hellip; <\/p>\n<p class=\"link-more\"><a href=\"http:\/\/leidhecker-heim-spiel.de\/?page_id=550\" class=\"more-link\"><span class=\"screen-reader-text\">\u201eOSTIA Spiele\u201c<\/span> weiterlesen<\/a><\/p>\n","protected":false},"author":1,"featured_media":0,"parent":0,"menu_order":0,"comment_status":"closed","ping_status":"closed","template":"","meta":{"footnotes":""},"class_list":["post-550","page","type-page","status-publish","hentry"],"_links":{"self":[{"href":"http:\/\/leidhecker-heim-spiel.de\/index.php?rest_route=\/wp\/v2\/pages\/550","targetHints":{"allow":["GET"]}}],"collection":[{"href":"http:\/\/leidhecker-heim-spiel.de\/index.php?rest_route=\/wp\/v2\/pages"}],"about":[{"href":"http:\/\/leidhecker-heim-spiel.de\/index.php?rest_route=\/wp\/v2\/types\/page"}],"author":[{"embeddable":true,"href":"http:\/\/leidhecker-heim-spiel.de\/index.php?rest_route=\/wp\/v2\/users\/1"}],"replies":[{"embeddable":true,"href":"http:\/\/leidhecker-heim-spiel.de\/index.php?rest_route=%2Fwp%2Fv2%2Fcomments&post=550"}],"version-history":[{"count":3,"href":"http:\/\/leidhecker-heim-spiel.de\/index.php?rest_route=\/wp\/v2\/pages\/550\/revisions"}],"predecessor-version":[{"id":599,"href":"http:\/\/leidhecker-heim-spiel.de\/index.php?rest_route=\/wp\/v2\/pages\/550\/revisions\/599"}],"wp:attachment":[{"href":"http:\/\/leidhecker-heim-spiel.de\/index.php?rest_route=%2Fwp%2Fv2%2Fmedia&parent=550"}],"curies":[{"name":"wp","href":"https:\/\/api.w.org\/{rel}","templated":true}]}}