{"id":560,"date":"2020-10-17T15:02:36","date_gmt":"2020-10-17T15:02:36","guid":{"rendered":"http:\/\/leidhecker-heim-spiel.de\/?page_id=560"},"modified":"2020-10-17T15:10:31","modified_gmt":"2020-10-17T15:10:31","slug":"560-2","status":"publish","type":"page","link":"http:\/\/leidhecker-heim-spiel.de\/?page_id=560","title":{"rendered":"2F Spiele"},"content":{"rendered":"\n<div class=\"wp-block-media-text alignwide is-stacked-on-mobile\" style=\"grid-template-columns:20% auto\"><figure class=\"wp-block-media-text__media\"><img loading=\"lazy\" decoding=\"async\" width=\"151\" height=\"142\" src=\"http:\/\/leidhecker-heim-spiel.de\/wp-content\/uploads\/2020\/09\/logo.png\" alt=\"\" class=\"wp-image-62\"\/><\/figure><div class=\"wp-block-media-text__content\">\n<p>2F Spiele wird an unserem lokalen Event mit folgender Neuheit vertreten sein.<\/p>\n\n\n\n<p><\/p>\n<\/div><\/div>\n\n\n\n<p><br><br><strong><a rel=\"noreferrer noopener\" href=\"https:\/\/2f-spiele.de\/2f-spiele\/feierabend\/\" target=\"_blank\">Feierabend<\/a><\/strong><br><br><a rel=\"noreferrer noopener\" href=\"https:\/\/2f-spiele.de\/2f-spiele\/feierabend\/\" target=\"_blank\"><img loading=\"lazy\" decoding=\"async\" width=\"150\" height=\"205\" class=\"wp-image-61\" style=\"width: 150px;\" src=\"http:\/\/leidhecker-heim-spiel.de\/wp-content\/uploads\/2020\/09\/2f_feierabend_cover.jpg\" alt=\"\" srcset=\"http:\/\/leidhecker-heim-spiel.de\/wp-content\/uploads\/2020\/09\/2f_feierabend_cover.jpg 791w, http:\/\/leidhecker-heim-spiel.de\/wp-content\/uploads\/2020\/09\/2f_feierabend_cover-220x300.jpg 220w, http:\/\/leidhecker-heim-spiel.de\/wp-content\/uploads\/2020\/09\/2f_feierabend_cover-750x1024.jpg 750w, http:\/\/leidhecker-heim-spiel.de\/wp-content\/uploads\/2020\/09\/2f_feierabend_cover-768x1049.jpg 768w\" sizes=\"auto, (max-width: 150px) 100vw, 150px\" \/><\/a><\/p>\n\n\n\n<p>In Feierabend spielst du ein Team mit Arbeitern (weiblich, m\u00e4nnlich und auch divers). Nach jedem Arbeitstag verlasst ihr gestresst euren Arbeitsplatz und sucht ein wenig Spa\u00df im Feierabend. Aber mit einer 70-Stunden-Arbeitswoche und dem geringen Gehalt gibt es nur wenige M\u00f6glichkeiten zur Erholung. Ihr geht auf ein paar Biere in die Kneipe, versucht per <em>Blind Date<\/em> einen Partner zu finden, oder geht einfach angeln oder joggen. Das klingt alles nicht nach einer guten \u201eWork-Life-Balance\u201c, sondern nach einem Leben im Hamsterrad.<br>Um euch besser zu erholen, ben\u00f6tigt ihr ein h\u00f6heres Einkommen.<br>Die Frauen im Team sollten genauso viel verdienen wie die M\u00e4nner. Ihr wollt weniger Stunden pro Woche arbeiten und Urlaub klingt auch toll.<br>Lasst euch von der Gewerkschaft dabei helfen, aus eurem tr\u00fcbseligen Leben rauszukommen und strebt nach der maximalen Erholung.<br>Das mag euren Arbeitgeber stressen, aber der (ja, f\u00fcr gew\u00f6hnlich ein Mann) verdient genug, um sein Leben zu entstressen.<\/p>\n\n\n\n<p class=\"has-text-align-left\"><a rel=\"noreferrer noopener\" href=\"https:\/\/2f-spiele.de\/2f-spiele\/funkenschlag-spielefamilie\/funkenschlag-erweiterung-5-brasilien-spanien-portugal\/\" target=\"_blank\"><strong>Brasilien\/Spanien &amp; Portugal <\/strong><\/a><br>(5. Funkenschlag-Erweiterung)<strong><br><\/strong>\u2013 Recharged Version \u2013<\/p>\n\n\n\n<p class=\"has-text-align-left\"><a href=\"https:\/\/2f-spiele.de\/2f-spiele\/funkenschlag-spielefamilie\/funkenschlag-erweiterung-5-brasilien-spanien-portugal\/\" target=\"_blank\" rel=\"noreferrer noopener\"><img loading=\"lazy\" decoding=\"async\" width=\"150\" height=\"212\" class=\"wp-image-66\" style=\"width: 150px;\" src=\"http:\/\/leidhecker-heim-spiel.de\/wp-content\/uploads\/2020\/09\/2f_funkenschlag_erw5_rv_cover_de-212x300-1.jpg\" alt=\"\"><\/a><br><\/p>\n\n\n\n<p><strong>Brasilien:<\/strong> In Brasilien wird bevorzugt Biogas zur Stromproduktion genutzt. Die M\u00fcllkraftwerke gelten in dieser Variante als Biogaskraftwerke und die M\u00fcllrohstoffe als Biogastanks. Ein hei\u00dfer Kampf um knappe Rohstoffe entbrennt und fesselt die Spieler w\u00e4hrend des ganzen Spiels!<\/p>\n\n\n\n<p><strong>Spanien &amp; Portugal:<\/strong> In Spanien &amp; Portugal entwickeln sich die Interessen in der Stromerzeugung in zwei v\u00f6llig entgegengesetzte Richtungen: Nachdem der Rohstoffmarkt w\u00e4hrend \u00bbStufe 1\u00ab gar nicht mit Uran beliefert wird, steigert sich der Nachschub an Uran zu Beginn von \u00bbStufe 2\u00ab in bisher nie gesehene H\u00f6hen. Zum selben Zeitpunkt kommen aber auch drei der beliebten gro\u00dfen Windkraftanlagen direkt nacheinander in den Kraftwerksmarkt. Interessenkonflikte sind vorprogrammiert!<\/p>\n\n\n\n<p class=\"has-text-align-left\"><br><br><br><br><br><br><br><br>Quelle: <a href=\"https:\/\/2f-spiele.de\/\">2F-Spiele<\/a><\/p>\n","protected":false},"excerpt":{"rendered":"<p>2F Spiele wird an unserem lokalen Event mit folgender Neuheit vertreten sein. Feierabend In Feierabend spielst du ein Team mit Arbeitern (weiblich, m\u00e4nnlich und auch divers). Nach jedem Arbeitstag verlasst ihr gestresst euren Arbeitsplatz und sucht ein wenig Spa\u00df im Feierabend. Aber mit einer 70-Stunden-Arbeitswoche und dem geringen Gehalt gibt es nur wenige M\u00f6glichkeiten zur &hellip; <\/p>\n<p class=\"link-more\"><a href=\"http:\/\/leidhecker-heim-spiel.de\/?page_id=560\" class=\"more-link\"><span class=\"screen-reader-text\">\u201e2F Spiele\u201c<\/span> weiterlesen<\/a><\/p>\n","protected":false},"author":1,"featured_media":0,"parent":0,"menu_order":0,"comment_status":"closed","ping_status":"closed","template":"","meta":{"footnotes":""},"class_list":["post-560","page","type-page","status-publish","hentry"],"_links":{"self":[{"href":"http:\/\/leidhecker-heim-spiel.de\/index.php?rest_route=\/wp\/v2\/pages\/560","targetHints":{"allow":["GET"]}}],"collection":[{"href":"http:\/\/leidhecker-heim-spiel.de\/index.php?rest_route=\/wp\/v2\/pages"}],"about":[{"href":"http:\/\/leidhecker-heim-spiel.de\/index.php?rest_route=\/wp\/v2\/types\/page"}],"author":[{"embeddable":true,"href":"http:\/\/leidhecker-heim-spiel.de\/index.php?rest_route=\/wp\/v2\/users\/1"}],"replies":[{"embeddable":true,"href":"http:\/\/leidhecker-heim-spiel.de\/index.php?rest_route=%2Fwp%2Fv2%2Fcomments&post=560"}],"version-history":[{"count":4,"href":"http:\/\/leidhecker-heim-spiel.de\/index.php?rest_route=\/wp\/v2\/pages\/560\/revisions"}],"predecessor-version":[{"id":569,"href":"http:\/\/leidhecker-heim-spiel.de\/index.php?rest_route=\/wp\/v2\/pages\/560\/revisions\/569"}],"wp:attachment":[{"href":"http:\/\/leidhecker-heim-spiel.de\/index.php?rest_route=%2Fwp%2Fv2%2Fmedia&parent=560"}],"curies":[{"name":"wp","href":"https:\/\/api.w.org\/{rel}","templated":true}]}}