{"id":570,"date":"2020-10-17T15:17:29","date_gmt":"2020-10-17T15:17:29","guid":{"rendered":"http:\/\/leidhecker-heim-spiel.de\/?page_id=570"},"modified":"2020-10-17T15:58:49","modified_gmt":"2020-10-17T15:58:49","slug":"spiel-lokal-22-25-10-20-asmodee","status":"publish","type":"page","link":"http:\/\/leidhecker-heim-spiel.de\/?page_id=570","title":{"rendered":"Asmodee"},"content":{"rendered":"\n<div class=\"wp-block-media-text alignwide is-stacked-on-mobile\" style=\"grid-template-columns:45% auto\"><figure class=\"wp-block-media-text__media\"><img loading=\"lazy\" decoding=\"async\" width=\"373\" height=\"283\" src=\"http:\/\/leidhecker-heim-spiel.de\/wp-content\/uploads\/2020\/10\/ASMODEE_LOGO_WEB-1.jpg\" alt=\"\" class=\"wp-image-348\" srcset=\"http:\/\/leidhecker-heim-spiel.de\/wp-content\/uploads\/2020\/10\/ASMODEE_LOGO_WEB-1.jpg 373w, http:\/\/leidhecker-heim-spiel.de\/wp-content\/uploads\/2020\/10\/ASMODEE_LOGO_WEB-1-300x228.jpg 300w\" sizes=\"auto, (max-width: 373px) 100vw, 373px\" \/><\/figure><div class=\"wp-block-media-text__content\">\n<p>Wir freuen uns das Asmodee an unsere Spiel lokal mit folgenden Spielen vertreten ist:<\/p>\n\n\n\n<p><strong>Munchkin Dungeon<\/strong>, <strong>Mia London<\/strong>, <strong>Small World of Worcraft<\/strong>, <strong>Double Eisk\u00f6nigin II<\/strong><\/p>\n<\/div><\/div>\n\n\n\n<p><strong><strong>Munchkin Dungeon<\/strong><\/strong><\/p>\n\n\n\n<figure class=\"wp-block-image size-large\"><img loading=\"lazy\" decoding=\"async\" width=\"800\" height=\"800\" src=\"http:\/\/leidhecker-heim-spiel.de\/wp-content\/uploads\/2020\/10\/Munchkin_Dungeon_COVER_WEB.png\" alt=\"\" class=\"wp-image-342\" srcset=\"http:\/\/leidhecker-heim-spiel.de\/wp-content\/uploads\/2020\/10\/Munchkin_Dungeon_COVER_WEB.png 800w, http:\/\/leidhecker-heim-spiel.de\/wp-content\/uploads\/2020\/10\/Munchkin_Dungeon_COVER_WEB-300x300.png 300w, http:\/\/leidhecker-heim-spiel.de\/wp-content\/uploads\/2020\/10\/Munchkin_Dungeon_COVER_WEB-150x150.png 150w, http:\/\/leidhecker-heim-spiel.de\/wp-content\/uploads\/2020\/10\/Munchkin_Dungeon_COVER_WEB-768x768.png 768w, http:\/\/leidhecker-heim-spiel.de\/wp-content\/uploads\/2020\/10\/Munchkin_Dungeon_COVER_WEB-100x100.png 100w\" sizes=\"auto, (max-width: 767px) 89vw, (max-width: 1000px) 54vw, (max-width: 1071px) 543px, 580px\" \/><figcaption>60+ Minuten<br>2 &#8211; 5 Spieler<br>Alter 12+<\/figcaption><\/figure>\n\n\n\n<p><em>K\u00e4mpft euch bei <strong>Munchkin Dungeon<\/strong> durch den Dungeon f\u00fcr Ruhm, Reichtum und nat\u00fcrlich die Chance, euren Freunden in den R\u00fccken zu fallen! Aber Achtung! Die Belohnungen werden zwar immer verlockender, doch auch die Monster werden st\u00e4rker. Zu allem \u00dcbel sind da auch noch deine sogenannten \u201eFreunde\u201c, die hinter deinem R\u00fccken die Messer wetzen. Und was w\u00e4re ein Dungeon ohne einen Boss, der auf der tiefsten Ebene auf einen epischen Kampf wartet? Besiegst du ihn, sicherst du dir ewigen Ruhm. Verlierst du, geht es zur\u00fcck zum Eingang. M\u00f6ge der ruhmreichste Spieler gewinnen!<\/em><\/p>\n\n\n\n<p><em><strong>Munchkin Dungeon<\/strong><\/em> ist ist ein kompetitives Brettspiel, das auf dem beliebten Kartenspiel <em><strong>Munchkin<\/strong><\/em>\u00ae von <strong>Steve Jackson Games<\/strong> basiert. In dem Spiel k\u00e4mpft ihr euch durch den Dungeon f\u00fcr Ruhm, Reichtum, Stufenaufstiege und nat\u00fcrlich die Chance, euren Freunden in den R\u00fccken zu fallen. Dabei werden ganz nebenbei&nbsp; Fantasy-Klischees und genretypische Konventionen auf die Schippe genommen und zwar solange, bis am Ende des Spiels ein Spieler den meisten Ruhm erreicht und gewinnt.<\/p>\n\n\n\n<p>Jeder Spieler verk\u00f6rpert einen \u201eechten\u201c Helden, den er durch verschiedene R\u00e4ume im Dungeon steuert und sich den Monstern stellt. <em><strong>Munchkin Dungeon<\/strong><\/em> enth\u00e4lt dazu 19 sch\u00f6n gestaltete Miniaturen, 7 f\u00fcr die Helden und 12 Monster. Durch Bedrohungskarten k\u00f6nnt ihr euren Mitspielern immer wieder eins Auswischen und die Schatzkarten laden zum erfolgreichen Pl\u00fcndern und Aufwerten ein. <em><strong>Munchkin Dungeon<\/strong><\/em> ist ein Fest, nicht nur f\u00fcr eingefleischte Fans der Reihe.<\/p>\n\n\n\n<p><strong>Mia London<\/strong><br><\/p>\n\n\n\n<figure class=\"wp-block-image size-large\"><img loading=\"lazy\" decoding=\"async\" width=\"769\" height=\"432\" src=\"http:\/\/leidhecker-heim-spiel.de\/wp-content\/uploads\/2020\/10\/MIaLondon_WEBSEITE-1.jpg\" alt=\"\" class=\"wp-image-343\" srcset=\"http:\/\/leidhecker-heim-spiel.de\/wp-content\/uploads\/2020\/10\/MIaLondon_WEBSEITE-1.jpg 769w, http:\/\/leidhecker-heim-spiel.de\/wp-content\/uploads\/2020\/10\/MIaLondon_WEBSEITE-1-300x169.jpg 300w\" sizes=\"auto, (max-width: 767px) 89vw, (max-width: 1000px) 54vw, (max-width: 1071px) 543px, 580px\" \/><figcaption>10+ Minuten<br>2 &#8211; 4 Spieler<br>Alter 5+<\/figcaption><\/figure>\n\n\n\n<p><em>Die weltbekannte Detektivin\u202fMia London\u202fbraucht eure Hilfe! Sie muss einen schwierigen Fall l\u00f6sen: Ein schlimmer Gauner hat ein schreckliches Verbrechen begangen. Ihr m\u00fcsst den Schurken unter 625 Verd\u00e4chtigen finden und festnehmen. Betrachtet die Hinweise genau und rekonstruiert das Portr\u00e4t des gemeinen Betr\u00fcgers.<\/em><\/p>\n\n\n\n<p>Im Kinderspiel <strong><em>Mia London<\/em><\/strong> von<strong>\u202fScorpion Masque<\/strong> m\u00fcsst ihr der jungen Detektivin Mia helfen, den B\u00f6sewicht zu schnappen. Vier Merkmale gilt es herauszufinden: Welchen Hut, welche Brille, welchen Schnurrbart und welche Fliege tr\u00e4gt der Gauner?<\/p>\n\n\n\n<h2 class=\"wp-block-heading\">Welcher Hinweis fehlt?<\/h2>\n\n\n\n<p>F\u00fcr jedes Merkmal es zehn Karten, von denen immer zwei den gleichen Hinweis zeigen. So gibt es zum Beispiel zwei Hut-Karten mit einer Blume, zwei mit einer Feder und so weiter. Von jedem Merkmal wird zu Beginn des Spiels, eine Karte geheim entfernt. Ein Spieler deckt von den Stapeln Karten nacheinander auf und legt sie offen hin. Beim ersten Stapel legt er vier Karten nebeneinander und legt danach die Karten auf die bereits liegenden Karten.<\/p>\n\n\n\n<p>Die Spieler m\u00fcssen versuchen, sich zu merken, welches Merkmal nur einmal vorkommt und dann geheim in ihrem Ermittlungsheft ihr Wahl vermerken. So geht es f\u00fcr jeden Hinweis weiter, nur dass es immer schwieriger wird, sich die Karten genau zu betrachten.<\/p>\n\n\n\n<h2 class=\"wp-block-heading\">Gauner gefunden<\/h2>\n\n\n\n<p>Wenn alle vier Hinweise aufgedeckt wurden und jeder eine Wahl getroffen hat, vergleichen die Kinder ihre Ergebnisse. Wer die meisten Merkmale richtig erkannt hat, hat Mia geholfen, den Gauner zu schnappen und gewinnt das Spiel.&nbsp;<\/p>\n\n\n\n<p><strong>Small World of Worcraft<\/strong><\/p>\n\n\n\n<figure class=\"wp-block-image size-large\"><img loading=\"lazy\" decoding=\"async\" width=\"1024\" height=\"714\" src=\"http:\/\/leidhecker-heim-spiel.de\/wp-content\/uploads\/2020\/10\/9001_SWoW_spreadbox-EN-1024x714.jpg\" alt=\"\" class=\"wp-image-344\" srcset=\"http:\/\/leidhecker-heim-spiel.de\/wp-content\/uploads\/2020\/10\/9001_SWoW_spreadbox-EN-1024x714.jpg 1024w, http:\/\/leidhecker-heim-spiel.de\/wp-content\/uploads\/2020\/10\/9001_SWoW_spreadbox-EN-300x209.jpg 300w, http:\/\/leidhecker-heim-spiel.de\/wp-content\/uploads\/2020\/10\/9001_SWoW_spreadbox-EN-768x536.jpg 768w, http:\/\/leidhecker-heim-spiel.de\/wp-content\/uploads\/2020\/10\/9001_SWoW_spreadbox-EN-1536x1071.jpg 1536w, http:\/\/leidhecker-heim-spiel.de\/wp-content\/uploads\/2020\/10\/9001_SWoW_spreadbox-EN-2048x1428.jpg 2048w\" sizes=\"auto, (max-width: 767px) 89vw, (max-width: 1000px) 54vw, (max-width: 1071px) 543px, 580px\" \/><figcaption>60+ Minuten<br>2 &#8211; 5 Spieler<br>Alter 8+<\/figcaption><\/figure>\n\n\n\n<p><em>Die Trommeln erschallen erneut \u2013 erlebt die zeitlose Geschichte von Azeroth in <strong>Small World\u00ae of Warcraft\u00ae<\/strong>. Spielt in der Fantasy-Welt Azeroth, in der die V\u00f6lker der Allianz und der Horde in einem weltumspannenden Konflikt aufeinandertreffen.<\/em><\/p>\n\n\n\n<p><em>Azeroth beheimatet eine Vielzahl unterschiedlicher V\u00f6lker. Einige von ihnen leben dort seit jeher, andere stammen von fremden Welten. M\u00f6chtet ihr ein tapferer Verteidiger der Allianz oder ein mutiger Besch\u00fctzer der Horde sein? Mit der Wahl eures Volkes entscheidet ihr, f\u00fcr wen ihr in diesem niemals endenden Krieg k\u00e4mpft. Welcher Seite schw\u00f6rt ihr die Treue?<\/em><\/p>\n\n\n\n<p><em>Seid ihr f\u00fcr die unersch\u00fctterliche, von Tradition getriebene Allianz? Sie sind die standhaften Verteidiger von Gerechtigkeit und Verantwortung, die sich allen Angreifern Azeroths mutig entgegenstellen. Oder w\u00e4hlt ihr die unbez\u00e4hmbare Horde? Sie sind leidenschaftliche Verfechter von Freiheit und Hoffnung, die unerbittlich jeden bek\u00e4mpfen, der eine Bedrohung dieser Ideale darstellt.<\/em><\/p>\n\n\n\n<p><em><strong>Small World of Warcraft<\/strong><\/em> ist ein Brettspiel, in dem die beliebten Spielmechaniken von <em><strong>Small World<\/strong><\/em> mit dem gefeierten <em><strong>Warcraft<\/strong><\/em>-Universum von Blizzard kombiniert werden.<\/p>\n\n\n\n<p>Die Spieler w\u00e4hlen eine Kombinationen von Spezialf\u00e4higkeiten und V\u00f6lkern aus dem <em><strong>Warcraft<\/strong><\/em>-Universum, wie z. B. Portalmagier-Pandaren oder kr\u00e4uterkundige Goblins und wetteifern um die Kontrolle \u00fcber Azeroth.<\/p>\n\n\n\n<p>Um die Dominanz \u00fcber eine Region zu erlangen, besetzen die Spieler legend\u00e4re Orte wie das Dunkle Portal, Karazhan oder die Kapelle des Hoffnungsvollen Lichts, und versuchen die Kontrolle \u00fcber m\u00e4chtige Artefakte zu erlangen, wie die Aegis von Aggrammar, Al&#8217;ars Asche, Frostgram oder das Herz von Azeroth. Doch fr\u00fcher oder sp\u00e4ter kommen alle Imperien zu Fall: Hat sich ihr Volk zu weit ausgebreitet, m\u00fcssen die Spieler bereit sein, es zur\u00fcckzulassen und sich nach einem anderen Volk umzusehen.<\/p>\n\n\n\n<p>Fans des Online-Spiels finden in <em><strong>Small World of Warcraft<\/strong><\/em> liebevoll gestaltete Details wieder, wie die Murlocs: ein Volk aufrechtgehender, amphibischer Humanoiden mit mehreren Reihen scharfer Z\u00e4hne und einer schuppigen mit Schleim \u00fcberzogenen Haut. Sie leben zu Beginn des Spiels \u00fcberall an Str\u00e4nden, Flussbetten und Seek\u00fcsten und kosten die Spieler wichtige V\u00f6lkerpl\u00e4ttchen. Genau so nervige Kreaturen, wie in der Online-Version.<\/p>\n\n\n\n<p><strong>Double Eisk\u00f6nigin II<\/strong><\/p>\n\n\n\n<figure class=\"wp-block-image size-large\"><img loading=\"lazy\" decoding=\"async\" width=\"828\" height=\"800\" src=\"http:\/\/leidhecker-heim-spiel.de\/wp-content\/uploads\/2020\/10\/DobbleFrozen2_3DBOXL_WEB.png\" alt=\"\" class=\"wp-image-345\" srcset=\"http:\/\/leidhecker-heim-spiel.de\/wp-content\/uploads\/2020\/10\/DobbleFrozen2_3DBOXL_WEB.png 828w, http:\/\/leidhecker-heim-spiel.de\/wp-content\/uploads\/2020\/10\/DobbleFrozen2_3DBOXL_WEB-300x290.png 300w, http:\/\/leidhecker-heim-spiel.de\/wp-content\/uploads\/2020\/10\/DobbleFrozen2_3DBOXL_WEB-768x742.png 768w\" sizes=\"auto, (max-width: 767px) 89vw, (max-width: 1000px) 54vw, (max-width: 1071px) 543px, 580px\" \/><figcaption>15+ Minuten<br>2 &#8211; 8 Spieler<br>Alter 6+<\/figcaption><\/figure>\n\n\n\n<p><em>Taucht mit Elsa und Anna in die Disneywelt der Eisk\u00f6nigin 2 ein. Nachdem ein Zauber \u00fcber Annas und Elsas Heimat ausbricht, begeben sich die zwei Prinzessinnen auf den Weg in den Zauberwald. Dabei lernen die Schwestern immer mehr \u00fcber ihren famili\u00e4ren Hintergrund und Elsas besondere F\u00e4higkeiten kennen. Bei <strong>Dobble Die Eisk\u00f6nigin 2<\/strong> k\u00f6nnt ihr nun&nbsp;<\/em><strong>Dobble<\/strong><em> mit den bekannten Figuren und Symbolen aus dem zweiten Teil der Eisk\u00f6nigin spielen. Wer von euch findet zuerst Olafs K\u00f6rper oder Elsa als das \u00fcbereinstimmende Symbol auf den Karten?<\/em><\/p>\n\n\n\n<p>Jetzt kommt <a href=\"https:\/\/asmodee.de\/dobble\"><em><strong>Dobble<\/strong><\/em><\/a> \u2013 das schnelle und lustige Reaktionsspiel \u2013 mit vielen Symbolen aus dem Film <em><strong>Die Eisk\u00f6nigin 2<\/strong><\/em>. Erkenne die Helden aus deinem Lieblingsfilm wieder und finde das einzigartige Symbol auf der Karte unter 5 weiteren Symbolen. Schnell reagiert und zack \u2013 du kannst gewinnen.<\/p>\n\n\n\n<p>Die Grafiken aus diesem Disneyklassiker machen dieses Spiel zu einem Muss f\u00fcr gro\u00dfe und kleine Fans von Elsa, Anna, Olaf und Co.<\/p>\n\n\n\n<p><em><strong>Dobble Die Eisk\u00f6nigin 2<\/strong><\/em> macht Spa\u00df in jeder Gruppe. Ob jung, ob alt, <em><strong>Dobble<\/strong><\/em> garantiert Spa\u00df, ist kurzweilig und kann auch mal schnell zwischendurch ausgepackt werden. Funktioniert auch \u00fcber Videochat und bringt genausoviel Spa\u00df.<br><br>Quelle: <a href=\"https:\/\/asmodee.de\">Asmodee<\/a><\/p>\n","protected":false},"excerpt":{"rendered":"<p>Wir freuen uns das Asmodee an unsere Spiel lokal mit folgenden Spielen vertreten ist: Munchkin Dungeon, Mia London, Small World of Worcraft, Double Eisk\u00f6nigin II Munchkin Dungeon K\u00e4mpft euch bei Munchkin Dungeon durch den Dungeon f\u00fcr Ruhm, Reichtum und nat\u00fcrlich die Chance, euren Freunden in den R\u00fccken zu fallen! Aber Achtung! Die Belohnungen werden zwar &hellip; <\/p>\n<p class=\"link-more\"><a href=\"http:\/\/leidhecker-heim-spiel.de\/?page_id=570\" class=\"more-link\"><span class=\"screen-reader-text\">\u201eAsmodee\u201c<\/span> weiterlesen<\/a><\/p>\n","protected":false},"author":1,"featured_media":0,"parent":0,"menu_order":0,"comment_status":"closed","ping_status":"closed","template":"","meta":{"footnotes":""},"class_list":["post-570","page","type-page","status-publish","hentry"],"_links":{"self":[{"href":"http:\/\/leidhecker-heim-spiel.de\/index.php?rest_route=\/wp\/v2\/pages\/570","targetHints":{"allow":["GET"]}}],"collection":[{"href":"http:\/\/leidhecker-heim-spiel.de\/index.php?rest_route=\/wp\/v2\/pages"}],"about":[{"href":"http:\/\/leidhecker-heim-spiel.de\/index.php?rest_route=\/wp\/v2\/types\/page"}],"author":[{"embeddable":true,"href":"http:\/\/leidhecker-heim-spiel.de\/index.php?rest_route=\/wp\/v2\/users\/1"}],"replies":[{"embeddable":true,"href":"http:\/\/leidhecker-heim-spiel.de\/index.php?rest_route=%2Fwp%2Fv2%2Fcomments&post=570"}],"version-history":[{"count":3,"href":"http:\/\/leidhecker-heim-spiel.de\/index.php?rest_route=\/wp\/v2\/pages\/570\/revisions"}],"predecessor-version":[{"id":593,"href":"http:\/\/leidhecker-heim-spiel.de\/index.php?rest_route=\/wp\/v2\/pages\/570\/revisions\/593"}],"wp:attachment":[{"href":"http:\/\/leidhecker-heim-spiel.de\/index.php?rest_route=%2Fwp%2Fv2%2Fmedia&parent=570"}],"curies":[{"name":"wp","href":"https:\/\/api.w.org\/{rel}","templated":true}]}}