{"id":668,"date":"2020-10-18T18:16:03","date_gmt":"2020-10-18T18:16:03","guid":{"rendered":"http:\/\/leidhecker-heim-spiel.de\/?page_id=668"},"modified":"2020-10-21T13:50:13","modified_gmt":"2020-10-21T13:50:13","slug":"heidelbaer","status":"publish","type":"page","link":"http:\/\/leidhecker-heim-spiel.de\/?page_id=668","title":{"rendered":"HeidelB\u00c4R"},"content":{"rendered":"\n<p><strong>SPIEL lokal 22.-25.10.20 \u2013 HeidelB\u00c4R<\/strong><\/p>\n\n\n\n<div class=\"wp-block-media-text alignwide is-stacked-on-mobile is-vertically-aligned-top\" style=\"grid-template-columns:28% auto\"><figure class=\"wp-block-media-text__media\"><img loading=\"lazy\" decoding=\"async\" width=\"722\" height=\"712\" src=\"http:\/\/leidhecker-heim-spiel.de\/wp-content\/uploads\/2020\/10\/HeidelBAER_Studio_LogoOmegaV5_TM-updated.png\" alt=\"\" class=\"wp-image-672\" srcset=\"http:\/\/leidhecker-heim-spiel.de\/wp-content\/uploads\/2020\/10\/HeidelBAER_Studio_LogoOmegaV5_TM-updated.png 722w, http:\/\/leidhecker-heim-spiel.de\/wp-content\/uploads\/2020\/10\/HeidelBAER_Studio_LogoOmegaV5_TM-updated-300x296.png 300w, http:\/\/leidhecker-heim-spiel.de\/wp-content\/uploads\/2020\/10\/HeidelBAER_Studio_LogoOmegaV5_TM-updated-100x100.png 100w\" sizes=\"auto, (max-width: 722px) 100vw, 722px\" \/><\/figure><div class=\"wp-block-media-text__content\">\n<p><strong>Anansi <\/strong>und <strong>Coyote <\/strong>sind Neuheiten von HeidelB\u00c4R auch hier heute die Nachricht, dass unsere Spiele in den Versand gegangen sind. Bis Samstag sollten sie, wenn alles glatt geht, zur SPIEL lokal in Leidhecken eintreffen.<\/p>\n\n\n\n<p class=\"has-small-font-size\"><br><\/p>\n<\/div><\/div>\n\n\n\n<p><strong>Anansi<\/strong><\/p>\n\n\n\n<div class=\"wp-block-media-text alignwide is-stacked-on-mobile is-vertically-aligned-top\" style=\"grid-template-columns:28% auto\"><figure class=\"wp-block-media-text__media\"><img loading=\"lazy\" decoding=\"async\" width=\"736\" height=\"1024\" src=\"http:\/\/leidhecker-heim-spiel.de\/wp-content\/uploads\/2020\/10\/Anansi_DE_cover_Web-736x1024.jpg\" alt=\"\" class=\"wp-image-670\" srcset=\"http:\/\/leidhecker-heim-spiel.de\/wp-content\/uploads\/2020\/10\/Anansi_DE_cover_Web-736x1024.jpg 736w, http:\/\/leidhecker-heim-spiel.de\/wp-content\/uploads\/2020\/10\/Anansi_DE_cover_Web-215x300.jpg 215w, http:\/\/leidhecker-heim-spiel.de\/wp-content\/uploads\/2020\/10\/Anansi_DE_cover_Web-768x1069.jpg 768w, http:\/\/leidhecker-heim-spiel.de\/wp-content\/uploads\/2020\/10\/Anansi_DE_cover_Web-1103x1536.jpg 1103w, http:\/\/leidhecker-heim-spiel.de\/wp-content\/uploads\/2020\/10\/Anansi_DE_cover_Web.jpg 1257w\" sizes=\"auto, (max-width: 736px) 100vw, 736px\" \/><\/figure><div class=\"wp-block-media-text__content\">\n<p><em>Manche sagen Anansi sei ein Schwindler \u2013 auf jeden Fall ist er eine Spinne und manchmal sogar ein Mensch. Doch lasst mich euch erz\u00e4hlen, warum er auch der \u201eH\u00fcter der Geschichten\u201c genannt wird.<br>Eines Tages beschloss Anansi s\u00e4mtliche Geschichten besitzen zu wollen, um der Weiseste von allen zu werden. Nach vielen Jahren hatte er sein Ziel erreicht, doch er f\u00fchlte sich kein bisschen weiser als zuvor. Schlie\u00dflich erkannte er, dass wahre Weisheit nicht erlangt wird, indem man sie f\u00fcr sich beh\u00e4lt. Also entschied Anansi seine Geschichten mit den Menschen zu teilen, um sie zu inspirieren.<br>Und ob ihr es glaubt oder nicht, so ist dieses Spiel entstanden!<\/em><br>In diesem Kartenspiel von <a href=\"https:\/\/heidelbaer.de\/interview-mit-jim-dratwa-cyril-blondel\/\">Cyril Blondel und Jim Dratwa<\/a> solltet ihr euch gut \u00fcberlegen, welchen Stich ihr machen wollt! Jeder Stich-Stapel steht f\u00fcr eine Geschichte, aber Geschichten, die nicht erz\u00e4hlt werden, sind nur wenig wert. K\u00f6nnt ihr Zuh\u00f6rer gewinnen \u2013 indem ihr eine Karte nicht in den Stich spielt, sondern f\u00fcr ihre angegebene Anzahl an Zuh\u00f6rern ausspielt \u2013 k\u00f6nnt ihr jedem Zuh\u00f6rern eine eurer Geschichte erz\u00e4hlen, um ihn zu inspirieren. Es sollte immer euer Ziel sein, all eure Zuh\u00f6rer zu inspirieren, denn das verschafft euch die Gunst des Tricksters Anansi und damit Bonuspunkte.<br>Da die Karten, die gespielt werden, um Zuh\u00f6rer zu gewinnen, die Trumpffarbe beeinflussen k\u00f6nnen, kann der Trumpf in einem Spiel mehrmals wechseln. Es liegt an euch, sich auf die ver\u00e4nderte Situation einzustellen!<\/p>\n\n\n\n<p class=\"has-small-font-size\"><strong>Alter:<\/strong> ab 10 Jahren, <strong>Spieleranzahl:<\/strong> 3-5 Spieler, <strong>Spieldauer:<\/strong> 30 Minuten<\/p>\n<\/div><\/div>\n\n\n\n<p><strong>Coyote<\/strong><\/p>\n\n\n\n<div class=\"wp-block-media-text alignwide is-stacked-on-mobile is-vertically-aligned-top\" style=\"grid-template-columns:28% auto\"><figure class=\"wp-block-media-text__media\"><img loading=\"lazy\" decoding=\"async\" width=\"726\" height=\"1024\" src=\"http:\/\/leidhecker-heim-spiel.de\/wp-content\/uploads\/2020\/10\/Coyote_Cover_GER_Web-726x1024.jpg\" alt=\"\" class=\"wp-image-671\" srcset=\"http:\/\/leidhecker-heim-spiel.de\/wp-content\/uploads\/2020\/10\/Coyote_Cover_GER_Web-726x1024.jpg 726w, http:\/\/leidhecker-heim-spiel.de\/wp-content\/uploads\/2020\/10\/Coyote_Cover_GER_Web-213x300.jpg 213w, http:\/\/leidhecker-heim-spiel.de\/wp-content\/uploads\/2020\/10\/Coyote_Cover_GER_Web-768x1083.jpg 768w, http:\/\/leidhecker-heim-spiel.de\/wp-content\/uploads\/2020\/10\/Coyote_Cover_GER_Web-1090x1536.jpg 1090w, http:\/\/leidhecker-heim-spiel.de\/wp-content\/uploads\/2020\/10\/Coyote_Cover_GER_Web.jpg 1240w\" sizes=\"auto, (max-width: 726px) 100vw, 726px\" \/><\/figure><div class=\"wp-block-media-text__content\">\n<p><em>Eines Tages, als Coyote mit seinen Freunden den Fluss \u00fcberquerte, w\u00e4re er beinah ertrunken und verlor dabei alles was er bei sich trug. Der arme Coyote wurde sehr traurig \u2026 und auch neidisch. Also forderte er die anderen Tiere zu einem Spiel heraus, um deren Habe zu gewinnen. Da er ein ber\u00fcchtigter Schwindler war, erfand er ein Spiel, bei dem kr\u00e4ftig geblufft werden durfte. Ger\u00fcchten zufolge ist es diesem Spiel hier sehr \u00e4hnlich gewesen!<\/em><br>In diesem Bluff-Spiel von <a href=\"https:\/\/heidelbaer.de\/interview-mit-spartaco-albertarelli\/\">Spartaco Albertarelli<\/a> seht ihr immer nur die Karten der anderen, aber nie eure eigene. Wer an der Reihe ist, muss eine Zahl ansagen, die unter der Gesamtsumme aller Karten im Spiel liegt, und dabei die letztgenannte Zahl erh\u00f6hen. Alternativ kann die vorher angesagte Zahl auch angezweifelt werden. Wenn dann alle Karten offengelegt werden, erweist sich, wer den schlauen Coyoten auf seiner Seite hat.<\/p>\n\n\n\n<p class=\"has-small-font-size\"><strong>Alter:<\/strong> ab 10 Jahren, <strong>Spieleranzahl:<\/strong>&nbsp; 3-6 Spieler, <strong>Spieldauer:<\/strong> 20 Minuten<\/p>\n<\/div><\/div>\n\n\n\n<p>Quelle: <a href=\"https:\/\/heidelbaer.de\">HeidelB\u00c4R<\/a> <\/p>\n","protected":false},"excerpt":{"rendered":"<p>SPIEL lokal 22.-25.10.20 \u2013 HeidelB\u00c4R Anansi und Coyote sind Neuheiten von HeidelB\u00c4R auch hier heute die Nachricht, dass unsere Spiele in den Versand gegangen sind. Bis Samstag sollten sie, wenn alles glatt geht, zur SPIEL lokal in Leidhecken eintreffen. Anansi Manche sagen Anansi sei ein Schwindler \u2013 auf jeden Fall ist er eine Spinne und &hellip; <\/p>\n<p class=\"link-more\"><a href=\"http:\/\/leidhecker-heim-spiel.de\/?page_id=668\" class=\"more-link\"><span class=\"screen-reader-text\">\u201eHeidelB\u00c4R\u201c<\/span> weiterlesen<\/a><\/p>\n","protected":false},"author":1,"featured_media":0,"parent":0,"menu_order":0,"comment_status":"closed","ping_status":"closed","template":"","meta":{"footnotes":""},"class_list":["post-668","page","type-page","status-publish","hentry"],"_links":{"self":[{"href":"http:\/\/leidhecker-heim-spiel.de\/index.php?rest_route=\/wp\/v2\/pages\/668","targetHints":{"allow":["GET"]}}],"collection":[{"href":"http:\/\/leidhecker-heim-spiel.de\/index.php?rest_route=\/wp\/v2\/pages"}],"about":[{"href":"http:\/\/leidhecker-heim-spiel.de\/index.php?rest_route=\/wp\/v2\/types\/page"}],"author":[{"embeddable":true,"href":"http:\/\/leidhecker-heim-spiel.de\/index.php?rest_route=\/wp\/v2\/users\/1"}],"replies":[{"embeddable":true,"href":"http:\/\/leidhecker-heim-spiel.de\/index.php?rest_route=%2Fwp%2Fv2%2Fcomments&post=668"}],"version-history":[{"count":8,"href":"http:\/\/leidhecker-heim-spiel.de\/index.php?rest_route=\/wp\/v2\/pages\/668\/revisions"}],"predecessor-version":[{"id":713,"href":"http:\/\/leidhecker-heim-spiel.de\/index.php?rest_route=\/wp\/v2\/pages\/668\/revisions\/713"}],"wp:attachment":[{"href":"http:\/\/leidhecker-heim-spiel.de\/index.php?rest_route=%2Fwp%2Fv2%2Fmedia&parent=668"}],"curies":[{"name":"wp","href":"https:\/\/api.w.org\/{rel}","templated":true}]}}