{"id":789,"date":"2021-09-02T09:23:32","date_gmt":"2021-09-02T09:23:32","guid":{"rendered":"http:\/\/leidhecker-heim-spiel.de\/?page_id=789"},"modified":"2021-09-02T09:56:02","modified_gmt":"2021-09-02T09:56:02","slug":"anmeldung-zu-stadt-land-spielt-am-11-09-2021","status":"publish","type":"page","link":"http:\/\/leidhecker-heim-spiel.de\/?page_id=789","title":{"rendered":"Anmeldung zu Stadt Land spielt! Am 11.09.2021"},"content":{"rendered":"\n<p>Hier k\u00f6nnt Ihr euch zur SLS 2021 in Leidhecken anmelden. Die Anmeldung ben\u00f6tigen wir um besser planen zu k\u00f6nnen.<br>F\u00fcr die Veranstaltung gelten die aktuellen Verordnungen f\u00fcr Hessen und den Wetteraukreis. Bitte denkt auch an die 3G Regel und das ein Nachweis erforderlich ist.<\/p>\n\n\n\n<p>Wenn Ihr Fragen habt k\u00f6nnt Ihr gerne eine e-Mail an <br>munds(at)leidhecker-heim-spiel.de schicken.<\/p>\n\n\n\n<p><strong>Anneldung zu Stadt Land spielt! am 11.09.2021<\/strong><\/p>\n\n\n<div class=\"wpforms-container wpforms-container-full wpforms-block\" id=\"wpforms-777\"><form id=\"wpforms-form-777\" class=\"wpforms-validate wpforms-form\" data-formid=\"777\" method=\"post\" enctype=\"multipart\/form-data\" action=\"\/index.php?rest_route=%2Fwp%2Fv2%2Fpages%2F789\" data-token=\"86866f3f7ce0f8cf8febfa5767e68a77\" data-token-time=\"1776327605\"><noscript class=\"wpforms-error-noscript\">Bitte aktiviere JavaScript in deinem Browser, um dieses Formular fertigzustellen.<\/noscript><div class=\"wpforms-field-container\"><div id=\"wpforms-777-field_1-container\" class=\"wpforms-field wpforms-field-name\" data-field-id=\"1\"><label class=\"wpforms-field-label\">Name <span class=\"wpforms-required-label\">*<\/span><\/label><div class=\"wpforms-field-row wpforms-field-large\"><div class=\"wpforms-field-row-block wpforms-first wpforms-one-half\"><input type=\"text\" id=\"wpforms-777-field_1\" class=\"wpforms-field-name-first wpforms-field-required\" name=\"wpforms[fields][1][first]\" required><label for=\"wpforms-777-field_1\" class=\"wpforms-field-sublabel after\">Vorname<\/label><\/div><div class=\"wpforms-field-row-block wpforms-one-half\"><input type=\"text\" id=\"wpforms-777-field_1-last\" class=\"wpforms-field-name-last wpforms-field-required\" name=\"wpforms[fields][1][last]\" required><label for=\"wpforms-777-field_1-last\" class=\"wpforms-field-sublabel after\">Nachname<\/label><\/div><\/div><\/div><div id=\"wpforms-777-field_2-container\" class=\"wpforms-field wpforms-field-email\" data-field-id=\"2\"><label class=\"wpforms-field-label\">E-Mail <span class=\"wpforms-required-label\">*<\/span><\/label><div class=\"wpforms-field-row wpforms-field-large\"><div class=\"wpforms-field-row-block wpforms-one-half wpforms-first\"><input type=\"email\" id=\"wpforms-777-field_2\" class=\"wpforms-field-required wpforms-field-email-primary\" name=\"wpforms[fields][2][primary]\" spellcheck=\"false\" required><label for=\"wpforms-777-field_2\" class=\"wpforms-field-sublabel after\">E-Mail-Adresse<\/label><\/div><div class=\"wpforms-field-row-block wpforms-one-half\"><input type=\"email\" id=\"wpforms-777-field_2-secondary\" class=\"wpforms-field-email-secondary wpforms-field-required\" data-rule-confirm=\"#wpforms-777-field_2\" name=\"wpforms[fields][2][secondary]\" spellcheck=\"false\" required><label for=\"wpforms-777-field_2-secondary\" class=\"wpforms-field-sublabel after\">E-Mail best\u00e4tigen<\/label><\/div><\/div><\/div><div id=\"wpforms-777-field_3-container\" class=\"wpforms-field wpforms-field-select wpforms-field-select-style-modern\" data-field-id=\"3\"><label class=\"wpforms-field-label\" for=\"wpforms-777-field_3\">Anzahl Personen <span class=\"wpforms-required-label\">*<\/span><\/label><select id=\"wpforms-777-field_3\" class=\"wpforms-field-small wpforms-field-required choicesjs-select\" data-size-class=\"wpforms-field-row wpforms-field-small\" data-search-enabled=\"\" name=\"wpforms[fields][3]\" required=\"required\"><option value=\"\" class=\"placeholder\" disabled  selected='selected'><\/option><option value=\"1\"  class=\"choice-1 depth-1\"  >1<\/option><option value=\"2\"  class=\"choice-2 depth-1\"  >2<\/option><option value=\"3\"  class=\"choice-3 depth-1\"  >3<\/option><option value=\"4\"  class=\"choice-4 depth-1\"  >4<\/option><option value=\"5\"  class=\"choice-5 depth-1\"  >5<\/option><option value=\"6\"  class=\"choice-6 depth-1\"  >6<\/option><\/select><\/div><div id=\"wpforms-777-field_12-container\" class=\"wpforms-field wpforms-field-radio\" data-field-id=\"12\"><label class=\"wpforms-field-label\">Samstag 11.09.2021<\/label><ul id=\"wpforms-777-field_12\"><li class=\"choice-5 depth-1\"><input type=\"radio\" id=\"wpforms-777-field_12_5\" name=\"wpforms[fields][12]\" value=\"Leider nein\"  ><label class=\"wpforms-field-label-inline\" for=\"wpforms-777-field_12_5\">Leider nein<\/label><\/li><li class=\"choice-7 depth-1\"><input type=\"radio\" id=\"wpforms-777-field_12_7\" name=\"wpforms[fields][12]\" value=\"10.00 Uhr\"  ><label class=\"wpforms-field-label-inline\" for=\"wpforms-777-field_12_7\">10.00 Uhr<\/label><\/li><li class=\"choice-2 depth-1\"><input type=\"radio\" id=\"wpforms-777-field_12_2\" name=\"wpforms[fields][12]\" value=\"12.00 Uhr\"  ><label class=\"wpforms-field-label-inline\" for=\"wpforms-777-field_12_2\">12.00 Uhr<\/label><\/li><li class=\"choice-3 depth-1\"><input type=\"radio\" id=\"wpforms-777-field_12_3\" name=\"wpforms[fields][12]\" value=\"14.00 Uhr\"  ><label class=\"wpforms-field-label-inline\" for=\"wpforms-777-field_12_3\">14.00 Uhr<\/label><\/li><li class=\"choice-4 depth-1\"><input type=\"radio\" id=\"wpforms-777-field_12_4\" name=\"wpforms[fields][12]\" value=\"16.00 Uhr\"  ><label class=\"wpforms-field-label-inline\" for=\"wpforms-777-field_12_4\">16.00 Uhr<\/label><\/li><li class=\"choice-6 depth-1\"><input type=\"radio\" id=\"wpforms-777-field_12_6\" name=\"wpforms[fields][12]\" value=\"doch nicht\"  ><label class=\"wpforms-field-label-inline\" for=\"wpforms-777-field_12_6\">doch nicht<\/label><\/li><\/ul><div class=\"wpforms-field-description\">Die Angegebenen Zeiten sind dazu da den Einlass besser zu organisieren. Die Anmeldung zu einer Zeit haben keinen Einfluss auf die Verweildauer.<\/div><\/div><div id=\"wpforms-777-field_15-container\" class=\"wpforms-field wpforms-field-textarea\" data-field-id=\"15\"><label class=\"wpforms-field-label\" for=\"wpforms-777-field_15\">Nachricht an uns<\/label><textarea id=\"wpforms-777-field_15\" class=\"wpforms-field-medium\" name=\"wpforms[fields][15]\" ><\/textarea><\/div><\/div><!-- .wpforms-field-container --><div class=\"wpforms-submit-container\" ><input type=\"hidden\" name=\"wpforms[id]\" value=\"777\"><input type=\"hidden\" name=\"page_title\" value=\"\"><input type=\"hidden\" name=\"page_url\" value=\"http:\/\/leidhecker-heim-spiel.de\/index.php?rest_route=\/wp\/v2\/pages\/789\"><input type=\"hidden\" name=\"url_referer\" value=\"\"><button type=\"submit\" name=\"wpforms[submit]\" id=\"wpforms-submit-777\" class=\"wpforms-submit\" data-alt-text=\"Senden...\" data-submit-text=\"Absenden\" aria-live=\"assertive\" value=\"wpforms-submit\">Absenden<\/button><\/div><\/form><\/div>  <!-- .wpforms-container -->","protected":false},"excerpt":{"rendered":"<p>Hier k\u00f6nnt Ihr euch zur SLS 2021 in Leidhecken anmelden. Die Anmeldung ben\u00f6tigen wir um besser planen zu k\u00f6nnen.F\u00fcr die Veranstaltung gelten die aktuellen Verordnungen f\u00fcr Hessen und den Wetteraukreis. Bitte denkt auch an die 3G Regel und das ein Nachweis erforderlich ist. Wenn Ihr Fragen habt k\u00f6nnt Ihr gerne eine e-Mail an munds(at)leidhecker-heim-spiel.de schicken. &hellip; <\/p>\n<p class=\"link-more\"><a href=\"http:\/\/leidhecker-heim-spiel.de\/?page_id=789\" class=\"more-link\"><span class=\"screen-reader-text\">\u201eAnmeldung zu Stadt Land spielt! Am 11.09.2021\u201c<\/span> weiterlesen<\/a><\/p>\n","protected":false},"author":1,"featured_media":0,"parent":0,"menu_order":0,"comment_status":"closed","ping_status":"closed","template":"","meta":{"footnotes":""},"class_list":["post-789","page","type-page","status-publish","hentry"],"_links":{"self":[{"href":"http:\/\/leidhecker-heim-spiel.de\/index.php?rest_route=\/wp\/v2\/pages\/789","targetHints":{"allow":["GET"]}}],"collection":[{"href":"http:\/\/leidhecker-heim-spiel.de\/index.php?rest_route=\/wp\/v2\/pages"}],"about":[{"href":"http:\/\/leidhecker-heim-spiel.de\/index.php?rest_route=\/wp\/v2\/types\/page"}],"author":[{"embeddable":true,"href":"http:\/\/leidhecker-heim-spiel.de\/index.php?rest_route=\/wp\/v2\/users\/1"}],"replies":[{"embeddable":true,"href":"http:\/\/leidhecker-heim-spiel.de\/index.php?rest_route=%2Fwp%2Fv2%2Fcomments&post=789"}],"version-history":[{"count":4,"href":"http:\/\/leidhecker-heim-spiel.de\/index.php?rest_route=\/wp\/v2\/pages\/789\/revisions"}],"predecessor-version":[{"id":799,"href":"http:\/\/leidhecker-heim-spiel.de\/index.php?rest_route=\/wp\/v2\/pages\/789\/revisions\/799"}],"wp:attachment":[{"href":"http:\/\/leidhecker-heim-spiel.de\/index.php?rest_route=%2Fwp%2Fv2%2Fmedia&parent=789"}],"curies":[{"name":"wp","href":"https:\/\/api.w.org\/{rel}","templated":true}]}}