{"id":11,"date":"2020-02-13T21:35:25","date_gmt":"2020-02-13T21:35:25","guid":{"rendered":"http:\/\/leidhecker-heim-spiel.de\/?page_id=11"},"modified":"2020-10-15T05:01:11","modified_gmt":"2020-10-15T05:01:11","slug":"wer-sind-wir","status":"publish","type":"page","link":"https:\/\/leidhecker-heim-spiel.de\/?page_id=11","title":{"rendered":"Wer sind wir"},"content":{"rendered":"\n<figure class=\"wp-block-image size-large\"><img loading=\"lazy\" decoding=\"async\" width=\"1024\" height=\"210\" src=\"http:\/\/leidhecker-heim-spiel.de\/wp-content\/uploads\/2020\/10\/LogoCIneu-KopfbogenHeader-1-1024x210.jpg\" alt=\"\" class=\"wp-image-287\" srcset=\"https:\/\/leidhecker-heim-spiel.de\/wp-content\/uploads\/2020\/10\/LogoCIneu-KopfbogenHeader-1-1024x210.jpg 1024w, https:\/\/leidhecker-heim-spiel.de\/wp-content\/uploads\/2020\/10\/LogoCIneu-KopfbogenHeader-1-300x62.jpg 300w, https:\/\/leidhecker-heim-spiel.de\/wp-content\/uploads\/2020\/10\/LogoCIneu-KopfbogenHeader-1-768x158.jpg 768w, https:\/\/leidhecker-heim-spiel.de\/wp-content\/uploads\/2020\/10\/LogoCIneu-KopfbogenHeader-1-1536x315.jpg 1536w\" sizes=\"auto, (max-width: 767px) 89vw, (max-width: 1000px) 54vw, (max-width: 1071px) 543px, 580px\" \/><\/figure>\n\n\n\n<p>Der Spieleclub HeimSpiel erblickte im September 2012 das Licht der Welt.<br>Nach zwei Jahren des privaten Spielens hatten wir (Marcus, Angelika, Uschy und Steffi) die Idee uns nicht mehr privat, sondern \u00f6ffentlich zu treffen. Ein Name f\u00fcr den Club musste her und wir entschieden uns die Buchstaben unserer Vornamen Sinnvoll anzuordnen.<br>Der Name war gefunden&#8230;. MAUS.<br>Im Rahmen eines Spielfestes im Juni 2012 rafften wir unsere Spiele zusammen und luden die Leidhecker zum ersten \u00f6ffentlichen Spieletag ein. Mit gro\u00dfem Erfolg, denn die Resonanz war \u00fcberw\u00e4ltigend. Aus dieser Erfahrung resultierte dann die Idee einmal im Monat ein \u00f6ffentliches spielen anzubieten. Der Sportverein unterst\u00fctzte uns in der Form das wir f\u00fcr unser Treffen die R\u00e4umlichkeiten des Vereins nutzen konnten.<br>Aus MAUS wurde nun HeimSpiel, weil wir im SportHeim spielen und die Fu\u00dfballer auch Heimspiele haben.<br><br>Der Spieleclub Heimspiel war geboren.<\/p>\n\n\n\n<p><br><br><\/p>\n","protected":false},"excerpt":{"rendered":"<p>Der Spieleclub HeimSpiel erblickte im September 2012 das Licht der Welt.Nach zwei Jahren des privaten Spielens hatten wir (Marcus, Angelika, Uschy und Steffi) die Idee uns nicht mehr privat, sondern \u00f6ffentlich zu treffen. Ein Name f\u00fcr den Club musste her und wir entschieden uns die Buchstaben unserer Vornamen Sinnvoll anzuordnen.Der Name war gefunden&#8230;. MAUS.Im Rahmen &hellip; <\/p>\n<p class=\"link-more\"><a href=\"https:\/\/leidhecker-heim-spiel.de\/?page_id=11\" class=\"more-link\"><span class=\"screen-reader-text\">\u201eWer sind wir\u201c<\/span> weiterlesen<\/a><\/p>\n","protected":false},"author":1,"featured_media":0,"parent":0,"menu_order":0,"comment_status":"closed","ping_status":"closed","template":"","meta":{"footnotes":""},"class_list":["post-11","page","type-page","status-publish","hentry"],"_links":{"self":[{"href":"https:\/\/leidhecker-heim-spiel.de\/index.php?rest_route=\/wp\/v2\/pages\/11","targetHints":{"allow":["GET"]}}],"collection":[{"href":"https:\/\/leidhecker-heim-spiel.de\/index.php?rest_route=\/wp\/v2\/pages"}],"about":[{"href":"https:\/\/leidhecker-heim-spiel.de\/index.php?rest_route=\/wp\/v2\/types\/page"}],"author":[{"embeddable":true,"href":"https:\/\/leidhecker-heim-spiel.de\/index.php?rest_route=\/wp\/v2\/users\/1"}],"replies":[{"embeddable":true,"href":"https:\/\/leidhecker-heim-spiel.de\/index.php?rest_route=%2Fwp%2Fv2%2Fcomments&post=11"}],"version-history":[{"count":11,"href":"https:\/\/leidhecker-heim-spiel.de\/index.php?rest_route=\/wp\/v2\/pages\/11\/revisions"}],"predecessor-version":[{"id":426,"href":"https:\/\/leidhecker-heim-spiel.de\/index.php?rest_route=\/wp\/v2\/pages\/11\/revisions\/426"}],"wp:attachment":[{"href":"https:\/\/leidhecker-heim-spiel.de\/index.php?rest_route=%2Fwp%2Fv2%2Fmedia&parent=11"}],"curies":[{"name":"wp","href":"https:\/\/api.w.org\/{rel}","templated":true}]}}